{"id":22879,"date":"2025-10-16T22:24:10","date_gmt":"2025-10-16T20:24:10","guid":{"rendered":"https:\/\/www.benevolenti.com\/?post_type=product&#038;p=22879"},"modified":"2026-04-15T07:39:15","modified_gmt":"2026-04-15T05:39:15","slug":"halskette-alpine-eibenbeere","status":"publish","type":"product","link":"https:\/\/www.benevolenti.com\/de\/produkt\/halskette-alpine-eibenbeere\/","title":{"rendered":"HALSKETTE Alpine Eibenbeere"},"content":{"rendered":"<p>In den Alpen gefundene Edelsteine, zu Kugeln geschliffen, gelocht und als Anh\u00e4nger mit der BENEVOLENTI Eibenbeere veredelt. An einer feinen Halskette aus (vergoldetem) Silber liegt sie mit 42cm L\u00e4nge perfekt f\u00fcr ihre Gr\u00f6sse. Gerne schreibe ich einen pers\u00f6nlichen Wunsch auf die Karte!<\/p>\n<p>Im Moment sind folgende Gr\u00f6ssen in Silber oder vergoldetem Silber erh\u00e4ltlich (auf den Fotos sind die 8mm Gr\u00f6ssen abgebildet):<\/p>\n<p>Bergkristall in MAXI (8mm)<br \/>\nCristallina Marmor in MIDI (6mm)<br \/>\nNephrit-Jade in MAXI (8mm)<br \/>\nSerpentin in MAXI (8mm)<br \/>\nPyrit in MAXI (8mm)<\/p>\n","protected":false},"excerpt":{"rendered":"<p>In den Alpen gefundene Edelsteine, zu Kugeln geschliffen, gelocht und als Anh\u00e4nger mit der BENEVOLENTI Eibenbeere veredelt. An einer feinen Halskette aus (vergoldetem) Silber liegt sie mit 42cm L\u00e4nge perfekt f\u00fcr ihre Gr\u00f6sse. Gerne schreibe ich einen pers\u00f6nlichen Wunsch auf die Karte! Im Moment sind folgende Gr\u00f6ssen in Silber oder&#8230; <a class=\"more-link\" href=\"https:\/\/www.benevolenti.com\/de\/produkt\/halskette-alpine-eibenbeere\/\">Mehr<\/a><\/p>\n","protected":false},"featured_media":22880,"comment_status":"open","ping_status":"closed","template":"","meta":[],"product_brand":[],"product_cat":[734],"product_tag":[615,245,242,710],"class_list":{"0":"post-22879","1":"product","2":"type-product","3":"status-publish","4":"has-post-thumbnail","6":"product_cat-alpine","7":"product_tag-bergkristall","8":"product_tag-jade-de","9":"product_tag-pyrit","10":"product_tag-serpentin","12":"first","13":"instock","14":"shipping-taxable","15":"purchasable","16":"product-type-variable","17":"has-default-attributes"},"jetpack_sharing_enabled":true,"_links":{"self":[{"href":"https:\/\/www.benevolenti.com\/de\/wp-json\/wp\/v2\/product\/22879","targetHints":{"allow":["GET"]}}],"collection":[{"href":"https:\/\/www.benevolenti.com\/de\/wp-json\/wp\/v2\/product"}],"about":[{"href":"https:\/\/www.benevolenti.com\/de\/wp-json\/wp\/v2\/types\/product"}],"replies":[{"embeddable":true,"href":"https:\/\/www.benevolenti.com\/de\/wp-json\/wp\/v2\/comments?post=22879"}],"wp:featuredmedia":[{"embeddable":true,"href":"https:\/\/www.benevolenti.com\/de\/wp-json\/wp\/v2\/media\/22880"}],"wp:attachment":[{"href":"https:\/\/www.benevolenti.com\/de\/wp-json\/wp\/v2\/media?parent=22879"}],"wp:term":[{"taxonomy":"product_brand","embeddable":true,"href":"https:\/\/www.benevolenti.com\/de\/wp-json\/wp\/v2\/product_brand?post=22879"},{"taxonomy":"product_cat","embeddable":true,"href":"https:\/\/www.benevolenti.com\/de\/wp-json\/wp\/v2\/product_cat?post=22879"},{"taxonomy":"product_tag","embeddable":true,"href":"https:\/\/www.benevolenti.com\/de\/wp-json\/wp\/v2\/product_tag?post=22879"}],"curies":[{"name":"wp","href":"https:\/\/api.w.org\/{rel}","templated":true}]}}