{"id":22869,"date":"2025-10-16T21:59:41","date_gmt":"2025-10-16T19:59:41","guid":{"rendered":"https:\/\/www.benevolenti.com\/?post_type=product&#038;p=22869"},"modified":"2026-04-15T08:00:10","modified_gmt":"2026-04-15T06:00:10","slug":"armkette-alpin-pur","status":"publish","type":"product","link":"https:\/\/www.benevolenti.com\/de\/produkt\/armkette-alpin-pur\/","title":{"rendered":"ARMKETTE Alpin pur"},"content":{"rendered":"<p>Marmor oder Jade aus den Schweizer Alpen, 925 Sterlingsilber und kleine Kugeln aus (vergoldetem) Silber. Damit die Steine langj\u00e4hrige Begleiter werden. Genauso werden sie auch im Heimatwerk an der Urania in Z\u00fcrich verkauft.<\/p>\n<p>Die Beschreibung der Steinwirkungen sind w\u00e4hlbar in Englisch oder Deutsch, den Wunsch kann ich gerne noch personalisieren, einfach ins Feld beim Checkout schreiben!<\/p>\n","protected":false},"excerpt":{"rendered":"<p>Marmor oder Jade aus den Schweizer Alpen, 925 Sterlingsilber und kleine Kugeln aus (vergoldetem) Silber. Damit die Steine langj\u00e4hrige Begleiter werden. Genauso werden sie auch im Heimatwerk an der Urania in Z\u00fcrich verkauft. Die Beschreibung der Steinwirkungen sind w\u00e4hlbar in Englisch oder Deutsch, den Wunsch kann ich gerne noch personalisieren,&#8230; <a class=\"more-link\" href=\"https:\/\/www.benevolenti.com\/de\/produkt\/armkette-alpin-pur\/\">Mehr<\/a><\/p>\n","protected":false},"featured_media":22874,"comment_status":"open","ping_status":"closed","template":"","meta":[],"product_brand":[],"product_cat":[734],"product_tag":[245],"class_list":{"0":"post-22869","1":"product","2":"type-product","3":"status-publish","4":"has-post-thumbnail","6":"product_cat-alpine","7":"product_tag-jade-de","9":"first","10":"instock","11":"shipping-taxable","12":"purchasable","13":"product-type-variable","14":"has-default-attributes"},"jetpack_sharing_enabled":true,"_links":{"self":[{"href":"https:\/\/www.benevolenti.com\/de\/wp-json\/wp\/v2\/product\/22869","targetHints":{"allow":["GET"]}}],"collection":[{"href":"https:\/\/www.benevolenti.com\/de\/wp-json\/wp\/v2\/product"}],"about":[{"href":"https:\/\/www.benevolenti.com\/de\/wp-json\/wp\/v2\/types\/product"}],"replies":[{"embeddable":true,"href":"https:\/\/www.benevolenti.com\/de\/wp-json\/wp\/v2\/comments?post=22869"}],"wp:featuredmedia":[{"embeddable":true,"href":"https:\/\/www.benevolenti.com\/de\/wp-json\/wp\/v2\/media\/22874"}],"wp:attachment":[{"href":"https:\/\/www.benevolenti.com\/de\/wp-json\/wp\/v2\/media?parent=22869"}],"wp:term":[{"taxonomy":"product_brand","embeddable":true,"href":"https:\/\/www.benevolenti.com\/de\/wp-json\/wp\/v2\/product_brand?post=22869"},{"taxonomy":"product_cat","embeddable":true,"href":"https:\/\/www.benevolenti.com\/de\/wp-json\/wp\/v2\/product_cat?post=22869"},{"taxonomy":"product_tag","embeddable":true,"href":"https:\/\/www.benevolenti.com\/de\/wp-json\/wp\/v2\/product_tag?post=22869"}],"curies":[{"name":"wp","href":"https:\/\/api.w.org\/{rel}","templated":true}]}}