{"id":22833,"date":"2025-10-16T20:43:18","date_gmt":"2025-10-16T18:43:18","guid":{"rendered":"https:\/\/www.benevolenti.com\/?post_type=product&#038;p=22833"},"modified":"2025-10-16T21:06:36","modified_gmt":"2025-10-16T19:06:36","slug":"eibenbeere-schweizer-st","status":"publish","type":"product","link":"https:\/\/www.benevolenti.com\/de\/produkt\/eibenbeere-schweizer-st\/","title":{"rendered":"EIBENBEERE Schweizer Steine"},"content":{"rendered":"<p>In den Alpen gefundene Edelsteine, zu Kugeln geschliffen, gelocht und als Anh\u00e4nger mit der BENEVOLENTI Eibenbeere veredelt. Sourced in Switzerland und handmade in Zurich.<\/p>\n<p>Sie passen als Geschenk zum Abschied einer Mitarbeiterin, die ab jetzt im Ausland arbeiten wird, als Geburtstagsgeschenk f\u00fcr die Tante in Australien oder als ein Mitbringsel f\u00fcr die Gastfamilie des Sprachaufenthalts. Oder als kleine Energiebombe f\u00fcr sich selber. Gerne schreibe ich einen pers\u00f6nlichen Wunsch auf die Karte!<\/p>\n<p>Ob als Anh\u00e4nger f\u00fcr Halskette oder Kreolen, zum Einhaken an ein Bettelarmband oder zum Einf\u00e4deln an ein Seidenband, die Oese passt immer.<\/p>\n<p>Im Moment sind folgende Gr\u00f6ssen in Silber oder vergoldetem Silber erh\u00e4ltlich:<\/p>\n<p>Bergkristall in MINI (4mm) und MAXI (8mm)<br \/>\nCristallina Marmor in MIDI (6mm)<br \/>\nNephrit-Jade in MAXI (8mm) und in MIDI (6mm)<br \/>\nSerpentin in MAXI (8mm)<br \/>\nPyrit in MAXI (8mm)<\/p>\n","protected":false},"excerpt":{"rendered":"<p>In den Alpen gefundene Edelsteine, zu Kugeln geschliffen, gelocht und als Anh\u00e4nger mit der BENEVOLENTI Eibenbeere veredelt. Sourced in Switzerland und handmade in Zurich. Sie passen als Geschenk zum Abschied einer Mitarbeiterin, die ab jetzt im Ausland arbeiten wird, als Geburtstagsgeschenk f\u00fcr die Tante in Australien oder als ein Mitbringsel&#8230; <a class=\"more-link\" href=\"https:\/\/www.benevolenti.com\/de\/produkt\/eibenbeere-schweizer-st\/\">Mehr<\/a><\/p>\n","protected":false},"featured_media":22835,"comment_status":"open","ping_status":"closed","template":"","meta":[],"product_brand":[],"product_cat":[199,734],"product_tag":[],"class_list":{"0":"post-22833","1":"product","2":"type-product","3":"status-publish","4":"has-post-thumbnail","6":"product_cat-neu","7":"product_cat-alpine","9":"first","10":"instock","11":"shipping-taxable","12":"purchasable","13":"product-type-variable"},"jetpack_sharing_enabled":true,"_links":{"self":[{"href":"https:\/\/www.benevolenti.com\/de\/wp-json\/wp\/v2\/product\/22833","targetHints":{"allow":["GET"]}}],"collection":[{"href":"https:\/\/www.benevolenti.com\/de\/wp-json\/wp\/v2\/product"}],"about":[{"href":"https:\/\/www.benevolenti.com\/de\/wp-json\/wp\/v2\/types\/product"}],"replies":[{"embeddable":true,"href":"https:\/\/www.benevolenti.com\/de\/wp-json\/wp\/v2\/comments?post=22833"}],"wp:featuredmedia":[{"embeddable":true,"href":"https:\/\/www.benevolenti.com\/de\/wp-json\/wp\/v2\/media\/22835"}],"wp:attachment":[{"href":"https:\/\/www.benevolenti.com\/de\/wp-json\/wp\/v2\/media?parent=22833"}],"wp:term":[{"taxonomy":"product_brand","embeddable":true,"href":"https:\/\/www.benevolenti.com\/de\/wp-json\/wp\/v2\/product_brand?post=22833"},{"taxonomy":"product_cat","embeddable":true,"href":"https:\/\/www.benevolenti.com\/de\/wp-json\/wp\/v2\/product_cat?post=22833"},{"taxonomy":"product_tag","embeddable":true,"href":"https:\/\/www.benevolenti.com\/de\/wp-json\/wp\/v2\/product_tag?post=22833"}],"curies":[{"name":"wp","href":"https:\/\/api.w.org\/{rel}","templated":true}]}}