{"id":22693,"date":"2025-05-27T16:08:40","date_gmt":"2025-05-27T14:08:40","guid":{"rendered":"https:\/\/www.benevolenti.com\/?post_type=product&#038;p=22693"},"modified":"2025-11-01T15:49:37","modified_gmt":"2025-11-01T14:49:37","slug":"fusskette-filigran","status":"publish","type":"product","link":"https:\/\/www.benevolenti.com\/de\/produkt\/fusskette-filigran\/","title":{"rendered":"FUSSKETTE filigran"},"content":{"rendered":"<p>Kleinste Edelstein W\u00fcrfelchen wechseln sich mit Silberpunkten ab, so dass die Fusskette minimalistisch und gleichzeitig verspielt wirkt. T\u00fcrkis, Chrysopras und Rubin sind seltene Sch\u00e4tze der Erdkruste, die diese Fussketten umso sch\u00f6ner und wertvoller machen.<\/p>\n<p>Die Fussketten kommen aus Italien, wo der Norden bekannt ist f\u00fcr seine Silberwerkst\u00e4tten und wo sie speziell f\u00fcr BENEVOLENTI angefertigt werden. Im Atelier in Z\u00fcrich werden die Ketten von mir mit den Edelsteinen erg\u00e4nzt, die ich aus zuverl\u00e4ssiger Quelle in der Schweiz eingekauft habe.<\/p>\n<p>Verstellbare Fusskette in (vergoldetem) 925 Silber, handgeschriebene Karte. Kostenloser Versand.<\/p>\n","protected":false},"excerpt":{"rendered":"<p>Kleinste Edelstein W\u00fcrfelchen wechseln sich mit Silberpunkten ab, so dass die Fusskette minimalistisch und gleichzeitig verspielt wirkt. T\u00fcrkis, Chrysopras und Rubin sind seltene Sch\u00e4tze der Erdkruste, die diese Fussketten umso sch\u00f6ner und wertvoller machen. Die Fussketten kommen aus Italien, wo der Norden bekannt ist f\u00fcr seine Silberwerkst\u00e4tten und wo sie&#8230; <a class=\"more-link\" href=\"https:\/\/www.benevolenti.com\/de\/produkt\/fusskette-filigran\/\">Mehr<\/a><\/p>\n","protected":false},"featured_media":22694,"comment_status":"open","ping_status":"closed","template":"","meta":[],"product_brand":[],"product_cat":[707,739,643,589],"product_tag":[657,665,671],"class_list":{"0":"post-22693","1":"product","2":"type-product","3":"status-publish","4":"has-post-thumbnail","6":"product_cat-freude-zufriedenheit","7":"product_cat-fussketten","8":"product_cat-geschenke-fuer-sie","9":"product_cat-schutz","10":"product_tag-chrysopras","11":"product_tag-rubin","12":"product_tag-tuerkis","14":"first","15":"instock","16":"shipping-taxable","17":"purchasable","18":"product-type-variable"},"jetpack_sharing_enabled":true,"_links":{"self":[{"href":"https:\/\/www.benevolenti.com\/de\/wp-json\/wp\/v2\/product\/22693","targetHints":{"allow":["GET"]}}],"collection":[{"href":"https:\/\/www.benevolenti.com\/de\/wp-json\/wp\/v2\/product"}],"about":[{"href":"https:\/\/www.benevolenti.com\/de\/wp-json\/wp\/v2\/types\/product"}],"replies":[{"embeddable":true,"href":"https:\/\/www.benevolenti.com\/de\/wp-json\/wp\/v2\/comments?post=22693"}],"wp:featuredmedia":[{"embeddable":true,"href":"https:\/\/www.benevolenti.com\/de\/wp-json\/wp\/v2\/media\/22694"}],"wp:attachment":[{"href":"https:\/\/www.benevolenti.com\/de\/wp-json\/wp\/v2\/media?parent=22693"}],"wp:term":[{"taxonomy":"product_brand","embeddable":true,"href":"https:\/\/www.benevolenti.com\/de\/wp-json\/wp\/v2\/product_brand?post=22693"},{"taxonomy":"product_cat","embeddable":true,"href":"https:\/\/www.benevolenti.com\/de\/wp-json\/wp\/v2\/product_cat?post=22693"},{"taxonomy":"product_tag","embeddable":true,"href":"https:\/\/www.benevolenti.com\/de\/wp-json\/wp\/v2\/product_tag?post=22693"}],"curies":[{"name":"wp","href":"https:\/\/api.w.org\/{rel}","templated":true}]}}