{"id":22457,"date":"2025-03-21T16:29:17","date_gmt":"2025-03-21T15:29:17","guid":{"rendered":"https:\/\/www.benevolenti.com\/?post_type=product&#038;p=22457"},"modified":"2026-04-15T08:01:30","modified_gmt":"2026-04-15T06:01:30","slug":"wunscharmband-me-time","status":"publish","type":"product","link":"https:\/\/www.benevolenti.com\/de\/produkt\/wunscharmband-me-time\/","title":{"rendered":"WUNSCH ARMBAND Me Time"},"content":{"rendered":"<p>Me Time jeden Tag, auch wenn es nur 15 Minuten sind &#8211; ein klitzekleiner Reminder f\u00fcrs Handgelenk.<\/p>\n<p>Eine kurze, individuelle Auszeit. Sich ausklinken aus dem Alltag. In die Ruhe kommen und sich Zeit nehmen. Ob f\u00fcr eine kurze Meditation, Yoga oder Musik h\u00f6ren. Dadurch jeden Tag wieder in seine Mitte kommen.<\/p>\n<p><span>Und dadurch aufbl\u00fchen! Die Lotusblume w\u00e4chst im schlammigen Wasser und trotzdem erbl\u00fcht sie in absoluter Reinheit. Das macht sie zu einem starken Symbol f\u00fcr das Aufbl\u00fchen im anspruchsvollen Alltag.<\/span><\/p>\n<p><em>Perlmutt Lotus auf Naturseide.<\/em><br \/>\n<em>Verschluss verschiebbar, in 925 Silber, oder vergoldetem 925 Silber.<br \/>\nGerne auch mit personalisiertem Text, zwei Armb\u00e4nder als Freundschaftsarmb\u00e4nder auf einer Karte oder einem anderen Wunsch. Einfach ins Checkout Feld schreiben. Danke!<\/em><\/p>\n<p>&nbsp;<\/p>\n","protected":false},"excerpt":{"rendered":"<p>Me Time jeden Tag, auch wenn es nur 15 Minuten sind &#8211; ein klitzekleiner Reminder f\u00fcrs Handgelenk. Eine kurze, individuelle Auszeit. Sich ausklinken aus dem Alltag. In die Ruhe kommen und sich Zeit nehmen. Ob f\u00fcr eine kurze Meditation, Yoga oder Musik h\u00f6ren. Dadurch jeden Tag wieder in seine Mitte&#8230; <a class=\"more-link\" href=\"https:\/\/www.benevolenti.com\/de\/produkt\/wunscharmband-me-time\/\">Mehr<\/a><\/p>\n","protected":false},"featured_media":23257,"comment_status":"open","ping_status":"closed","template":"","meta":[],"product_brand":[],"product_cat":[336,592,642],"product_tag":[630],"class_list":{"0":"post-22457","1":"product","2":"type-product","3":"status-publish","4":"has-post-thumbnail","6":"product_cat-seide","7":"product_cat-meditation-yoga","8":"product_cat-mitbringsel","9":"product_tag-perle","11":"first","12":"instock","13":"shipping-taxable","14":"purchasable","15":"product-type-variable"},"jetpack_sharing_enabled":true,"_links":{"self":[{"href":"https:\/\/www.benevolenti.com\/de\/wp-json\/wp\/v2\/product\/22457","targetHints":{"allow":["GET"]}}],"collection":[{"href":"https:\/\/www.benevolenti.com\/de\/wp-json\/wp\/v2\/product"}],"about":[{"href":"https:\/\/www.benevolenti.com\/de\/wp-json\/wp\/v2\/types\/product"}],"replies":[{"embeddable":true,"href":"https:\/\/www.benevolenti.com\/de\/wp-json\/wp\/v2\/comments?post=22457"}],"wp:featuredmedia":[{"embeddable":true,"href":"https:\/\/www.benevolenti.com\/de\/wp-json\/wp\/v2\/media\/23257"}],"wp:attachment":[{"href":"https:\/\/www.benevolenti.com\/de\/wp-json\/wp\/v2\/media?parent=22457"}],"wp:term":[{"taxonomy":"product_brand","embeddable":true,"href":"https:\/\/www.benevolenti.com\/de\/wp-json\/wp\/v2\/product_brand?post=22457"},{"taxonomy":"product_cat","embeddable":true,"href":"https:\/\/www.benevolenti.com\/de\/wp-json\/wp\/v2\/product_cat?post=22457"},{"taxonomy":"product_tag","embeddable":true,"href":"https:\/\/www.benevolenti.com\/de\/wp-json\/wp\/v2\/product_tag?post=22457"}],"curies":[{"name":"wp","href":"https:\/\/api.w.org\/{rel}","templated":true}]}}