{"id":22371,"date":"2025-02-24T16:24:07","date_gmt":"2025-02-24T15:24:07","guid":{"rendered":"https:\/\/www.benevolenti.com\/?post_type=product&#038;p=22371"},"modified":"2026-04-15T07:40:07","modified_gmt":"2026-04-15T05:40:07","slug":"maennerarmband-stein-und-holz","status":"publish","type":"product","link":"https:\/\/www.benevolenti.com\/de\/produkt\/maennerarmband-stein-und-holz\/","title":{"rendered":"M\u00c4NNERARMBAND Stein und Holz"},"content":{"rendered":"<p>Elegante, reduzierte M\u00e4nnerarmb\u00e4nder aus Stein und Holz. Die Ingredienzien f\u00fcr diese edlen Armb\u00e4nder sind Ebenholz und naturbelassene Edelsteine. Zur Auswahl stehen matte Steine: schwarzer Turmalin, gr\u00fcner Moosachat, Rauchquarz und Lava.<\/p>\n<p><em>Armband f\u00fcr den Herrn, 20cm Umfang. Gerne auch gr\u00f6sser oder kleiner, einfach im Checkout L\u00e4nge angeben.<br \/>\nBaumwollsachet, Wunsch und Bedeutung der Steine als Geschenkverpackung.<\/em><\/p>\n<p>&nbsp;<\/p>\n<p>&nbsp;<\/p>\n","protected":false},"excerpt":{"rendered":"<p>Elegante, reduzierte M\u00e4nnerarmb\u00e4nder aus Stein und Holz. Die Ingredienzien f\u00fcr diese edlen Armb\u00e4nder sind Ebenholz und naturbelassene Edelsteine. Zur Auswahl stehen matte Steine: schwarzer Turmalin, gr\u00fcner Moosachat, Rauchquarz und Lava. Armband f\u00fcr den Herrn, 20cm Umfang. Gerne auch gr\u00f6sser oder kleiner, einfach im Checkout L\u00e4nge angeben. Baumwollsachet, Wunsch und Bedeutung&#8230; <a class=\"more-link\" href=\"https:\/\/www.benevolenti.com\/de\/produkt\/maennerarmband-stein-und-holz\/\">Mehr<\/a><\/p>\n","protected":false},"featured_media":22376,"comment_status":"open","ping_status":"closed","template":"","meta":[],"product_brand":[],"product_cat":[124],"product_tag":[700,617,631,453],"class_list":{"0":"post-22371","1":"product","2":"type-product","3":"status-publish","4":"has-post-thumbnail","6":"product_cat-fur-ihn","7":"product_tag-lava","8":"product_tag-moosachat","9":"product_tag-rauchquarz","10":"product_tag-turmalin","12":"first","13":"instock","14":"shipping-taxable","15":"purchasable","16":"product-type-variable"},"jetpack_sharing_enabled":true,"_links":{"self":[{"href":"https:\/\/www.benevolenti.com\/de\/wp-json\/wp\/v2\/product\/22371","targetHints":{"allow":["GET"]}}],"collection":[{"href":"https:\/\/www.benevolenti.com\/de\/wp-json\/wp\/v2\/product"}],"about":[{"href":"https:\/\/www.benevolenti.com\/de\/wp-json\/wp\/v2\/types\/product"}],"replies":[{"embeddable":true,"href":"https:\/\/www.benevolenti.com\/de\/wp-json\/wp\/v2\/comments?post=22371"}],"wp:featuredmedia":[{"embeddable":true,"href":"https:\/\/www.benevolenti.com\/de\/wp-json\/wp\/v2\/media\/22376"}],"wp:attachment":[{"href":"https:\/\/www.benevolenti.com\/de\/wp-json\/wp\/v2\/media?parent=22371"}],"wp:term":[{"taxonomy":"product_brand","embeddable":true,"href":"https:\/\/www.benevolenti.com\/de\/wp-json\/wp\/v2\/product_brand?post=22371"},{"taxonomy":"product_cat","embeddable":true,"href":"https:\/\/www.benevolenti.com\/de\/wp-json\/wp\/v2\/product_cat?post=22371"},{"taxonomy":"product_tag","embeddable":true,"href":"https:\/\/www.benevolenti.com\/de\/wp-json\/wp\/v2\/product_tag?post=22371"}],"curies":[{"name":"wp","href":"https:\/\/api.w.org\/{rel}","templated":true}]}}