{"id":22316,"date":"2025-02-02T19:22:56","date_gmt":"2025-02-02T18:22:56","guid":{"rendered":"https:\/\/www.benevolenti.com\/?post_type=product&#038;p=22316"},"modified":"2025-02-02T19:27:01","modified_gmt":"2025-02-02T18:27:01","slug":"workshop-reparatur","status":"publish","type":"product","link":"https:\/\/www.benevolenti.com\/de\/produkt\/workshop-reparatur\/","title":{"rendered":"WORKSHOP Reparatur"},"content":{"rendered":"<p>Komm vorbei mit deinen Freundinnen und eurem Schmuck, der nicht mehr fit ist. Ich unterst\u00fctze euch mit Handwerk und Material und ihr k\u00f6nnt in der fr\u00f6hlichen Runde eure Schmuckst\u00fccke reparieren.<\/p>\n<p>30.- pro Person, mindestens 2 Personen.<\/p>\n","protected":false},"excerpt":{"rendered":"<p>Komm vorbei mit deinen Freundinnen und eurem Schmuck, der nicht mehr fit ist. Ich unterst\u00fctze euch mit Handwerk und Material und ihr k\u00f6nnt in der fr\u00f6hlichen Runde eure Schmuckst\u00fccke reparieren. 30.- pro Person, mindestens 2 Personen.<\/p>\n","protected":false},"featured_media":13635,"comment_status":"open","ping_status":"closed","template":"","meta":[],"product_brand":[],"product_cat":[678],"product_tag":[],"class_list":{"0":"post-22316","1":"product","2":"type-product","3":"status-publish","4":"has-post-thumbnail","6":"product_cat-workshops","8":"first","9":"instock","10":"shipping-taxable","11":"purchasable","12":"product-type-simple"},"jetpack_sharing_enabled":true,"_links":{"self":[{"href":"https:\/\/www.benevolenti.com\/de\/wp-json\/wp\/v2\/product\/22316","targetHints":{"allow":["GET"]}}],"collection":[{"href":"https:\/\/www.benevolenti.com\/de\/wp-json\/wp\/v2\/product"}],"about":[{"href":"https:\/\/www.benevolenti.com\/de\/wp-json\/wp\/v2\/types\/product"}],"replies":[{"embeddable":true,"href":"https:\/\/www.benevolenti.com\/de\/wp-json\/wp\/v2\/comments?post=22316"}],"wp:featuredmedia":[{"embeddable":true,"href":"https:\/\/www.benevolenti.com\/de\/wp-json\/wp\/v2\/media\/13635"}],"wp:attachment":[{"href":"https:\/\/www.benevolenti.com\/de\/wp-json\/wp\/v2\/media?parent=22316"}],"wp:term":[{"taxonomy":"product_brand","embeddable":true,"href":"https:\/\/www.benevolenti.com\/de\/wp-json\/wp\/v2\/product_brand?post=22316"},{"taxonomy":"product_cat","embeddable":true,"href":"https:\/\/www.benevolenti.com\/de\/wp-json\/wp\/v2\/product_cat?post=22316"},{"taxonomy":"product_tag","embeddable":true,"href":"https:\/\/www.benevolenti.com\/de\/wp-json\/wp\/v2\/product_tag?post=22316"}],"curies":[{"name":"wp","href":"https:\/\/api.w.org\/{rel}","templated":true}]}}