{"id":22303,"date":"2025-02-01T17:06:44","date_gmt":"2025-02-01T16:06:44","guid":{"rendered":"https:\/\/www.benevolenti.com\/?post_type=product&#038;p=22303"},"modified":"2025-11-02T08:06:47","modified_gmt":"2025-11-02T07:06:47","slug":"babyshower-gutschein","status":"publish","type":"product","link":"https:\/\/www.benevolenti.com\/de\/produkt\/babyshower-gutschein\/","title":{"rendered":"BABYSHOWER Gutschein"},"content":{"rendered":"<p>Wir feiern die frohe Erwartung!<\/p>\n<p>Im Atelier BENEVOLENTI, 10 Minuten zu Fuss vom Hauptbahnhof Z\u00fcrich lassen wir zusammen ein Willkommensgeschenk f\u00fcr das werdende Baby entstehen. Alle wichtigen Menschen kommen zusammen und lassen ihre guten W\u00fcnsche f\u00fcr ein gl\u00fcckliches Leben in das Schmuckst\u00fcck einfliessen.<\/p>\n<p>Ideal f\u00fcr eine Mama und ihre 5-6 Lieblingsmenschen.<\/p>\n<p>Dauer 120 Minuten.<\/p>\n","protected":false},"excerpt":{"rendered":"<p>Wir feiern die frohe Erwartung! Im Atelier BENEVOLENTI, 10 Minuten zu Fuss vom Hauptbahnhof Z\u00fcrich lassen wir zusammen ein Willkommensgeschenk f\u00fcr das werdende Baby entstehen. Alle wichtigen Menschen kommen zusammen und lassen ihre guten W\u00fcnsche f\u00fcr ein gl\u00fcckliches Leben in das Schmuckst\u00fcck einfliessen. Ideal f\u00fcr eine Mama und ihre 5-6&#8230; <a class=\"more-link\" href=\"https:\/\/www.benevolenti.com\/de\/produkt\/babyshower-gutschein\/\">Mehr<\/a><\/p>\n","protected":false},"featured_media":22310,"comment_status":"open","ping_status":"closed","template":"","meta":[],"product_brand":[],"product_cat":[678],"product_tag":[],"class_list":{"0":"post-22303","1":"product","2":"type-product","3":"status-publish","4":"has-post-thumbnail","6":"product_cat-workshops","8":"first","9":"instock","10":"shipping-taxable","11":"purchasable","12":"product-type-simple"},"jetpack_sharing_enabled":true,"_links":{"self":[{"href":"https:\/\/www.benevolenti.com\/de\/wp-json\/wp\/v2\/product\/22303","targetHints":{"allow":["GET"]}}],"collection":[{"href":"https:\/\/www.benevolenti.com\/de\/wp-json\/wp\/v2\/product"}],"about":[{"href":"https:\/\/www.benevolenti.com\/de\/wp-json\/wp\/v2\/types\/product"}],"replies":[{"embeddable":true,"href":"https:\/\/www.benevolenti.com\/de\/wp-json\/wp\/v2\/comments?post=22303"}],"wp:featuredmedia":[{"embeddable":true,"href":"https:\/\/www.benevolenti.com\/de\/wp-json\/wp\/v2\/media\/22310"}],"wp:attachment":[{"href":"https:\/\/www.benevolenti.com\/de\/wp-json\/wp\/v2\/media?parent=22303"}],"wp:term":[{"taxonomy":"product_brand","embeddable":true,"href":"https:\/\/www.benevolenti.com\/de\/wp-json\/wp\/v2\/product_brand?post=22303"},{"taxonomy":"product_cat","embeddable":true,"href":"https:\/\/www.benevolenti.com\/de\/wp-json\/wp\/v2\/product_cat?post=22303"},{"taxonomy":"product_tag","embeddable":true,"href":"https:\/\/www.benevolenti.com\/de\/wp-json\/wp\/v2\/product_tag?post=22303"}],"curies":[{"name":"wp","href":"https:\/\/api.w.org\/{rel}","templated":true}]}}