{"id":22294,"date":"2026-01-01T15:15:24","date_gmt":"2026-01-01T14:15:24","guid":{"rendered":"https:\/\/www.benevolenti.com\/?post_type=product&#038;p=22294"},"modified":"2026-04-15T09:26:24","modified_gmt":"2026-04-15T07:26:24","slug":"reparatur-elastisches-armband","status":"publish","type":"product","link":"https:\/\/www.benevolenti.com\/de\/produkt\/reparatur-elastisches-armband\/","title":{"rendered":"REPARATUR elastisches Armband"},"content":{"rendered":"<p>Ich repariere dein BENEVOLENTI Armband sehr gerne!<\/p>\n<p><strong>ACHTUNG:<\/strong> Es sind schon langj\u00e4hrige Lieblingsst\u00fccke in den unbarmherzigen Maschinen der Post verloren gegangen, weil sie ohne jeden Schutz in einen Umschlag gesteckt wurden&#8230;<\/p>\n<p>Einfach gut gepolstert (Bubble Wrap, K\u00fcchenpapier und Karton in Couvert, &#8230;.) an die Fliederstrasse 16, 8006 Z\u00fcrich schicken und ich k\u00fcmmere mich darum. Unbedingt Seidenfarbe, Gr\u00f6ssen\u00e4nderungen oder sonstige \u00c4nderungsw\u00fcnsche mitschicken und Deine Adresse nicht vergessen.<\/p>\n<p>Gerne auch vorher per <a href=\"mailto:claudia@benevolenti.com\">Mail<\/a> ank\u00fcndigen.<\/p>\n<p>&nbsp;<\/p>\n","protected":false},"excerpt":{"rendered":"<p>Ich repariere dein BENEVOLENTI Armband sehr gerne! ACHTUNG: Es sind schon langj\u00e4hrige Lieblingsst\u00fccke in den unbarmherzigen Maschinen der Post verloren gegangen, weil sie ohne jeden Schutz in einen Umschlag gesteckt wurden&#8230; Einfach gut gepolstert (Bubble Wrap, K\u00fcchenpapier und Karton in Couvert, &#8230;.) an die Fliederstrasse 16, 8006 Z\u00fcrich schicken und&#8230; <a class=\"more-link\" href=\"https:\/\/www.benevolenti.com\/de\/produkt\/reparatur-elastisches-armband\/\">Mehr<\/a><\/p>\n","protected":false},"featured_media":21502,"comment_status":"open","ping_status":"closed","template":"","meta":[],"product_brand":[],"product_cat":[745],"product_tag":[],"class_list":{"0":"post-22294","1":"product","2":"type-product","3":"status-publish","4":"has-post-thumbnail","6":"product_cat-services","8":"first","9":"instock","10":"shipping-taxable","11":"purchasable","12":"product-type-simple"},"jetpack_sharing_enabled":true,"_links":{"self":[{"href":"https:\/\/www.benevolenti.com\/de\/wp-json\/wp\/v2\/product\/22294","targetHints":{"allow":["GET"]}}],"collection":[{"href":"https:\/\/www.benevolenti.com\/de\/wp-json\/wp\/v2\/product"}],"about":[{"href":"https:\/\/www.benevolenti.com\/de\/wp-json\/wp\/v2\/types\/product"}],"replies":[{"embeddable":true,"href":"https:\/\/www.benevolenti.com\/de\/wp-json\/wp\/v2\/comments?post=22294"}],"wp:featuredmedia":[{"embeddable":true,"href":"https:\/\/www.benevolenti.com\/de\/wp-json\/wp\/v2\/media\/21502"}],"wp:attachment":[{"href":"https:\/\/www.benevolenti.com\/de\/wp-json\/wp\/v2\/media?parent=22294"}],"wp:term":[{"taxonomy":"product_brand","embeddable":true,"href":"https:\/\/www.benevolenti.com\/de\/wp-json\/wp\/v2\/product_brand?post=22294"},{"taxonomy":"product_cat","embeddable":true,"href":"https:\/\/www.benevolenti.com\/de\/wp-json\/wp\/v2\/product_cat?post=22294"},{"taxonomy":"product_tag","embeddable":true,"href":"https:\/\/www.benevolenti.com\/de\/wp-json\/wp\/v2\/product_tag?post=22294"}],"curies":[{"name":"wp","href":"https:\/\/api.w.org\/{rel}","templated":true}]}}