{"id":22178,"date":"2024-11-17T08:12:26","date_gmt":"2024-11-17T07:12:26","guid":{"rendered":"https:\/\/www.benevolenti.com\/?post_type=product&#038;p=22178"},"modified":"2024-12-01T09:15:15","modified_gmt":"2024-12-01T08:15:15","slug":"steinkette-eibenbeere-maxi","status":"publish","type":"product","link":"https:\/\/www.benevolenti.com\/de\/produkt\/steinkette-eibenbeere-maxi\/","title":{"rendered":"STEINKETTE Eibenbeere MAXI"},"content":{"rendered":"<p>Der edelste Mondstein in 8mm, den ich finden konnte, habe ich mit einem Eibenh\u00fctchen auf Seide gekn\u00fcpft. Ein Klassiker.<\/p>\n<p>L\u00e4nge 42cm.<\/p>\n","protected":false},"excerpt":{"rendered":"<p>Der edelste Mondstein in 8mm, den ich finden konnte, habe ich mit einem Eibenh\u00fctchen auf Seide gekn\u00fcpft. Ein Klassiker. L\u00e4nge 42cm.<\/p>\n","protected":false},"featured_media":22183,"comment_status":"open","ping_status":"closed","template":"","meta":[],"product_brand":[],"product_cat":[199,587,744,729],"product_tag":[217],"class_list":{"0":"post-22178","1":"product","2":"type-product","3":"status-publish","4":"has-post-thumbnail","6":"product_cat-neu","7":"product_cat-ausgeglichenheit-gelassenheit","8":"product_cat-eibenbeeren","9":"product_cat-steinketten","10":"product_tag-mondstein","12":"first","13":"instock","14":"shipping-taxable","15":"purchasable","16":"product-type-variable"},"jetpack_sharing_enabled":true,"_links":{"self":[{"href":"https:\/\/www.benevolenti.com\/de\/wp-json\/wp\/v2\/product\/22178","targetHints":{"allow":["GET"]}}],"collection":[{"href":"https:\/\/www.benevolenti.com\/de\/wp-json\/wp\/v2\/product"}],"about":[{"href":"https:\/\/www.benevolenti.com\/de\/wp-json\/wp\/v2\/types\/product"}],"replies":[{"embeddable":true,"href":"https:\/\/www.benevolenti.com\/de\/wp-json\/wp\/v2\/comments?post=22178"}],"wp:featuredmedia":[{"embeddable":true,"href":"https:\/\/www.benevolenti.com\/de\/wp-json\/wp\/v2\/media\/22183"}],"wp:attachment":[{"href":"https:\/\/www.benevolenti.com\/de\/wp-json\/wp\/v2\/media?parent=22178"}],"wp:term":[{"taxonomy":"product_brand","embeddable":true,"href":"https:\/\/www.benevolenti.com\/de\/wp-json\/wp\/v2\/product_brand?post=22178"},{"taxonomy":"product_cat","embeddable":true,"href":"https:\/\/www.benevolenti.com\/de\/wp-json\/wp\/v2\/product_cat?post=22178"},{"taxonomy":"product_tag","embeddable":true,"href":"https:\/\/www.benevolenti.com\/de\/wp-json\/wp\/v2\/product_tag?post=22178"}],"curies":[{"name":"wp","href":"https:\/\/api.w.org\/{rel}","templated":true}]}}