{"id":22166,"date":"2024-12-01T08:01:59","date_gmt":"2024-12-01T07:01:59","guid":{"rendered":"https:\/\/www.benevolenti.com\/?post_type=product&#038;p=22166"},"modified":"2026-05-04T08:53:28","modified_gmt":"2026-05-04T06:53:28","slug":"steinkette-mondstein","status":"publish","type":"product","link":"https:\/\/www.benevolenti.com\/de\/produkt\/steinkette-mondstein\/","title":{"rendered":"STEINKETTE Mondstein MIDI"},"content":{"rendered":"<p>Der edelste Mondstein, den ich finden konnte, habe ich mit einem Eibenh\u00fctchen auf Seide gekn\u00fcpft. Ein Klassiker.<\/p>\n<p>L\u00e4nge 42cm.<\/p>\n","protected":false},"excerpt":{"rendered":"<p>Der edelste Mondstein, den ich finden konnte, habe ich mit einem Eibenh\u00fctchen auf Seide gekn\u00fcpft. Ein Klassiker. L\u00e4nge 42cm.<\/p>\n","protected":false},"featured_media":22170,"comment_status":"open","ping_status":"closed","template":"","meta":[],"product_brand":[],"product_cat":[587,744,729],"product_tag":[],"class_list":{"0":"post-22166","1":"product","2":"type-product","3":"status-publish","4":"has-post-thumbnail","6":"product_cat-ausgeglichenheit-gelassenheit","7":"product_cat-eibenbeeren","8":"product_cat-steinketten","10":"first","11":"instock","12":"shipping-taxable","13":"purchasable","14":"product-type-variable"},"jetpack_sharing_enabled":true,"_links":{"self":[{"href":"https:\/\/www.benevolenti.com\/de\/wp-json\/wp\/v2\/product\/22166","targetHints":{"allow":["GET"]}}],"collection":[{"href":"https:\/\/www.benevolenti.com\/de\/wp-json\/wp\/v2\/product"}],"about":[{"href":"https:\/\/www.benevolenti.com\/de\/wp-json\/wp\/v2\/types\/product"}],"replies":[{"embeddable":true,"href":"https:\/\/www.benevolenti.com\/de\/wp-json\/wp\/v2\/comments?post=22166"}],"wp:featuredmedia":[{"embeddable":true,"href":"https:\/\/www.benevolenti.com\/de\/wp-json\/wp\/v2\/media\/22170"}],"wp:attachment":[{"href":"https:\/\/www.benevolenti.com\/de\/wp-json\/wp\/v2\/media?parent=22166"}],"wp:term":[{"taxonomy":"product_brand","embeddable":true,"href":"https:\/\/www.benevolenti.com\/de\/wp-json\/wp\/v2\/product_brand?post=22166"},{"taxonomy":"product_cat","embeddable":true,"href":"https:\/\/www.benevolenti.com\/de\/wp-json\/wp\/v2\/product_cat?post=22166"},{"taxonomy":"product_tag","embeddable":true,"href":"https:\/\/www.benevolenti.com\/de\/wp-json\/wp\/v2\/product_tag?post=22166"}],"curies":[{"name":"wp","href":"https:\/\/api.w.org\/{rel}","templated":true}]}}