{"id":22038,"date":"2024-11-10T23:12:09","date_gmt":"2024-11-10T22:12:09","guid":{"rendered":"https:\/\/www.benevolenti.com\/?post_type=product&#038;p=22038"},"modified":"2024-11-14T10:41:56","modified_gmt":"2024-11-14T09:41:56","slug":"halsketten-anker-1-8mm","status":"publish","type":"product","link":"https:\/\/www.benevolenti.com\/de\/produkt\/halsketten-anker-1-8mm\/","title":{"rendered":"HALSKETTEN Anker 1.8mm"},"content":{"rendered":"<p><span>Norditalien ist bekannt f\u00fcr die exzellente Qualit\u00e4t ihrer Ketten. Diese Ketten wurden f\u00fcr BENEVOLENTI in der Region Arezzo angefertigt.<\/span><\/p>\n<p><span>In 925 Silber bzw. vergoldetem und ros\u00e9-vergoldetem 925 Silber,<br \/>\n1.8 mm Durchmesser,<br \/>\nin vier verschiedenen L\u00e4ngen: <\/span><\/p>\n<p><span>40 cm,<br \/>\n<\/span><span>45 cm,<br \/>\n70 cm und<br \/>\n90 cm<\/span><\/p>\n<p>Diese eignen sich wunderbar, um die BENEVOLENTI Anh\u00e4nger zu tragen und neu zu kombinieren.<\/p>\n","protected":false},"excerpt":{"rendered":"<p>Norditalien ist bekannt f\u00fcr die exzellente Qualit\u00e4t ihrer Ketten. Diese Ketten wurden f\u00fcr BENEVOLENTI in der Region Arezzo angefertigt. In 925 Silber bzw. vergoldetem und ros\u00e9-vergoldetem 925 Silber, 1.8 mm Durchmesser, in vier verschiedenen L\u00e4ngen: 40 cm, 45 cm, 70 cm und 90 cm Diese eignen sich wunderbar, um die&#8230; <a class=\"more-link\" href=\"https:\/\/www.benevolenti.com\/de\/produkt\/halsketten-anker-1-8mm\/\">Mehr<\/a><\/p>\n","protected":false},"featured_media":22051,"comment_status":"closed","ping_status":"closed","template":"","meta":[],"product_brand":[],"product_cat":[39],"product_tag":[],"class_list":{"0":"post-22038","1":"product","2":"type-product","3":"status-publish","4":"has-post-thumbnail","6":"product_cat-accessories-de","8":"first","9":"instock","10":"shipping-taxable","11":"purchasable","12":"product-type-variable"},"jetpack_sharing_enabled":true,"_links":{"self":[{"href":"https:\/\/www.benevolenti.com\/de\/wp-json\/wp\/v2\/product\/22038","targetHints":{"allow":["GET"]}}],"collection":[{"href":"https:\/\/www.benevolenti.com\/de\/wp-json\/wp\/v2\/product"}],"about":[{"href":"https:\/\/www.benevolenti.com\/de\/wp-json\/wp\/v2\/types\/product"}],"replies":[{"embeddable":true,"href":"https:\/\/www.benevolenti.com\/de\/wp-json\/wp\/v2\/comments?post=22038"}],"wp:featuredmedia":[{"embeddable":true,"href":"https:\/\/www.benevolenti.com\/de\/wp-json\/wp\/v2\/media\/22051"}],"wp:attachment":[{"href":"https:\/\/www.benevolenti.com\/de\/wp-json\/wp\/v2\/media?parent=22038"}],"wp:term":[{"taxonomy":"product_brand","embeddable":true,"href":"https:\/\/www.benevolenti.com\/de\/wp-json\/wp\/v2\/product_brand?post=22038"},{"taxonomy":"product_cat","embeddable":true,"href":"https:\/\/www.benevolenti.com\/de\/wp-json\/wp\/v2\/product_cat?post=22038"},{"taxonomy":"product_tag","embeddable":true,"href":"https:\/\/www.benevolenti.com\/de\/wp-json\/wp\/v2\/product_tag?post=22038"}],"curies":[{"name":"wp","href":"https:\/\/api.w.org\/{rel}","templated":true}]}}