{"id":21959,"date":"2024-10-30T15:09:52","date_gmt":"2024-10-30T14:09:52","guid":{"rendered":"https:\/\/www.benevolenti.com\/?post_type=product&#038;p=21959"},"modified":"2024-11-05T15:18:00","modified_gmt":"2024-11-05T14:18:00","slug":"rauhnaechte-raeuchern-2","status":"publish","type":"product","link":"https:\/\/www.benevolenti.com\/de\/produkt\/rauhnaechte-raeuchern-2\/","title":{"rendered":"RAUHN\u00c4CHTE R\u00e4uchern"},"content":{"rendered":"<p>Du hast bereits ein St\u00f6vchen und ein Buch und deine Rauchnacht SteinBegleiter? Dann sind diese Kr\u00e4uter etwas f\u00fcr dich!<\/p>\n<p>Auf @minichlini.farm habe ich das ganze Jahr \u00fcber dufte Kr\u00e4uter gepflegt und wild gesammelt und nun f\u00fcr euch zusammengestellt, gemeinsam mit Weihrauch und Myrrhe. So dass ihr entspannt r\u00e4uchern m\u00f6gt, so wie die Karten und B\u00fccher vorschlagen, oder genau so wie euer Bauch das grad m\u00f6chte:<\/p>\n<ul>\n<li>12 R\u00e4ucherkegel ohne Kohle, von mir selbstgemacht mit selber gesammelten Harzen, Kr\u00e4uter, Weihrauch und Myrrhe<\/li>\n<li>D\u00f6schen mit Weihrauch, Myrrhe und weissem Salbei, sowie ein Str\u00e4usschen mit R\u00e4ucherkr\u00e4utern zum frei Kombinieren<\/li>\n<\/ul>\n<p>Auf eine wundersch\u00f6ne Zeit zwischen den Jahren!<\/p>\n","protected":false},"excerpt":{"rendered":"<p>Du hast bereits ein St\u00f6vchen und ein Buch und deine Rauchnacht SteinBegleiter? Dann sind diese Kr\u00e4uter etwas f\u00fcr dich! Auf @minichlini.farm habe ich das ganze Jahr \u00fcber dufte Kr\u00e4uter gepflegt und wild gesammelt und nun f\u00fcr euch zusammengestellt, gemeinsam mit Weihrauch und Myrrhe. So dass ihr entspannt r\u00e4uchern m\u00f6gt, so&#8230; <a class=\"more-link\" href=\"https:\/\/www.benevolenti.com\/de\/produkt\/rauhnaechte-raeuchern-2\/\">Mehr<\/a><\/p>\n","protected":false},"featured_media":21854,"comment_status":"open","ping_status":"closed","template":"","meta":[],"product_brand":[],"product_cat":[394],"product_tag":[],"class_list":{"0":"post-21959","1":"product","2":"type-product","3":"status-publish","4":"has-post-thumbnail","6":"product_cat-unkategorisiert","8":"first","9":"instock","10":"shipping-taxable","11":"purchasable","12":"product-type-variable"},"jetpack_sharing_enabled":true,"_links":{"self":[{"href":"https:\/\/www.benevolenti.com\/de\/wp-json\/wp\/v2\/product\/21959","targetHints":{"allow":["GET"]}}],"collection":[{"href":"https:\/\/www.benevolenti.com\/de\/wp-json\/wp\/v2\/product"}],"about":[{"href":"https:\/\/www.benevolenti.com\/de\/wp-json\/wp\/v2\/types\/product"}],"replies":[{"embeddable":true,"href":"https:\/\/www.benevolenti.com\/de\/wp-json\/wp\/v2\/comments?post=21959"}],"wp:featuredmedia":[{"embeddable":true,"href":"https:\/\/www.benevolenti.com\/de\/wp-json\/wp\/v2\/media\/21854"}],"wp:attachment":[{"href":"https:\/\/www.benevolenti.com\/de\/wp-json\/wp\/v2\/media?parent=21959"}],"wp:term":[{"taxonomy":"product_brand","embeddable":true,"href":"https:\/\/www.benevolenti.com\/de\/wp-json\/wp\/v2\/product_brand?post=21959"},{"taxonomy":"product_cat","embeddable":true,"href":"https:\/\/www.benevolenti.com\/de\/wp-json\/wp\/v2\/product_cat?post=21959"},{"taxonomy":"product_tag","embeddable":true,"href":"https:\/\/www.benevolenti.com\/de\/wp-json\/wp\/v2\/product_tag?post=21959"}],"curies":[{"name":"wp","href":"https:\/\/api.w.org\/{rel}","templated":true}]}}