{"id":21867,"date":"2025-11-28T22:13:19","date_gmt":"2025-11-28T21:13:19","guid":{"rendered":"https:\/\/www.benevolenti.com\/?post_type=product&#038;p=21867"},"modified":"2026-04-16T19:48:45","modified_gmt":"2026-04-16T17:48:45","slug":"rauhnaechte-raeuchern","status":"publish","type":"product","link":"https:\/\/www.benevolenti.com\/de\/produkt\/rauhnaechte-raeuchern\/","title":{"rendered":"RAUHN\u00c4CHTE R\u00e4uchern"},"content":{"rendered":"<p>Tanja K\u00f6hler schl\u00e4gt f\u00fcr jede Rauhnacht spezifische Kr\u00e4uter und Harze f\u00fcr die Rauhnachtsreise vor. Letztes Jahr habe ich mir die Zeit genommen, f\u00fcr jeden Tag der Rauhn\u00e4chte einzelne R\u00e4ucherkegel anzufertigen, dieses Jahr hat mir die Zeit dazu gefehlt.<\/p>\n<p>Ich lade dich deshalb ein, dieses Jahr R\u00e4ucherschn\u00fcre aus dem Himalaya zu entdecken. Nat\u00fcrliche Kr\u00e4uter, B\u00e4ume und Harze wurden, wie es die Tradition will, in umweltfreundliches Loktapapier gewickelt und zu einem R\u00e4ucherstrang gedreht.<\/p>\n<p>12 R\u00e4ucherschn\u00fcre, f\u00fcr jede Rauhnacht eine, habe ich auf eine Seide gef\u00e4delt, damit dich f\u00fcr jede Rauhnacht genau der passende Duft begleitet. Begleitet werden die Schn\u00fcre von einer kleinen Beschreibung der D\u00fcfte.<\/p>\n<p>Na klar kannst du im neuen Jahr dein Lieblingsgl\u00fccksbringer auf die Seide f\u00e4deln und sie als Armband tragen ;o)<\/p>\n","protected":false},"excerpt":{"rendered":"<p>Tanja K\u00f6hler schl\u00e4gt f\u00fcr jede Rauhnacht spezifische Kr\u00e4uter und Harze f\u00fcr die Rauhnachtsreise vor. Letztes Jahr habe ich mir die Zeit genommen, f\u00fcr jeden Tag der Rauhn\u00e4chte einzelne R\u00e4ucherkegel anzufertigen, dieses Jahr hat mir die Zeit dazu gefehlt. Ich lade dich deshalb ein, dieses Jahr R\u00e4ucherschn\u00fcre aus dem Himalaya zu&#8230; <a class=\"more-link\" href=\"https:\/\/www.benevolenti.com\/de\/produkt\/rauhnaechte-raeuchern\/\">Mehr<\/a><\/p>\n","protected":false},"featured_media":23174,"comment_status":"open","ping_status":"closed","template":"","meta":[],"product_brand":[],"product_cat":[743],"product_tag":[],"class_list":{"0":"post-21867","1":"product","2":"type-product","3":"status-publish","4":"has-post-thumbnail","6":"product_cat-rauhnaechte","8":"first","9":"instock","10":"shipping-taxable","11":"purchasable","12":"product-type-simple"},"jetpack_sharing_enabled":true,"_links":{"self":[{"href":"https:\/\/www.benevolenti.com\/de\/wp-json\/wp\/v2\/product\/21867","targetHints":{"allow":["GET"]}}],"collection":[{"href":"https:\/\/www.benevolenti.com\/de\/wp-json\/wp\/v2\/product"}],"about":[{"href":"https:\/\/www.benevolenti.com\/de\/wp-json\/wp\/v2\/types\/product"}],"replies":[{"embeddable":true,"href":"https:\/\/www.benevolenti.com\/de\/wp-json\/wp\/v2\/comments?post=21867"}],"wp:featuredmedia":[{"embeddable":true,"href":"https:\/\/www.benevolenti.com\/de\/wp-json\/wp\/v2\/media\/23174"}],"wp:attachment":[{"href":"https:\/\/www.benevolenti.com\/de\/wp-json\/wp\/v2\/media?parent=21867"}],"wp:term":[{"taxonomy":"product_brand","embeddable":true,"href":"https:\/\/www.benevolenti.com\/de\/wp-json\/wp\/v2\/product_brand?post=21867"},{"taxonomy":"product_cat","embeddable":true,"href":"https:\/\/www.benevolenti.com\/de\/wp-json\/wp\/v2\/product_cat?post=21867"},{"taxonomy":"product_tag","embeddable":true,"href":"https:\/\/www.benevolenti.com\/de\/wp-json\/wp\/v2\/product_tag?post=21867"}],"curies":[{"name":"wp","href":"https:\/\/api.w.org\/{rel}","templated":true}]}}