{"id":21705,"date":"2024-10-18T08:21:27","date_gmt":"2024-10-18T06:21:27","guid":{"rendered":"https:\/\/www.benevolenti.com\/?post_type=product&#038;p=21705"},"modified":"2026-04-10T16:26:13","modified_gmt":"2026-04-10T14:26:13","slug":"eibenbeere-midi-2","status":"publish","type":"product","link":"https:\/\/www.benevolenti.com\/de\/produkt\/eibenbeere-midi-2\/","title":{"rendered":"EIBENBEERE midi"},"content":{"rendered":"<p><span>Eibenbeere Schmuck Anh\u00e4nger in mittlerer Gr\u00f6sse. Perfekt als Anh\u00e4nger an einer Armkette, f\u00fcr Kreolen oder als Begleiter an dein Lieblingsamulett.<\/span><\/p>\n<p><span>Mit den sch\u00f6nsten Steinen aus der BENEVOLENTI Welt: <a href=\"https:\/\/www.benevolenti.com\/de\/project-type\/steine\/\">Steinfinder<\/a><\/span><\/p>\n<p><span>Der germanischen Mythologie zufolge sind Eiben die m\u00e4chtigsten B\u00e4ume, die vor dem B\u00f6sen sch\u00fctzen. Diese Schutzkraft soll in jedem meiner Schmuckst\u00fccke stecken, daher ist das Symbol von BENEVOLENTI die Eibenbeere.<\/span><\/p>\n<p><span>Basierend auf meinem Logo habe ich einen Entwurf gezeichnet und das Eibenbeeren-K\u00e4ppchen in Indien f\u00fcr euch fair produzieren lassen. Manche nennen den Anh\u00e4nger auch Eichel, manche Acorn &#8211; das nehmen wir gerne mit, ist doch die Eiche ein Symbol f\u00fcr St\u00e4rke, Standhaftigkeit und langes Leben.<\/span><strong><\/strong><\/p>\n<p>BENEVOLENTI Anh\u00e4nger, 925 Silber oder vergoldetes 925 Silber, naturbelassener Edelstein in 6mm.<br \/>\nKette und Anh\u00e4nger auf handgeschriebener Karte: lass mich gerne einen pers\u00f6nlichen Wunsch wissen, das gibt dem Geschenk eine ganz andere Kraft!<\/p>\n","protected":false},"excerpt":{"rendered":"<p>Eibenbeere Schmuck Anh\u00e4nger in mittlerer Gr\u00f6sse. Perfekt als Anh\u00e4nger an einer Armkette, f\u00fcr Kreolen oder als Begleiter an dein Lieblingsamulett. Mit den sch\u00f6nsten Steinen aus der BENEVOLENTI Welt: Steinfinder Der germanischen Mythologie zufolge sind Eiben die m\u00e4chtigsten B\u00e4ume, die vor dem B\u00f6sen sch\u00fctzen. Diese Schutzkraft soll in jedem meiner Schmuckst\u00fccke&#8230; <a class=\"more-link\" href=\"https:\/\/www.benevolenti.com\/de\/produkt\/eibenbeere-midi-2\/\">Mehr<\/a><\/p>\n","protected":false},"featured_media":22175,"comment_status":"open","ping_status":"closed","template":"","meta":[],"product_brand":[],"product_cat":[334,744],"product_tag":[618,600,448,612,609,615,639,452,689,601,621,599,614,602,245,711,596,634,598,700,636,660,617,701,722,736,662,242,631,669,610,653,604,616,624,667],"class_list":{"0":"post-21705","1":"product","2":"type-product","3":"status-publish","4":"has-post-thumbnail","6":"product_cat-anhanger","7":"product_cat-eibenbeeren","8":"product_tag-achat","9":"product_tag-amazonit","10":"product_tag-amethyst","11":"product_tag-apatit","12":"product_tag-aquamarin","13":"product_tag-bergkristall","14":"product_tag-bernstein","15":"product_tag-bronzit","16":"product_tag-chalcedon","17":"product_tag-citrin","18":"product_tag-dumortierit","19":"product_tag-granat","20":"product_tag-haematit","21":"product_tag-heliotrop","22":"product_tag-jade-de","23":"product_tag-jaspis","24":"product_tag-karneol","25":"product_tag-labradorit","26":"product_tag-lapislazuli","27":"product_tag-lava","28":"product_tag-lepidolith","29":"product_tag-magnesit","30":"product_tag-moosachat","31":"product_tag-ozeanchalcedon","32":"product_tag-pietersit","33":"product_tag-prasem","34":"product_tag-prehnit","35":"product_tag-pyrit","36":"product_tag-rauchquarz","37":"product_tag-rhodonit","38":"product_tag-rosenquarz","39":"product_tag-rutilquarz","40":"product_tag-schwarzer-turmalin","41":"product_tag-sodalith","42":"product_tag-sonnenstein","43":"product_tag-versteinertes-holz","45":"first","46":"instock","47":"shipping-taxable","48":"purchasable","49":"product-type-variable"},"jetpack_sharing_enabled":true,"_links":{"self":[{"href":"https:\/\/www.benevolenti.com\/de\/wp-json\/wp\/v2\/product\/21705","targetHints":{"allow":["GET"]}}],"collection":[{"href":"https:\/\/www.benevolenti.com\/de\/wp-json\/wp\/v2\/product"}],"about":[{"href":"https:\/\/www.benevolenti.com\/de\/wp-json\/wp\/v2\/types\/product"}],"replies":[{"embeddable":true,"href":"https:\/\/www.benevolenti.com\/de\/wp-json\/wp\/v2\/comments?post=21705"}],"wp:featuredmedia":[{"embeddable":true,"href":"https:\/\/www.benevolenti.com\/de\/wp-json\/wp\/v2\/media\/22175"}],"wp:attachment":[{"href":"https:\/\/www.benevolenti.com\/de\/wp-json\/wp\/v2\/media?parent=21705"}],"wp:term":[{"taxonomy":"product_brand","embeddable":true,"href":"https:\/\/www.benevolenti.com\/de\/wp-json\/wp\/v2\/product_brand?post=21705"},{"taxonomy":"product_cat","embeddable":true,"href":"https:\/\/www.benevolenti.com\/de\/wp-json\/wp\/v2\/product_cat?post=21705"},{"taxonomy":"product_tag","embeddable":true,"href":"https:\/\/www.benevolenti.com\/de\/wp-json\/wp\/v2\/product_tag?post=21705"}],"curies":[{"name":"wp","href":"https:\/\/api.w.org\/{rel}","templated":true}]}}