{"id":21690,"date":"2024-11-01T17:32:35","date_gmt":"2024-11-01T16:32:35","guid":{"rendered":"https:\/\/www.benevolenti.com\/?post_type=product&#038;p=21690"},"modified":"2025-11-28T15:50:01","modified_gmt":"2025-11-28T14:50:01","slug":"rauhnaechte-ritual-der-13-wuensche","status":"publish","type":"product","link":"https:\/\/www.benevolenti.com\/de\/produkt\/rauhnaechte-ritual-der-13-wuensche\/","title":{"rendered":"RAUHN\u00c4CHTE Ritual der 13 W\u00fcnsche"},"content":{"rendered":"<p>Ein kleiner Umschlag mit 13 wundersch\u00f6n feinen Papieren, aus Japan f\u00fcr euch mitgebracht.<\/p>\n<p>Nutze die Wintersonnenwende am 21. Dezember oder die Tage vor Weihnachten um 13 konkrete W\u00fcnsche f\u00fcr das n\u00e4chste Jahr zu formulieren:<\/p>\n<ul>\n<li>Schreibe jeden Wunsch auf einen eigenen Zettel<\/li>\n<li>Falte die Zettel so, dass der Text nicht mehr lesbar ist und gib diese zur\u00fcck in den Umschlag<\/li>\n<li>Platziere den Umschlag mit den W\u00fcnschen an einem Ort, an dem du es immer wieder siehst<\/li>\n<li>W\u00e4hle in der ersten Rauhnacht, am 25. Dezember, den ersten Wunschzettel und verbrenne diesen in einem feuerfesten Gef\u00e4ss \u2013 ohne den Wunsch vorher zu lesen. Dieser Wunsch geht im Januar in Erf\u00fcllung.<\/li>\n<li>Verbrennen nun jeden Tag einen Zettel, bis von den 13 Wunschzetteln nur noch einer \u00fcbrig ist. Jeder der verbrannten W\u00fcnsche wird im jeweiligen Monat in Erf\u00fcllung gehen.<\/li>\n<li>Der letzte Wunsch wird nicht verbrannt. \u00d6ffne diesen Zettel in der letzten Rauhnacht und lese ihn. F\u00fcr diesen Wunsch bist du selber verantwortlich.<\/li>\n<\/ul>\n<p>Inhalt: Herzig goldener Umschlag, japanische Papiere, Z\u00fcndh\u00f6lzer.<\/p>\n","protected":false},"excerpt":{"rendered":"<p>Ein kleiner Umschlag mit 13 wundersch\u00f6n feinen Papieren, aus Japan f\u00fcr euch mitgebracht. Nutze die Wintersonnenwende am 21. Dezember oder die Tage vor Weihnachten um 13 konkrete W\u00fcnsche f\u00fcr das n\u00e4chste Jahr zu formulieren: Schreibe jeden Wunsch auf einen eigenen Zettel Falte die Zettel so, dass der Text nicht mehr&#8230; <a class=\"more-link\" href=\"https:\/\/www.benevolenti.com\/de\/produkt\/rauhnaechte-ritual-der-13-wuensche\/\">Mehr<\/a><\/p>\n","protected":false},"featured_media":23165,"comment_status":"open","ping_status":"closed","template":"","meta":[],"product_brand":[],"product_cat":[743],"product_tag":[],"class_list":{"0":"post-21690","1":"product","2":"type-product","3":"status-publish","4":"has-post-thumbnail","6":"product_cat-rauhnaechte","8":"first","9":"instock","10":"shipping-taxable","11":"purchasable","12":"product-type-simple"},"jetpack_sharing_enabled":true,"_links":{"self":[{"href":"https:\/\/www.benevolenti.com\/de\/wp-json\/wp\/v2\/product\/21690","targetHints":{"allow":["GET"]}}],"collection":[{"href":"https:\/\/www.benevolenti.com\/de\/wp-json\/wp\/v2\/product"}],"about":[{"href":"https:\/\/www.benevolenti.com\/de\/wp-json\/wp\/v2\/types\/product"}],"replies":[{"embeddable":true,"href":"https:\/\/www.benevolenti.com\/de\/wp-json\/wp\/v2\/comments?post=21690"}],"wp:featuredmedia":[{"embeddable":true,"href":"https:\/\/www.benevolenti.com\/de\/wp-json\/wp\/v2\/media\/23165"}],"wp:attachment":[{"href":"https:\/\/www.benevolenti.com\/de\/wp-json\/wp\/v2\/media?parent=21690"}],"wp:term":[{"taxonomy":"product_brand","embeddable":true,"href":"https:\/\/www.benevolenti.com\/de\/wp-json\/wp\/v2\/product_brand?post=21690"},{"taxonomy":"product_cat","embeddable":true,"href":"https:\/\/www.benevolenti.com\/de\/wp-json\/wp\/v2\/product_cat?post=21690"},{"taxonomy":"product_tag","embeddable":true,"href":"https:\/\/www.benevolenti.com\/de\/wp-json\/wp\/v2\/product_tag?post=21690"}],"curies":[{"name":"wp","href":"https:\/\/api.w.org\/{rel}","templated":true}]}}