{"id":21689,"date":"2024-10-15T17:16:04","date_gmt":"2024-10-15T15:16:04","guid":{"rendered":"https:\/\/www.benevolenti.com\/?post_type=product&#038;p=21689"},"modified":"2024-11-03T21:26:40","modified_gmt":"2024-11-03T20:26:40","slug":"rauhnaechte-journal","status":"publish","type":"product","link":"https:\/\/www.benevolenti.com\/de\/produkt\/rauhnaechte-journal\/","title":{"rendered":"RAUHN\u00c4CHTE Journal"},"content":{"rendered":"<p><strong>Ein wundersch\u00f6n illustrierter Begleiter f\u00fcr die magischste Zeit des Jahres, der gen\u00fcgend Platz bietet, um die Erfahrungen und Gedanken der Rauhn\u00e4chte festzuhalten und gest\u00e4rkt ins neue Jahr zu starten! <\/strong><\/p>\n<p><span>Dieses zauberhaft illustrierte Journal eignet sich ideal dazu, um darin die eigenen Gedanken, Fragen und Erkenntnisse aus der magischen Zeit zwischen den Jahren festzuhalten. Das Tagebuch bietet neben viel Platz f\u00fcr Notizen immer wieder Impulse, Motivation und Anleitung in Form von Affirmationen, Leitfragen und inspirierenden Zitaten. <\/span><\/p>\n<p><span class=\"a-list-item\"><span>Die ideale Erg\u00e4nzung zum Rauhn\u00e4chte-Buch und zum Kartenset\u00a0 <\/span><span class=\"a-text-italic\">Rauhn\u00e4chte \u2013 12 Tage nur f\u00fcr dich, mit v<\/span><\/span><span class=\"a-list-item\"><span>iel Raum, um die eigenen Gedanken und Erkenntnisse aufzuschreiben und m<\/span><\/span><span class=\"a-list-item\"><span>it Anleitungen, Leitfragen und Anregungen zur Selbstreflexion w\u00e4hrend der Rauhn\u00e4chte.<\/span><\/span><\/p>\n<p>Von Tanja K\u00f6hler, erschienen am 25. Oktober 2024<\/p>\n","protected":false},"excerpt":{"rendered":"<p>Ein wundersch\u00f6n illustrierter Begleiter f\u00fcr die magischste Zeit des Jahres, der gen\u00fcgend Platz bietet, um die Erfahrungen und Gedanken der Rauhn\u00e4chte festzuhalten und gest\u00e4rkt ins neue Jahr zu starten! Dieses zauberhaft illustrierte Journal eignet sich ideal dazu, um darin die eigenen Gedanken, Fragen und Erkenntnisse aus der magischen Zeit zwischen&#8230; <a class=\"more-link\" href=\"https:\/\/www.benevolenti.com\/de\/produkt\/rauhnaechte-journal\/\">Mehr<\/a><\/p>\n","protected":false},"featured_media":21822,"comment_status":"open","ping_status":"closed","template":"","meta":[],"product_brand":[],"product_cat":[743],"product_tag":[],"class_list":{"0":"post-21689","1":"product","2":"type-product","3":"status-publish","4":"has-post-thumbnail","6":"product_cat-rauhnaechte","8":"first","9":"instock","10":"shipping-taxable","11":"purchasable","12":"product-type-simple"},"jetpack_sharing_enabled":true,"_links":{"self":[{"href":"https:\/\/www.benevolenti.com\/de\/wp-json\/wp\/v2\/product\/21689","targetHints":{"allow":["GET"]}}],"collection":[{"href":"https:\/\/www.benevolenti.com\/de\/wp-json\/wp\/v2\/product"}],"about":[{"href":"https:\/\/www.benevolenti.com\/de\/wp-json\/wp\/v2\/types\/product"}],"replies":[{"embeddable":true,"href":"https:\/\/www.benevolenti.com\/de\/wp-json\/wp\/v2\/comments?post=21689"}],"wp:featuredmedia":[{"embeddable":true,"href":"https:\/\/www.benevolenti.com\/de\/wp-json\/wp\/v2\/media\/21822"}],"wp:attachment":[{"href":"https:\/\/www.benevolenti.com\/de\/wp-json\/wp\/v2\/media?parent=21689"}],"wp:term":[{"taxonomy":"product_brand","embeddable":true,"href":"https:\/\/www.benevolenti.com\/de\/wp-json\/wp\/v2\/product_brand?post=21689"},{"taxonomy":"product_cat","embeddable":true,"href":"https:\/\/www.benevolenti.com\/de\/wp-json\/wp\/v2\/product_cat?post=21689"},{"taxonomy":"product_tag","embeddable":true,"href":"https:\/\/www.benevolenti.com\/de\/wp-json\/wp\/v2\/product_tag?post=21689"}],"curies":[{"name":"wp","href":"https:\/\/api.w.org\/{rel}","templated":true}]}}