{"id":21688,"date":"2024-11-04T17:09:27","date_gmt":"2024-11-04T16:09:27","guid":{"rendered":"https:\/\/www.benevolenti.com\/?post_type=product&#038;p=21688"},"modified":"2025-12-12T13:46:41","modified_gmt":"2025-12-12T12:46:41","slug":"rauhnaechte-kartenset","status":"publish","type":"product","link":"https:\/\/www.benevolenti.com\/de\/produkt\/rauhnaechte-kartenset\/","title":{"rendered":"RAUHN\u00c4CHTE Kartenset"},"content":{"rendered":"<p><strong>Das Rauhn\u00e4chte-Kartenset \u2013 Der individuelle Begleiter f\u00fcr die Zeit zwischen den Jahren<\/strong><\/p>\n<p>Um die Rauhn\u00e4chte ranken sich seit jeher Legenden, Mythen und magische Geschichten. Es ist eine Zeit des Innehaltens, der Reflexion, Altes soll losgelassen und Neues begr\u00fcsst werden \u2013 die perfekte Zeit also f\u00fcr ein Rendezvous mit sich selbst!<\/p>\n<p>Mit diesen 48 wundersch\u00f6n gestalteten Karten lassen sich die Rauhn\u00e4chte ganz spielerisch und unkompliziert begehen. Inspirationen, Affirmationen und Rituale begleiten Dich durch die Zeit zwischen den Jahren und jede Rauhnacht l\u00e4sst sich durch den Einsatz zus\u00e4tzlicher Wahlkarten ganz individuell den eigenen Bed\u00fcrfnissen und der jeweils vorhandenen Zeit anpassen.<\/p>\n<p>Neben gef\u00fchrten Tagesritualen und Leitfragen zu den Kernthemen der Rauhn\u00e4chte bieten die Karten Tipps und \u00dcbungen, um Klarheit zu schaffen, Altes loszulassen und ins kommende Jahr zu starten \u2013 egal ob in Sachen Liebe, Job oder allgemeine Lebensfragen.<\/p>\n<p>Nimm Dir Zeit f\u00fcr Dich selbst!<\/p>\n<p>Ich \u00fcbernehme gerne die Versandkosten, wenn noch andere Artikel bestellt werden. Wird alleine das Kartenset gew\u00fcnscht, kommt ein Porto von 8.50 Franken dazu, ausser ihr holt es hier in Z\u00fcrich ab.<\/p>\n","protected":false},"excerpt":{"rendered":"<p>Das Rauhn\u00e4chte-Kartenset \u2013 Der individuelle Begleiter f\u00fcr die Zeit zwischen den Jahren Um die Rauhn\u00e4chte ranken sich seit jeher Legenden, Mythen und magische Geschichten. Es ist eine Zeit des Innehaltens, der Reflexion, Altes soll losgelassen und Neues begr\u00fcsst werden \u2013 die perfekte Zeit also f\u00fcr ein Rendezvous mit sich selbst!&#8230; <a class=\"more-link\" href=\"https:\/\/www.benevolenti.com\/de\/produkt\/rauhnaechte-kartenset\/\">Mehr<\/a><\/p>\n","protected":false},"featured_media":21838,"comment_status":"open","ping_status":"closed","template":"","meta":[],"product_brand":[],"product_cat":[743],"product_tag":[],"class_list":{"0":"post-21688","1":"product","2":"type-product","3":"status-publish","4":"has-post-thumbnail","6":"product_cat-rauhnaechte","8":"first","9":"instock","10":"shipping-taxable","11":"purchasable","12":"product-type-variable"},"jetpack_sharing_enabled":true,"_links":{"self":[{"href":"https:\/\/www.benevolenti.com\/de\/wp-json\/wp\/v2\/product\/21688","targetHints":{"allow":["GET"]}}],"collection":[{"href":"https:\/\/www.benevolenti.com\/de\/wp-json\/wp\/v2\/product"}],"about":[{"href":"https:\/\/www.benevolenti.com\/de\/wp-json\/wp\/v2\/types\/product"}],"replies":[{"embeddable":true,"href":"https:\/\/www.benevolenti.com\/de\/wp-json\/wp\/v2\/comments?post=21688"}],"wp:featuredmedia":[{"embeddable":true,"href":"https:\/\/www.benevolenti.com\/de\/wp-json\/wp\/v2\/media\/21838"}],"wp:attachment":[{"href":"https:\/\/www.benevolenti.com\/de\/wp-json\/wp\/v2\/media?parent=21688"}],"wp:term":[{"taxonomy":"product_brand","embeddable":true,"href":"https:\/\/www.benevolenti.com\/de\/wp-json\/wp\/v2\/product_brand?post=21688"},{"taxonomy":"product_cat","embeddable":true,"href":"https:\/\/www.benevolenti.com\/de\/wp-json\/wp\/v2\/product_cat?post=21688"},{"taxonomy":"product_tag","embeddable":true,"href":"https:\/\/www.benevolenti.com\/de\/wp-json\/wp\/v2\/product_tag?post=21688"}],"curies":[{"name":"wp","href":"https:\/\/api.w.org\/{rel}","templated":true}]}}