{"id":21687,"date":"2024-10-20T14:37:45","date_gmt":"2024-10-20T12:37:45","guid":{"rendered":"https:\/\/www.benevolenti.com\/?post_type=product&#038;p=21687"},"modified":"2026-01-15T14:56:32","modified_gmt":"2026-01-15T13:56:32","slug":"rauhnaechte-box","status":"publish","type":"product","link":"https:\/\/www.benevolenti.com\/de\/produkt\/rauhnaechte-box\/","title":{"rendered":"RAUHN\u00c4CHTE Box"},"content":{"rendered":"<p>Letztes Jahr habe ich diese Box getestet, sie ist mit mir nach Zermatt und Mallorca gereist. 5 Freundinnen haben mitgetestet und ich habe die Feedbacks integriert.<\/p>\n<p>Nun ist die reisetaugliche, alles umfassende, sorgenfreie Rauchn\u00e4chte Box auch f\u00fcr euch zu haben:<\/p>\n<ul>\n<li>Buch f\u00fcr dich <strong><em>oder<\/em><\/strong> Buch f\u00fcr euch <strong><em>oder<\/em><\/strong> Kartenset<\/li>\n<li>Journal <strong><em>oder<\/em><\/strong> Tagebuch <strong><em>oder<\/em><\/strong> kein Tagebuch<\/li>\n<li>Steine Begleitung<\/li>\n<li>Japanisches Sch\u00e4lchen<\/li>\n<li>13 W\u00fcnsche<\/li>\n<li>Japanischer Stift<\/li>\n<li>12 verschiedene R\u00e4ucher Kegel <strong><em>oder<\/em><\/strong> R\u00e4ucherwaren, Kr\u00e4uterb\u00fcschel, Sieb &amp; Kerze <strong><em>oder<\/em><\/strong> Palo Santo Stick<\/li>\n<\/ul>\n<p><i>Alle R\u00e4ucherwaren sind selber angebaut, gesammelt und angefertigt (Weihrauch &amp; Myrrhe gekauft). Nat\u00fcrlich freue ich mich auch weiter \u00fcber Feedback zu diesem Herzensding!<\/i><\/p>\n<p>&nbsp;<\/p>\n","protected":false},"excerpt":{"rendered":"<p>Letztes Jahr habe ich diese Box getestet, sie ist mit mir nach Zermatt und Mallorca gereist. 5 Freundinnen haben mitgetestet und ich habe die Feedbacks integriert. Nun ist die reisetaugliche, alles umfassende, sorgenfreie Rauchn\u00e4chte Box auch f\u00fcr euch zu haben: Buch f\u00fcr dich oder Buch f\u00fcr euch oder Kartenset Journal&#8230; <a class=\"more-link\" href=\"https:\/\/www.benevolenti.com\/de\/produkt\/rauhnaechte-box\/\">Mehr<\/a><\/p>\n","protected":false},"featured_media":21801,"comment_status":"open","ping_status":"closed","template":"","meta":[],"product_brand":[],"product_cat":[743],"product_tag":[],"class_list":{"0":"post-21687","1":"product","2":"type-product","3":"status-publish","4":"has-post-thumbnail","6":"product_cat-rauhnaechte","8":"first","9":"instock","10":"shipping-taxable","11":"purchasable","12":"product-type-variable"},"jetpack_sharing_enabled":true,"_links":{"self":[{"href":"https:\/\/www.benevolenti.com\/de\/wp-json\/wp\/v2\/product\/21687","targetHints":{"allow":["GET"]}}],"collection":[{"href":"https:\/\/www.benevolenti.com\/de\/wp-json\/wp\/v2\/product"}],"about":[{"href":"https:\/\/www.benevolenti.com\/de\/wp-json\/wp\/v2\/types\/product"}],"replies":[{"embeddable":true,"href":"https:\/\/www.benevolenti.com\/de\/wp-json\/wp\/v2\/comments?post=21687"}],"wp:featuredmedia":[{"embeddable":true,"href":"https:\/\/www.benevolenti.com\/de\/wp-json\/wp\/v2\/media\/21801"}],"wp:attachment":[{"href":"https:\/\/www.benevolenti.com\/de\/wp-json\/wp\/v2\/media?parent=21687"}],"wp:term":[{"taxonomy":"product_brand","embeddable":true,"href":"https:\/\/www.benevolenti.com\/de\/wp-json\/wp\/v2\/product_brand?post=21687"},{"taxonomy":"product_cat","embeddable":true,"href":"https:\/\/www.benevolenti.com\/de\/wp-json\/wp\/v2\/product_cat?post=21687"},{"taxonomy":"product_tag","embeddable":true,"href":"https:\/\/www.benevolenti.com\/de\/wp-json\/wp\/v2\/product_tag?post=21687"}],"curies":[{"name":"wp","href":"https:\/\/api.w.org\/{rel}","templated":true}]}}