{"id":21685,"date":"2024-11-02T11:24:36","date_gmt":"2024-11-02T10:24:36","guid":{"rendered":"https:\/\/www.benevolenti.com\/?post_type=product&#038;p=21685"},"modified":"2025-01-14T08:28:05","modified_gmt":"2025-01-14T07:28:05","slug":"rauhnaechte-steine-set","status":"publish","type":"product","link":"https:\/\/www.benevolenti.com\/de\/produkt\/rauhnaechte-steine-set\/","title":{"rendered":"RAUHN\u00c4CHTE Steine-Set"},"content":{"rendered":"<p>Mit grosser Freude habe ich euch eine Steinbegleitung f\u00fcr jede Rauhnacht zusammengestellt, abgestimmt auf das Buch und Kartenset!<\/p>\n<p>Ich habe jeden Stein pers\u00f6nlich ausgesucht, im Atelier unter fliessendem Wasser gereinigt und in der Klangschale aufgeladen, damit er dich auf dem Weg durch die Rauhn\u00e4chte begleiten kann:<\/p>\n<ul>\n<li>Amethyst<\/li>\n<li>Bergkristall<\/li>\n<li>Bronzit<\/li>\n<li>Citrin<\/li>\n<li>Fluorit<\/li>\n<li>Jaspis<\/li>\n<li>Labradorit<\/li>\n<li>Magnesit<\/li>\n<li>Moosachat<\/li>\n<li>Rhodonit<\/li>\n<li>Rosenquarz<\/li>\n<li>Smaragd<\/li>\n<\/ul>\n<p>Dieses Set ist auch ein toller Begleiter durch das ganze folgende Jahr, weil jede Rauhnacht jeweils einem Monat entspricht: die erste Rauhnacht steht f\u00fcr den Januar, die letzte Rauhnacht geh\u00f6rt zum Dezember&#8230;. n\u00e4chstes Jahr sind deine Steinbegleiter wieder f\u00fcr dich da.<\/p>\n","protected":false},"excerpt":{"rendered":"<p>Mit grosser Freude habe ich euch eine Steinbegleitung f\u00fcr jede Rauhnacht zusammengestellt, abgestimmt auf das Buch und Kartenset! Ich habe jeden Stein pers\u00f6nlich ausgesucht, im Atelier unter fliessendem Wasser gereinigt und in der Klangschale aufgeladen, damit er dich auf dem Weg durch die Rauhn\u00e4chte begleiten kann: Amethyst Bergkristall Bronzit Citrin&#8230; <a class=\"more-link\" href=\"https:\/\/www.benevolenti.com\/de\/produkt\/rauhnaechte-steine-set\/\">Mehr<\/a><\/p>\n","protected":false},"featured_media":21857,"comment_status":"open","ping_status":"closed","template":"","meta":[],"product_brand":[],"product_cat":[743],"product_tag":[448,615,452,601,637,711,634,660,617,669,610,640],"class_list":{"0":"post-21685","1":"product","2":"type-product","3":"status-publish","4":"has-post-thumbnail","6":"product_cat-rauhnaechte","7":"product_tag-amethyst","8":"product_tag-bergkristall","9":"product_tag-bronzit","10":"product_tag-citrin","11":"product_tag-fluorit","12":"product_tag-jaspis","13":"product_tag-labradorit","14":"product_tag-magnesit","15":"product_tag-moosachat","16":"product_tag-rhodonit","17":"product_tag-rosenquarz","18":"product_tag-smaragd","20":"first","21":"instock","22":"shipping-taxable","23":"purchasable","24":"product-type-simple"},"jetpack_sharing_enabled":true,"_links":{"self":[{"href":"https:\/\/www.benevolenti.com\/de\/wp-json\/wp\/v2\/product\/21685","targetHints":{"allow":["GET"]}}],"collection":[{"href":"https:\/\/www.benevolenti.com\/de\/wp-json\/wp\/v2\/product"}],"about":[{"href":"https:\/\/www.benevolenti.com\/de\/wp-json\/wp\/v2\/types\/product"}],"replies":[{"embeddable":true,"href":"https:\/\/www.benevolenti.com\/de\/wp-json\/wp\/v2\/comments?post=21685"}],"wp:featuredmedia":[{"embeddable":true,"href":"https:\/\/www.benevolenti.com\/de\/wp-json\/wp\/v2\/media\/21857"}],"wp:attachment":[{"href":"https:\/\/www.benevolenti.com\/de\/wp-json\/wp\/v2\/media?parent=21685"}],"wp:term":[{"taxonomy":"product_brand","embeddable":true,"href":"https:\/\/www.benevolenti.com\/de\/wp-json\/wp\/v2\/product_brand?post=21685"},{"taxonomy":"product_cat","embeddable":true,"href":"https:\/\/www.benevolenti.com\/de\/wp-json\/wp\/v2\/product_cat?post=21685"},{"taxonomy":"product_tag","embeddable":true,"href":"https:\/\/www.benevolenti.com\/de\/wp-json\/wp\/v2\/product_tag?post=21685"}],"curies":[{"name":"wp","href":"https:\/\/api.w.org\/{rel}","templated":true}]}}