{"id":21680,"date":"2024-11-05T11:04:40","date_gmt":"2024-11-05T10:04:40","guid":{"rendered":"https:\/\/www.benevolenti.com\/?post_type=product&#038;p=21680"},"modified":"2025-01-14T08:26:13","modified_gmt":"2025-01-14T07:26:13","slug":"buch-rauhnaechte-fuer-dich","status":"publish","type":"product","link":"https:\/\/www.benevolenti.com\/de\/produkt\/buch-rauhnaechte-fuer-dich\/","title":{"rendered":"RAUHN\u00c4CHTE Buch f\u00fcr DICH"},"content":{"rendered":"<p>Dieses Buch von Tanja K\u00f6hler hat mich letztes Jahr durch die Rauhn\u00e4chte gef\u00fchrt und ich habe es geliebt! Es wurde auf Anhieb zum Bestseller, war nicht mehr erh\u00e4ltlich und so wollte ich es f\u00fcr euch haben und euch meine letztes Jahr getesteten Edelsteine und R\u00e4ucherkr\u00e4uter auch anbieten.<\/p>\n<p>Seit einigen Jahren erfahren die Rituale um die zw\u00f6lf Tage zwischen Weihnachten und dem Dreik\u00f6nigstag am 6. Januar einen stetigen Zulauf. Es ist eine Zeit des Innehaltens, der Reflexion, Altes soll losgelassen und Neues begr\u00fc\u00dft werden die perfekte Zeit also f\u00fcr ein Rendezvous mit sich selbst!<\/p>\n<p>Der kompakte Guide ist der perfekte Einstieg f\u00fcr alle, die sich mithilfe der traditionellen Rituale der Rauhn\u00e4chte auf sich selbst besinnen und sich Klarheit \u00fcber die eigenen Bed\u00fcrfnisse, W\u00fcnsche und Ziele verschaffen wollen. Der Clou dabei: Die kurzen 15-Minuten-Rituale lassen sich ideal in den Alltag integrieren.<\/p>\n<p>Ein zauberhafter Begleiter, um sich auf sich selbst zu besinnen und die Weichen f\u00fcr ein kraftvolles und erfolgreiches neues Jahr zu stellen!<\/p>\n<p><em><strong>Rauhn\u00e4chte Buch von Tanja K\u00f6hler. Auf Wunsch begleitet vom passenden Journal oder einem gebundenen Tagebuch.<\/strong><\/em><\/p>\n<p><em><strong><a href=\"https:\/\/www.benevolenti.com\/de\/produkt\/rauhnaechte-steine-set\/\">Stein Begleitung<\/a> und <a href=\"https:\/\/www.benevolenti.com\/de\/produkt\/rauhnaechte-raeuchern\/\">Begleitung zum R\u00e4uchern<\/a> bitte separat bestellen oder gleich die ganze <a href=\"https:\/\/www.benevolenti.com\/de\/produkt\/rauhnaechte-box\/\">Rauhn\u00e4chte Geschenkbox<\/a>.<\/strong><\/em><\/p>\n","protected":false},"excerpt":{"rendered":"<p>Dieses Buch von Tanja K\u00f6hler hat mich letztes Jahr durch die Rauhn\u00e4chte gef\u00fchrt und ich habe es geliebt! Es wurde auf Anhieb zum Bestseller, war nicht mehr erh\u00e4ltlich und so wollte ich es f\u00fcr euch haben und euch meine letztes Jahr getesteten Edelsteine und R\u00e4ucherkr\u00e4uter auch anbieten. Seit einigen Jahren&#8230; <a class=\"more-link\" href=\"https:\/\/www.benevolenti.com\/de\/produkt\/buch-rauhnaechte-fuer-dich\/\">Mehr<\/a><\/p>\n","protected":false},"featured_media":21772,"comment_status":"open","ping_status":"closed","template":"","meta":[],"product_brand":[],"product_cat":[743],"product_tag":[],"class_list":{"0":"post-21680","1":"product","2":"type-product","3":"status-publish","4":"has-post-thumbnail","6":"product_cat-rauhnaechte","8":"first","9":"instock","10":"shipping-taxable","11":"purchasable","12":"product-type-variable"},"jetpack_sharing_enabled":true,"_links":{"self":[{"href":"https:\/\/www.benevolenti.com\/de\/wp-json\/wp\/v2\/product\/21680","targetHints":{"allow":["GET"]}}],"collection":[{"href":"https:\/\/www.benevolenti.com\/de\/wp-json\/wp\/v2\/product"}],"about":[{"href":"https:\/\/www.benevolenti.com\/de\/wp-json\/wp\/v2\/types\/product"}],"replies":[{"embeddable":true,"href":"https:\/\/www.benevolenti.com\/de\/wp-json\/wp\/v2\/comments?post=21680"}],"wp:featuredmedia":[{"embeddable":true,"href":"https:\/\/www.benevolenti.com\/de\/wp-json\/wp\/v2\/media\/21772"}],"wp:attachment":[{"href":"https:\/\/www.benevolenti.com\/de\/wp-json\/wp\/v2\/media?parent=21680"}],"wp:term":[{"taxonomy":"product_brand","embeddable":true,"href":"https:\/\/www.benevolenti.com\/de\/wp-json\/wp\/v2\/product_brand?post=21680"},{"taxonomy":"product_cat","embeddable":true,"href":"https:\/\/www.benevolenti.com\/de\/wp-json\/wp\/v2\/product_cat?post=21680"},{"taxonomy":"product_tag","embeddable":true,"href":"https:\/\/www.benevolenti.com\/de\/wp-json\/wp\/v2\/product_tag?post=21680"}],"curies":[{"name":"wp","href":"https:\/\/api.w.org\/{rel}","templated":true}]}}