{"id":21659,"date":"2024-10-14T04:10:51","date_gmt":"2024-10-14T02:10:51","guid":{"rendered":"https:\/\/www.benevolenti.com\/?post_type=product&#038;p=21659"},"modified":"2024-11-13T09:06:26","modified_gmt":"2024-11-13T08:06:26","slug":"pendulum-schlaf-gut","status":"publish","type":"product","link":"https:\/\/www.benevolenti.com\/de\/produkt\/pendulum-schlaf-gut\/","title":{"rendered":"PENDULUM Schlaf gut!"},"content":{"rendered":"<p>Dieses BENEVOLENTI ist ein wundersch\u00f6nes Geburts- oder Geburtstagsgeschenk. Oder einfach so, weil gut schlafen f\u00fcr alle Beteiligten Gl\u00fcck und Zufriedenheit bedeutet.<\/p>\n<p>Das K\u00e4rtchen mit dem Wunsch \u201eSchlaf gut!\u201c sowie untenstehende Stein-Beschreibungen unterst\u00fctzen den guten Wunsch.<\/p>\n<p>Krippenbaumler aus facettiertem Rosenquarz.<br \/>\nSeidenband rose.<\/p>\n<p>Kann an der N\u00e4he der Krippe befestigt werden. Achtung &#8211; kein Spielzeug!<\/p>\n","protected":false},"excerpt":{"rendered":"<p>Dieses BENEVOLENTI ist ein wundersch\u00f6nes Geburts- oder Geburtstagsgeschenk. Oder einfach so, weil gut schlafen f\u00fcr alle Beteiligten Gl\u00fcck und Zufriedenheit bedeutet. Das K\u00e4rtchen mit dem Wunsch \u201eSchlaf gut!\u201c sowie untenstehende Stein-Beschreibungen unterst\u00fctzen den guten Wunsch. Krippenbaumler aus facettiertem Rosenquarz. Seidenband rose. Kann an der N\u00e4he der Krippe befestigt werden. Achtung&#8230; <a class=\"more-link\" href=\"https:\/\/www.benevolenti.com\/de\/produkt\/pendulum-schlaf-gut\/\">Mehr<\/a><\/p>\n","protected":false},"featured_media":21657,"comment_status":"open","ping_status":"closed","template":"","meta":[],"product_brand":[],"product_cat":[39,139],"product_tag":[610],"class_list":{"0":"post-21659","1":"product","2":"type-product","3":"status-publish","4":"has-post-thumbnail","6":"product_cat-accessories-de","7":"product_cat-kommunion-geburi","8":"product_tag-rosenquarz","10":"first","11":"instock","12":"shipping-taxable","13":"purchasable","14":"product-type-variable"},"jetpack_sharing_enabled":true,"_links":{"self":[{"href":"https:\/\/www.benevolenti.com\/de\/wp-json\/wp\/v2\/product\/21659","targetHints":{"allow":["GET"]}}],"collection":[{"href":"https:\/\/www.benevolenti.com\/de\/wp-json\/wp\/v2\/product"}],"about":[{"href":"https:\/\/www.benevolenti.com\/de\/wp-json\/wp\/v2\/types\/product"}],"replies":[{"embeddable":true,"href":"https:\/\/www.benevolenti.com\/de\/wp-json\/wp\/v2\/comments?post=21659"}],"wp:featuredmedia":[{"embeddable":true,"href":"https:\/\/www.benevolenti.com\/de\/wp-json\/wp\/v2\/media\/21657"}],"wp:attachment":[{"href":"https:\/\/www.benevolenti.com\/de\/wp-json\/wp\/v2\/media?parent=21659"}],"wp:term":[{"taxonomy":"product_brand","embeddable":true,"href":"https:\/\/www.benevolenti.com\/de\/wp-json\/wp\/v2\/product_brand?post=21659"},{"taxonomy":"product_cat","embeddable":true,"href":"https:\/\/www.benevolenti.com\/de\/wp-json\/wp\/v2\/product_cat?post=21659"},{"taxonomy":"product_tag","embeddable":true,"href":"https:\/\/www.benevolenti.com\/de\/wp-json\/wp\/v2\/product_tag?post=21659"}],"curies":[{"name":"wp","href":"https:\/\/api.w.org\/{rel}","templated":true}]}}