{"id":21581,"date":"2024-09-27T18:24:24","date_gmt":"2024-09-27T16:24:24","guid":{"rendered":"https:\/\/www.benevolenti.com\/?post_type=product&#038;p=21581"},"modified":"2025-11-02T08:10:10","modified_gmt":"2025-11-02T07:10:10","slug":"halskette-passion","status":"publish","type":"product","link":"https:\/\/www.benevolenti.com\/de\/produkt\/halskette-passion\/","title":{"rendered":"HALSKETTE Passion"},"content":{"rendered":"<p>Rubellit, in Kristallform und sch\u00f6nster Qualit\u00e4t, f\u00fcr Leidenschaft und Lebendigkeit.<\/p>\n<p>Kette 925 Silber (vergoldet).<\/p>\n","protected":false},"excerpt":{"rendered":"<p>Rubellit, in Kristallform und sch\u00f6nster Qualit\u00e4t, f\u00fcr Leidenschaft und Lebendigkeit. Kette 925 Silber (vergoldet).<\/p>\n","protected":false},"featured_media":21590,"comment_status":"open","ping_status":"closed","template":"","meta":[],"product_brand":[],"product_cat":[707],"product_tag":[453],"class_list":{"0":"post-21581","1":"product","2":"type-product","3":"status-publish","4":"has-post-thumbnail","6":"product_cat-freude-zufriedenheit","7":"product_tag-turmalin","9":"first","10":"instock","11":"shipping-taxable","12":"purchasable","13":"product-type-variable"},"jetpack_sharing_enabled":true,"_links":{"self":[{"href":"https:\/\/www.benevolenti.com\/de\/wp-json\/wp\/v2\/product\/21581","targetHints":{"allow":["GET"]}}],"collection":[{"href":"https:\/\/www.benevolenti.com\/de\/wp-json\/wp\/v2\/product"}],"about":[{"href":"https:\/\/www.benevolenti.com\/de\/wp-json\/wp\/v2\/types\/product"}],"replies":[{"embeddable":true,"href":"https:\/\/www.benevolenti.com\/de\/wp-json\/wp\/v2\/comments?post=21581"}],"wp:featuredmedia":[{"embeddable":true,"href":"https:\/\/www.benevolenti.com\/de\/wp-json\/wp\/v2\/media\/21590"}],"wp:attachment":[{"href":"https:\/\/www.benevolenti.com\/de\/wp-json\/wp\/v2\/media?parent=21581"}],"wp:term":[{"taxonomy":"product_brand","embeddable":true,"href":"https:\/\/www.benevolenti.com\/de\/wp-json\/wp\/v2\/product_brand?post=21581"},{"taxonomy":"product_cat","embeddable":true,"href":"https:\/\/www.benevolenti.com\/de\/wp-json\/wp\/v2\/product_cat?post=21581"},{"taxonomy":"product_tag","embeddable":true,"href":"https:\/\/www.benevolenti.com\/de\/wp-json\/wp\/v2\/product_tag?post=21581"}],"curies":[{"name":"wp","href":"https:\/\/api.w.org\/{rel}","templated":true}]}}