{"id":21563,"date":"2026-03-26T22:10:43","date_gmt":"2026-03-26T21:10:43","guid":{"rendered":"https:\/\/www.benevolenti.com\/?post_type=product&#038;p=21563"},"modified":"2026-04-03T19:28:41","modified_gmt":"2026-04-03T17:28:41","slug":"wunsch-armband-eibenbeere-2","status":"publish","type":"product","link":"https:\/\/www.benevolenti.com\/de\/produkt\/wunsch-armband-eibenbeere-2\/","title":{"rendered":"WUNSCH ARMBAND Eibenbeere"},"content":{"rendered":"<p><span>Das klassische MINI Eibenbeeri auf Seide als Wunscharmband. Mit allen BENEVOLENTI Edelsteinen von SUPERSEVEN: <a href=\"https:\/\/www.benevolenti.com\/de\/produkt\/superseven\/?_gl=1*1jnvsd0*_up*MQ..*_ga*MjA2ODM4MDM4Ny4xNzQyMTk3OTEy*_ga_P5C85TRS11*czE3NzUyMzU3NzkkbzMxOSRnMSR0MTc3NTIzNjMyMiRqNjAkbDAkaDA.\">Steinauswahl<\/a><\/span><\/p>\n<p><span>Der germanischen Mythologie zufolge sind Eiben die m\u00e4chtigsten B\u00e4ume, die vor dem B\u00f6sen sch\u00fctzen. Diese Schutzkraft soll in jedem meiner Schmuckst\u00fccke stecken, daher ist das Symbol von BENEVOLENTI die Eibenbeere.<\/span><\/p>\n<p><span>Basierend auf meinem Logo habe ich einen Entwurf gezeichnet und das Eibenbeeren-K\u00e4ppchen in Indien f\u00fcr euch fair produzieren lassen. Manche nennen den Anh\u00e4nger auch Eichel, manche Acorn \u2013 das nehmen wir gerne mit, ist doch die Eiche ein Symbol f\u00fcr St\u00e4rke, Standhaftigkeit und langes Leben.<\/span><\/p>\n<p>Wunscharmband aus 100% Seide, 925 Silber (vergoldet) auf handgeschriebener Karte. Gerne auch personalisiert!<\/p>\n","protected":false},"excerpt":{"rendered":"<p>Das klassische MINI Eibenbeeri auf Seide als Wunscharmband. Mit allen BENEVOLENTI Edelsteinen von SUPERSEVEN: Steinauswahl Der germanischen Mythologie zufolge sind Eiben die m\u00e4chtigsten B\u00e4ume, die vor dem B\u00f6sen sch\u00fctzen. Diese Schutzkraft soll in jedem meiner Schmuckst\u00fccke stecken, daher ist das Symbol von BENEVOLENTI die Eibenbeere. Basierend auf meinem Logo habe&#8230; <a class=\"more-link\" href=\"https:\/\/www.benevolenti.com\/de\/produkt\/wunsch-armband-eibenbeere-2\/\">Mehr<\/a><\/p>\n","protected":false},"featured_media":23270,"comment_status":"open","ping_status":"closed","template":"","meta":[],"product_brand":[],"product_cat":[199,744,643,336],"product_tag":[600,448,746,612,609,633,619,452,689,601,621,637,599,614,602,245,711,596,634,598,700,636,660,617,658,605,706,611,718,701,662,242,631,669,610,653,747,604,710,616,748,699],"class_list":{"0":"post-21563","1":"product","2":"type-product","3":"status-publish","4":"has-post-thumbnail","6":"product_cat-neu","7":"product_cat-eibenbeeren","8":"product_cat-geschenke-fuer-sie","9":"product_cat-seide","10":"product_tag-amazonit","11":"product_tag-amethyst","12":"product_tag-angelia","13":"product_tag-apatit","14":"product_tag-aquamarin","15":"product_tag-aragonit","16":"product_tag-aventurin","17":"product_tag-bronzit","18":"product_tag-chalcedon","19":"product_tag-citrin","20":"product_tag-dumortierit","21":"product_tag-fluorit","22":"product_tag-granat","23":"product_tag-haematit","24":"product_tag-heliotrop","25":"product_tag-jade-de","26":"product_tag-jaspis","27":"product_tag-karneol","28":"product_tag-labradorit","29":"product_tag-lapislazuli","30":"product_tag-lava","31":"product_tag-lepidolith","32":"product_tag-magnesit","33":"product_tag-moosachat","34":"product_tag-morganit","35":"product_tag-muskovit","36":"product_tag-obsidian","37":"product_tag-onyx","38":"product_tag-opalith","39":"product_tag-ozeanchalcedon","40":"product_tag-prehnit","41":"product_tag-pyrit","42":"product_tag-rauchquarz","43":"product_tag-rhodonit","44":"product_tag-rosenquarz","45":"product_tag-rutilquarz","46":"product_tag-schungit","47":"product_tag-schwarzer-turmalin","48":"product_tag-serpentin","49":"product_tag-sodalith","50":"product_tag-tansanit","51":"product_tag-tigerauge","53":"first","54":"instock","55":"shipping-taxable","56":"purchasable","57":"product-type-variable"},"jetpack_sharing_enabled":true,"_links":{"self":[{"href":"https:\/\/www.benevolenti.com\/de\/wp-json\/wp\/v2\/product\/21563","targetHints":{"allow":["GET"]}}],"collection":[{"href":"https:\/\/www.benevolenti.com\/de\/wp-json\/wp\/v2\/product"}],"about":[{"href":"https:\/\/www.benevolenti.com\/de\/wp-json\/wp\/v2\/types\/product"}],"replies":[{"embeddable":true,"href":"https:\/\/www.benevolenti.com\/de\/wp-json\/wp\/v2\/comments?post=21563"}],"wp:featuredmedia":[{"embeddable":true,"href":"https:\/\/www.benevolenti.com\/de\/wp-json\/wp\/v2\/media\/23270"}],"wp:attachment":[{"href":"https:\/\/www.benevolenti.com\/de\/wp-json\/wp\/v2\/media?parent=21563"}],"wp:term":[{"taxonomy":"product_brand","embeddable":true,"href":"https:\/\/www.benevolenti.com\/de\/wp-json\/wp\/v2\/product_brand?post=21563"},{"taxonomy":"product_cat","embeddable":true,"href":"https:\/\/www.benevolenti.com\/de\/wp-json\/wp\/v2\/product_cat?post=21563"},{"taxonomy":"product_tag","embeddable":true,"href":"https:\/\/www.benevolenti.com\/de\/wp-json\/wp\/v2\/product_tag?post=21563"}],"curies":[{"name":"wp","href":"https:\/\/api.w.org\/{rel}","templated":true}]}}