{"id":21473,"date":"2024-08-25T15:53:12","date_gmt":"2024-08-25T13:53:12","guid":{"rendered":"https:\/\/www.benevolenti.com\/?post_type=product&#038;p=21473"},"modified":"2024-10-17T05:57:20","modified_gmt":"2024-10-17T03:57:20","slug":"mann-armband-eibenbeere","status":"publish","type":"product","link":"https:\/\/www.benevolenti.com\/de\/produkt\/mann-armband-eibenbeere\/","title":{"rendered":"MANN Armband Eibenbeere"},"content":{"rendered":"<p>Starkes Stein-Armband mit BENEVOLENTI Eibenbeere, im Baumwoll-Sachet, mit Wunschkarte und Steinbeschreibung.<\/p>\n<p>Auf den Bildern mit Schungit (schwarz, ein toller Gesundheitsstein!) und Silberauge (Serpentin, <span>schenkt einen tiefen inneren Frieden, da er \u00e4u\u00dfere Einfl\u00fcsse fernh\u00e4lt und Schutz bietet. Auf diese Weise kann er bei Stimmungsschwankungen helfen, Stress sowie Anspannung ausgleichen und Aggressivit\u00e4t mindern.)<\/span><span><\/span><\/p>\n<p>Folgende Steine und W\u00fcnsche stehen auch zur Auswahl:<br \/>\nBronzit \u2013 matt braun \u2013 Stay cool!<br \/>\nBronzit\u00a0\u2013 braun\u00a0\u2013 Stay cool!<br \/>\nJaspis \u2013 dunkelgrau mit braunrot \u2013 Never give up!<br \/>\nMookait \u2013 matt farbig \u2013 Stay strong and curious!<br \/>\nTurmalin \u2013 schwarz \u2013 Stay safe and sound!<br \/>\nTigerauge \u2013 gelb\u00a0\u2013 The EYE of the tiger<br \/>\nTigerauge matt \u2013 gelb \u2013 The EYE of the tiger<br \/>\nLava \u2013 schwarz\u00a0\u2013 Let\u2019s do it!<br \/>\nObsidian \u2013 schwarz mit ganz wenig braun \u2013 Stay hot!<br \/>\nOzeanchalcedon\u00a0\u2013 farbig\u00a0\u2013 Stay healthy and positive!<br \/>\nLandschaftsjaspis\u00a0\u2013 braun\u00a0\u2013 Power of endurance<br \/>\nTuritellajaspis\u00a0\u2013 braun mit Urtier-Einschl\u00fcssen \u2013 Stay strong!<br \/>\nDumortierit \u2013 blau\u00a0\u2013 Take it easy!<br \/>\nVersteinertes Holz \u2013 matt grau \u2013 I am centered. I am strong.<\/p>\n<p>Auf dem einen Foto tr\u00e4gt Marcello Tigereisen und Tigerauge, auf dem anderen Pyrit, Onyx und matter Bronzit.<\/p>\n<p>Gerne auch mit pers\u00f6nlichem Wunsch oder in kleinerer Gr\u00f6sse, einfach beim Auschecken Notiz machen.<\/p>\n<p>L\u00e4nge Armband (falls Handgelenkmessung m\u00f6glich, gerne im Checkout-Feld angeben!):<br \/>\n20-21 cm: S<br \/>\n21-23 cm: M<br \/>\n23-25 cm: L<br \/>\n25-26 cm: XL<\/p>\n","protected":false},"excerpt":{"rendered":"<p>Starkes Stein-Armband mit BENEVOLENTI Eibenbeere, im Baumwoll-Sachet, mit Wunschkarte und Steinbeschreibung. Auf den Bildern mit Schungit (schwarz, ein toller Gesundheitsstein!) und Silberauge (Serpentin, schenkt einen tiefen inneren Frieden, da er \u00e4u\u00dfere Einfl\u00fcsse fernh\u00e4lt und Schutz bietet. Auf diese Weise kann er bei Stimmungsschwankungen helfen, Stress sowie Anspannung ausgleichen und Aggressivit\u00e4t&#8230; <a class=\"more-link\" href=\"https:\/\/www.benevolenti.com\/de\/produkt\/mann-armband-eibenbeere\/\">Mehr<\/a><\/p>\n","protected":false},"featured_media":21452,"comment_status":"open","ping_status":"closed","template":"","meta":[],"product_brand":[],"product_cat":[199,744,124],"product_tag":[],"class_list":{"0":"post-21473","1":"product","2":"type-product","3":"status-publish","4":"has-post-thumbnail","6":"product_cat-neu","7":"product_cat-eibenbeeren","8":"product_cat-fur-ihn","10":"first","11":"instock","12":"shipping-taxable","13":"purchasable","14":"product-type-variable"},"jetpack_sharing_enabled":true,"_links":{"self":[{"href":"https:\/\/www.benevolenti.com\/de\/wp-json\/wp\/v2\/product\/21473","targetHints":{"allow":["GET"]}}],"collection":[{"href":"https:\/\/www.benevolenti.com\/de\/wp-json\/wp\/v2\/product"}],"about":[{"href":"https:\/\/www.benevolenti.com\/de\/wp-json\/wp\/v2\/types\/product"}],"replies":[{"embeddable":true,"href":"https:\/\/www.benevolenti.com\/de\/wp-json\/wp\/v2\/comments?post=21473"}],"wp:featuredmedia":[{"embeddable":true,"href":"https:\/\/www.benevolenti.com\/de\/wp-json\/wp\/v2\/media\/21452"}],"wp:attachment":[{"href":"https:\/\/www.benevolenti.com\/de\/wp-json\/wp\/v2\/media?parent=21473"}],"wp:term":[{"taxonomy":"product_brand","embeddable":true,"href":"https:\/\/www.benevolenti.com\/de\/wp-json\/wp\/v2\/product_brand?post=21473"},{"taxonomy":"product_cat","embeddable":true,"href":"https:\/\/www.benevolenti.com\/de\/wp-json\/wp\/v2\/product_cat?post=21473"},{"taxonomy":"product_tag","embeddable":true,"href":"https:\/\/www.benevolenti.com\/de\/wp-json\/wp\/v2\/product_tag?post=21473"}],"curies":[{"name":"wp","href":"https:\/\/api.w.org\/{rel}","templated":true}]}}