{"id":21081,"date":"2024-06-10T14:09:05","date_gmt":"2024-06-10T12:09:05","guid":{"rendered":"https:\/\/www.benevolenti.com\/?post_type=product&#038;p=21081"},"modified":"2025-12-01T11:54:58","modified_gmt":"2025-12-01T10:54:58","slug":"halskette-auszeit","status":"publish","type":"product","link":"https:\/\/www.benevolenti.com\/de\/produkt\/halskette-auszeit\/","title":{"rendered":"HALSKETTE Rubin"},"content":{"rendered":"<p>Ein Rubin als Begleiter f\u00fcr eine richtig gute Auszeit. Ob am Meer oder in den Bergen, in der N\u00e4he oder am anderen Ende der Welt, in einem Zwischenjahr oder bei einem Jobwechsel, die Muschelform steht f\u00fcr Geborgenheit auf Achse.<\/p>\n<p>Gerne auch mit einem pers\u00f6nlichen Wunsch, ich schreibe die Karten von Hand.<\/p>\n<p>Halskette 40cm, (vergoldetes) 925 Silber.<\/p>\n","protected":false},"excerpt":{"rendered":"<p>Ein Rubin als Begleiter f\u00fcr eine richtig gute Auszeit. Ob am Meer oder in den Bergen, in der N\u00e4he oder am anderen Ende der Welt, in einem Zwischenjahr oder bei einem Jobwechsel, die Muschelform steht f\u00fcr Geborgenheit auf Achse. Gerne auch mit einem pers\u00f6nlichen Wunsch, ich schreibe die Karten von&#8230; <a class=\"more-link\" href=\"https:\/\/www.benevolenti.com\/de\/produkt\/halskette-auszeit\/\">Mehr<\/a><\/p>\n","protected":false},"featured_media":21085,"comment_status":"open","ping_status":"closed","template":"","meta":[],"product_brand":[],"product_cat":[707,742,332],"product_tag":[217],"class_list":{"0":"post-21081","1":"product","2":"type-product","3":"status-publish","4":"has-post-thumbnail","6":"product_cat-freude-zufriedenheit","7":"product_cat-kinderhals-2","8":"product_cat-ketten","9":"product_tag-mondstein","11":"first","12":"instock","13":"shipping-taxable","14":"purchasable","15":"product-type-variable","16":"has-default-attributes"},"jetpack_sharing_enabled":true,"_links":{"self":[{"href":"https:\/\/www.benevolenti.com\/de\/wp-json\/wp\/v2\/product\/21081","targetHints":{"allow":["GET"]}}],"collection":[{"href":"https:\/\/www.benevolenti.com\/de\/wp-json\/wp\/v2\/product"}],"about":[{"href":"https:\/\/www.benevolenti.com\/de\/wp-json\/wp\/v2\/types\/product"}],"replies":[{"embeddable":true,"href":"https:\/\/www.benevolenti.com\/de\/wp-json\/wp\/v2\/comments?post=21081"}],"wp:featuredmedia":[{"embeddable":true,"href":"https:\/\/www.benevolenti.com\/de\/wp-json\/wp\/v2\/media\/21085"}],"wp:attachment":[{"href":"https:\/\/www.benevolenti.com\/de\/wp-json\/wp\/v2\/media?parent=21081"}],"wp:term":[{"taxonomy":"product_brand","embeddable":true,"href":"https:\/\/www.benevolenti.com\/de\/wp-json\/wp\/v2\/product_brand?post=21081"},{"taxonomy":"product_cat","embeddable":true,"href":"https:\/\/www.benevolenti.com\/de\/wp-json\/wp\/v2\/product_cat?post=21081"},{"taxonomy":"product_tag","embeddable":true,"href":"https:\/\/www.benevolenti.com\/de\/wp-json\/wp\/v2\/product_tag?post=21081"}],"curies":[{"name":"wp","href":"https:\/\/api.w.org\/{rel}","templated":true}]}}