{"id":21040,"date":"2024-05-08T21:42:51","date_gmt":"2024-05-08T19:42:51","guid":{"rendered":"https:\/\/www.benevolenti.com\/?post_type=product&#038;p=21040"},"modified":"2025-11-02T08:04:29","modified_gmt":"2025-11-02T07:04:29","slug":"halskette-sichelmond","status":"publish","type":"product","link":"https:\/\/www.benevolenti.com\/de\/produkt\/halskette-sichelmond\/","title":{"rendered":"HALSKETTE Sichelmond"},"content":{"rendered":"<p>Ein wundersch\u00f6ner Mondstein in Sichelmond-Form. F\u00fcr die umfassende Mond-Energie jeden Monat.<\/p>\n<p>Gerne auch mit einem pers\u00f6nlichen Wunsch, ich schreibe die Karten von Hand.<\/p>\n<p>Halskette 40cm, (vergoldetes) 925 Silber.<\/p>\n","protected":false},"excerpt":{"rendered":"<p>Ein wundersch\u00f6ner Mondstein in Sichelmond-Form. F\u00fcr die umfassende Mond-Energie jeden Monat. Gerne auch mit einem pers\u00f6nlichen Wunsch, ich schreibe die Karten von Hand. Halskette 40cm, (vergoldetes) 925 Silber.<\/p>\n","protected":false},"featured_media":21046,"comment_status":"open","ping_status":"closed","template":"","meta":[],"product_brand":[],"product_cat":[742,332,592],"product_tag":[217],"class_list":{"0":"post-21040","1":"product","2":"type-product","3":"status-publish","4":"has-post-thumbnail","6":"product_cat-kinderhals-2","7":"product_cat-ketten","8":"product_cat-meditation-yoga","9":"product_tag-mondstein","11":"first","12":"instock","13":"shipping-taxable","14":"purchasable","15":"product-type-variable","16":"has-default-attributes"},"jetpack_sharing_enabled":true,"_links":{"self":[{"href":"https:\/\/www.benevolenti.com\/de\/wp-json\/wp\/v2\/product\/21040","targetHints":{"allow":["GET"]}}],"collection":[{"href":"https:\/\/www.benevolenti.com\/de\/wp-json\/wp\/v2\/product"}],"about":[{"href":"https:\/\/www.benevolenti.com\/de\/wp-json\/wp\/v2\/types\/product"}],"replies":[{"embeddable":true,"href":"https:\/\/www.benevolenti.com\/de\/wp-json\/wp\/v2\/comments?post=21040"}],"wp:featuredmedia":[{"embeddable":true,"href":"https:\/\/www.benevolenti.com\/de\/wp-json\/wp\/v2\/media\/21046"}],"wp:attachment":[{"href":"https:\/\/www.benevolenti.com\/de\/wp-json\/wp\/v2\/media?parent=21040"}],"wp:term":[{"taxonomy":"product_brand","embeddable":true,"href":"https:\/\/www.benevolenti.com\/de\/wp-json\/wp\/v2\/product_brand?post=21040"},{"taxonomy":"product_cat","embeddable":true,"href":"https:\/\/www.benevolenti.com\/de\/wp-json\/wp\/v2\/product_cat?post=21040"},{"taxonomy":"product_tag","embeddable":true,"href":"https:\/\/www.benevolenti.com\/de\/wp-json\/wp\/v2\/product_tag?post=21040"}],"curies":[{"name":"wp","href":"https:\/\/api.w.org\/{rel}","templated":true}]}}