{"id":20977,"date":"2026-01-02T16:23:46","date_gmt":"2026-01-02T15:23:46","guid":{"rendered":"https:\/\/www.benevolenti.com\/?post_type=product&#038;p=20977"},"modified":"2026-04-03T18:21:17","modified_gmt":"2026-04-03T16:21:17","slug":"wunscharmband-gluecksbringer","status":"publish","type":"product","link":"https:\/\/www.benevolenti.com\/de\/produkt\/wunscharmband-gluecksbringer\/","title":{"rendered":"WUNSCH ARMBAND Gl\u00fccksbringer"},"content":{"rendered":"<p>Der traditionelle BENEVOLENTI Gl\u00fccksklee als Gl\u00fccksbringer Wunscharmband, kombiniert mit einer Auswahl von starken Steinen f\u00fcr eine neue Herausforderung: ob es eine neue Schule, eine neue Stelle oder eine neue Lebenssituation ist, diese Edelsteine unterst\u00fctzen hinsichtlich Mut, Selbstvertrauen, Widerstandskraft, Fokus oder Konzentration.<\/p>\n<p>Naturbelassene Edelsteine: Apatit, Aquamarin, Aragonit, Charoit, Granat, Karneol, Lapislazuli, Lepidolith, T\u00fcrkis und Schwarzer Turmalin<\/p>\n<p>Perlseide zum Kn\u00fcpfen, rollierte Seide mit verschiebbarem Verschluss, handgef\u00e4rbt in Deutschland. Handgeschriebene Karte, gerne mit pers\u00f6nlichem Wunsch.<\/p>\n","protected":false},"excerpt":{"rendered":"<p>Der traditionelle BENEVOLENTI Gl\u00fccksklee als Gl\u00fccksbringer Wunscharmband, kombiniert mit einer Auswahl von starken Steinen f\u00fcr eine neue Herausforderung: ob es eine neue Schule, eine neue Stelle oder eine neue Lebenssituation ist, diese Edelsteine unterst\u00fctzen hinsichtlich Mut, Selbstvertrauen, Widerstandskraft, Fokus oder Konzentration. Naturbelassene Edelsteine: Apatit, Aquamarin, Aragonit, Charoit, Granat, Karneol, Lapislazuli,&#8230; <a class=\"more-link\" href=\"https:\/\/www.benevolenti.com\/de\/produkt\/wunscharmband-gluecksbringer\/\">Mehr<\/a><\/p>\n","protected":false},"featured_media":23299,"comment_status":"open","ping_status":"closed","template":"","meta":[],"product_brand":[],"product_cat":[593,336,646],"product_tag":[612,609,633,599,596,598,636,604,671],"class_list":{"0":"post-20977","1":"product","2":"type-product","3":"status-publish","4":"has-post-thumbnail","6":"product_cat-lernen-konzentration","7":"product_cat-seide","8":"product_cat-abschiedsgeschenk","9":"product_tag-apatit","10":"product_tag-aquamarin","11":"product_tag-aragonit","12":"product_tag-granat","13":"product_tag-karneol","14":"product_tag-lapislazuli","15":"product_tag-lepidolith","16":"product_tag-schwarzer-turmalin","17":"product_tag-tuerkis","19":"first","20":"instock","21":"shipping-taxable","22":"purchasable","23":"product-type-variable","24":"has-default-attributes"},"jetpack_sharing_enabled":true,"_links":{"self":[{"href":"https:\/\/www.benevolenti.com\/de\/wp-json\/wp\/v2\/product\/20977","targetHints":{"allow":["GET"]}}],"collection":[{"href":"https:\/\/www.benevolenti.com\/de\/wp-json\/wp\/v2\/product"}],"about":[{"href":"https:\/\/www.benevolenti.com\/de\/wp-json\/wp\/v2\/types\/product"}],"replies":[{"embeddable":true,"href":"https:\/\/www.benevolenti.com\/de\/wp-json\/wp\/v2\/comments?post=20977"}],"wp:featuredmedia":[{"embeddable":true,"href":"https:\/\/www.benevolenti.com\/de\/wp-json\/wp\/v2\/media\/23299"}],"wp:attachment":[{"href":"https:\/\/www.benevolenti.com\/de\/wp-json\/wp\/v2\/media?parent=20977"}],"wp:term":[{"taxonomy":"product_brand","embeddable":true,"href":"https:\/\/www.benevolenti.com\/de\/wp-json\/wp\/v2\/product_brand?post=20977"},{"taxonomy":"product_cat","embeddable":true,"href":"https:\/\/www.benevolenti.com\/de\/wp-json\/wp\/v2\/product_cat?post=20977"},{"taxonomy":"product_tag","embeddable":true,"href":"https:\/\/www.benevolenti.com\/de\/wp-json\/wp\/v2\/product_tag?post=20977"}],"curies":[{"name":"wp","href":"https:\/\/api.w.org\/{rel}","templated":true}]}}