{"id":20925,"date":"2024-05-29T20:28:59","date_gmt":"2024-05-29T18:28:59","guid":{"rendered":"https:\/\/www.benevolenti.com\/?post_type=product&#038;p=20925"},"modified":"2025-11-16T13:39:06","modified_gmt":"2025-11-16T12:39:06","slug":"armband-eibenbeere-mini","status":"publish","type":"product","link":"https:\/\/www.benevolenti.com\/de\/produkt\/armband-eibenbeere-mini\/","title":{"rendered":"ARMBAND Eibenbeere MINI"},"content":{"rendered":"<p><span>Ein mini BENEVOLENTI Eibenbeeri prangt stolz an einem Stein-Armband, das sich wunderbar mit jedem Lieblingsschmuck kombinieren l\u00e4sst.\u00a0<\/span><\/p>\n<p><span>Der germanischen Mythologie zufolge sind Eiben die m\u00e4chtigsten B\u00e4ume, die vor dem B\u00f6sen sch\u00fctzen. Diese Schutzkraft soll in jedem meiner Schmuckst\u00fccke stecken, daher ist das Symbol von BENEVOLENTI die Eibenbeere.<\/span><\/p>\n<p><span>Basierend auf meinem Logo habe ich einen Entwurf gezeichnet und das Eibenbeeren-K\u00e4ppchen in Indien f\u00fcr euch fair produzieren lassen. Manche nennen den Anh\u00e4nger auch Eichel, manche Acorn &#8211; das nehmen wir gerne mit, ist doch die Eiche ein Symbol f\u00fcr St\u00e4rke, Standhaftigkeit und langes Leben.<\/span><strong><\/strong><\/p>\n<p>Auf den Fotos sind einige Beispiele von vielen Steinen zu sehen, wird ein Bild angeklickt und vergr\u00f6ssert, sind die jeweiligen Steinnamen zu sehen.<\/p>\n<p>BENEVOLENTI Anh\u00e4nger, 925 Silber (vergoldet), naturbelassene Edelsteine in 4mm.<br \/>\nArmband in Baumwoll-Sachet mit Steinbeschreibung.<br \/>\nPortofrei und h\u00fcbsch verpackt nach Hause geliefert.<\/p>\n<p>&nbsp;<\/p>\n<p>&nbsp;<\/p>\n","protected":false},"excerpt":{"rendered":"<p>Ein mini BENEVOLENTI Eibenbeeri prangt stolz an einem Stein-Armband, das sich wunderbar mit jedem Lieblingsschmuck kombinieren l\u00e4sst.\u00a0 Der germanischen Mythologie zufolge sind Eiben die m\u00e4chtigsten B\u00e4ume, die vor dem B\u00f6sen sch\u00fctzen. Diese Schutzkraft soll in jedem meiner Schmuckst\u00fccke stecken, daher ist das Symbol von BENEVOLENTI die Eibenbeere. Basierend auf meinem&#8230; <a class=\"more-link\" href=\"https:\/\/www.benevolenti.com\/de\/produkt\/armband-eibenbeere-mini\/\">Mehr<\/a><\/p>\n","protected":false},"featured_media":21978,"comment_status":"open","ping_status":"closed","template":"","meta":[],"product_brand":[],"product_cat":[199,744,335],"product_tag":[618,600,448,612,609,619,615,639,712,452,689,601,621,599,614,602,245,634,598,636,660,217,617,605,611,701,722,662,242,631,669,610,653,604,616,624,699,667,668],"class_list":{"0":"post-20925","1":"product","2":"type-product","3":"status-publish","4":"has-post-thumbnail","6":"product_cat-neu","7":"product_cat-eibenbeeren","8":"product_cat-steine","9":"product_tag-achat","10":"product_tag-amazonit","11":"product_tag-amethyst","12":"product_tag-apatit","13":"product_tag-aquamarin","14":"product_tag-aventurin","15":"product_tag-bergkristall","16":"product_tag-bernstein","17":"product_tag-beryll","18":"product_tag-bronzit","19":"product_tag-chalcedon","20":"product_tag-citrin","21":"product_tag-dumortierit","22":"product_tag-granat","23":"product_tag-haematit","24":"product_tag-heliotrop","25":"product_tag-jade-de","26":"product_tag-labradorit","27":"product_tag-lapislazuli","28":"product_tag-lepidolith","29":"product_tag-magnesit","30":"product_tag-mondstein","31":"product_tag-moosachat","32":"product_tag-muskovit","33":"product_tag-onyx","34":"product_tag-ozeanchalcedon","35":"product_tag-pietersit","36":"product_tag-prehnit","37":"product_tag-pyrit","38":"product_tag-rauchquarz","39":"product_tag-rhodonit","40":"product_tag-rosenquarz","41":"product_tag-rutilquarz","42":"product_tag-schwarzer-turmalin","43":"product_tag-sodalith","44":"product_tag-sonnenstein","45":"product_tag-tigerauge","46":"product_tag-versteinertes-holz","47":"product_tag-weisse-jade","49":"first","50":"instock","51":"shipping-taxable","52":"purchasable","53":"product-type-variable","54":"has-default-attributes"},"jetpack_sharing_enabled":true,"_links":{"self":[{"href":"https:\/\/www.benevolenti.com\/de\/wp-json\/wp\/v2\/product\/20925","targetHints":{"allow":["GET"]}}],"collection":[{"href":"https:\/\/www.benevolenti.com\/de\/wp-json\/wp\/v2\/product"}],"about":[{"href":"https:\/\/www.benevolenti.com\/de\/wp-json\/wp\/v2\/types\/product"}],"replies":[{"embeddable":true,"href":"https:\/\/www.benevolenti.com\/de\/wp-json\/wp\/v2\/comments?post=20925"}],"wp:featuredmedia":[{"embeddable":true,"href":"https:\/\/www.benevolenti.com\/de\/wp-json\/wp\/v2\/media\/21978"}],"wp:attachment":[{"href":"https:\/\/www.benevolenti.com\/de\/wp-json\/wp\/v2\/media?parent=20925"}],"wp:term":[{"taxonomy":"product_brand","embeddable":true,"href":"https:\/\/www.benevolenti.com\/de\/wp-json\/wp\/v2\/product_brand?post=20925"},{"taxonomy":"product_cat","embeddable":true,"href":"https:\/\/www.benevolenti.com\/de\/wp-json\/wp\/v2\/product_cat?post=20925"},{"taxonomy":"product_tag","embeddable":true,"href":"https:\/\/www.benevolenti.com\/de\/wp-json\/wp\/v2\/product_tag?post=20925"}],"curies":[{"name":"wp","href":"https:\/\/api.w.org\/{rel}","templated":true}]}}