{"id":20856,"date":"2024-03-24T13:28:40","date_gmt":"2024-03-24T12:28:40","guid":{"rendered":"https:\/\/www.benevolenti.com\/?post_type=product&#038;p=20856"},"modified":"2026-04-15T08:01:53","modified_gmt":"2026-04-15T06:01:53","slug":"armband-luck-clover","status":"publish","type":"product","link":"https:\/\/www.benevolenti.com\/de\/produkt\/armband-luck-clover\/","title":{"rendered":"ARMBAND cLover"},"content":{"rendered":"<p>Nur die sch\u00f6nsten, feinsten, naturbelassenen Edelsteine verwende ich f\u00fcr diese filigranen, facettierten Armb\u00e4nder. Mit einem eigens f\u00fcr euch produzierten Mini-Gl\u00fccksklee wird das Armband zu einem treuen und starken Begleiter.<\/p>\n<p>Viel Gl\u00fcck!<\/p>\n<p>2-3mm Edelsteine, naturbelassen und facettiert.<br \/>\n925 Silber vergoldet.<\/p>\n","protected":false},"excerpt":{"rendered":"<p>Nur die sch\u00f6nsten, feinsten, naturbelassenen Edelsteine verwende ich f\u00fcr diese filigranen, facettierten Armb\u00e4nder. Mit einem eigens f\u00fcr euch produzierten Mini-Gl\u00fccksklee wird das Armband zu einem treuen und starken Begleiter. Viel Gl\u00fcck! 2-3mm Edelsteine, naturbelassen und facettiert. 925 Silber vergoldet.<\/p>\n","protected":false},"featured_media":20857,"comment_status":"open","ping_status":"closed","template":"","meta":[],"product_brand":[],"product_cat":[335],"product_tag":[600,712,627,596,634,217,242,453],"class_list":{"0":"post-20856","1":"product","2":"type-product","3":"status-publish","4":"has-post-thumbnail","6":"product_cat-steine","7":"product_tag-amazonit","8":"product_tag-beryll","9":"product_tag-iolith","10":"product_tag-karneol","11":"product_tag-labradorit","12":"product_tag-mondstein","13":"product_tag-pyrit","14":"product_tag-turmalin","16":"first","17":"instock","18":"shipping-taxable","19":"purchasable","20":"product-type-variable"},"jetpack_sharing_enabled":true,"_links":{"self":[{"href":"https:\/\/www.benevolenti.com\/de\/wp-json\/wp\/v2\/product\/20856","targetHints":{"allow":["GET"]}}],"collection":[{"href":"https:\/\/www.benevolenti.com\/de\/wp-json\/wp\/v2\/product"}],"about":[{"href":"https:\/\/www.benevolenti.com\/de\/wp-json\/wp\/v2\/types\/product"}],"replies":[{"embeddable":true,"href":"https:\/\/www.benevolenti.com\/de\/wp-json\/wp\/v2\/comments?post=20856"}],"wp:featuredmedia":[{"embeddable":true,"href":"https:\/\/www.benevolenti.com\/de\/wp-json\/wp\/v2\/media\/20857"}],"wp:attachment":[{"href":"https:\/\/www.benevolenti.com\/de\/wp-json\/wp\/v2\/media?parent=20856"}],"wp:term":[{"taxonomy":"product_brand","embeddable":true,"href":"https:\/\/www.benevolenti.com\/de\/wp-json\/wp\/v2\/product_brand?post=20856"},{"taxonomy":"product_cat","embeddable":true,"href":"https:\/\/www.benevolenti.com\/de\/wp-json\/wp\/v2\/product_cat?post=20856"},{"taxonomy":"product_tag","embeddable":true,"href":"https:\/\/www.benevolenti.com\/de\/wp-json\/wp\/v2\/product_tag?post=20856"}],"curies":[{"name":"wp","href":"https:\/\/api.w.org\/{rel}","templated":true}]}}