{"id":20839,"date":"2024-03-03T15:54:09","date_gmt":"2024-03-03T14:54:09","guid":{"rendered":"https:\/\/www.benevolenti.com\/?post_type=product&#038;p=20839"},"modified":"2025-02-02T18:05:14","modified_gmt":"2025-02-02T17:05:14","slug":"wunsch-armband-kyanit","status":"publish","type":"product","link":"https:\/\/www.benevolenti.com\/de\/produkt\/wunsch-armband-kyanit\/","title":{"rendered":"WUNSCH ARMBAND Kyanit"},"content":{"rendered":"<p>Ein Stein f\u00fcr aussergew\u00f6hnliche Herausforderungen. Ob Matur, erste Pr\u00fcfungen im Studium, die Fahrpr\u00fcfung, Gymipr\u00fcfung oder LAP, als Begleiter f\u00fcr eine grosse Pr\u00fcfung oder f\u00fcr eine andere herausfordernde Situation schenkt Kyanit Gelassenheit, entschlossene St\u00e4rke und gute Nerven<\/p>\n<p>100% Naturseide.<br \/>\n(Vergoldetes) 925 Silber.<br \/>\nNaturbelassene Kyanite in blau oder gr\u00fcn.<\/p>\n","protected":false},"excerpt":{"rendered":"<p>Ein Stein f\u00fcr aussergew\u00f6hnliche Herausforderungen. Ob Matur, erste Pr\u00fcfungen im Studium, die Fahrpr\u00fcfung, Gymipr\u00fcfung oder LAP, als Begleiter f\u00fcr eine grosse Pr\u00fcfung oder f\u00fcr eine andere herausfordernde Situation schenkt Kyanit Gelassenheit, entschlossene St\u00e4rke und gute Nerven 100% Naturseide. (Vergoldetes) 925 Silber. Naturbelassene Kyanite in blau oder gr\u00fcn.<\/p>\n","protected":false},"featured_media":20834,"comment_status":"open","ping_status":"closed","template":"","meta":[],"product_brand":[],"product_cat":[741,336,594,642],"product_tag":[638],"class_list":{"0":"post-20839","1":"product","2":"type-product","3":"status-publish","4":"has-post-thumbnail","6":"product_cat-kinderarm","7":"product_cat-seide","8":"product_cat-erfolg-selbstvertrauen","9":"product_cat-mitbringsel","10":"product_tag-kyanit","12":"first","13":"instock","14":"shipping-taxable","15":"purchasable","16":"product-type-variable"},"jetpack_sharing_enabled":true,"_links":{"self":[{"href":"https:\/\/www.benevolenti.com\/de\/wp-json\/wp\/v2\/product\/20839","targetHints":{"allow":["GET"]}}],"collection":[{"href":"https:\/\/www.benevolenti.com\/de\/wp-json\/wp\/v2\/product"}],"about":[{"href":"https:\/\/www.benevolenti.com\/de\/wp-json\/wp\/v2\/types\/product"}],"replies":[{"embeddable":true,"href":"https:\/\/www.benevolenti.com\/de\/wp-json\/wp\/v2\/comments?post=20839"}],"wp:featuredmedia":[{"embeddable":true,"href":"https:\/\/www.benevolenti.com\/de\/wp-json\/wp\/v2\/media\/20834"}],"wp:attachment":[{"href":"https:\/\/www.benevolenti.com\/de\/wp-json\/wp\/v2\/media?parent=20839"}],"wp:term":[{"taxonomy":"product_brand","embeddable":true,"href":"https:\/\/www.benevolenti.com\/de\/wp-json\/wp\/v2\/product_brand?post=20839"},{"taxonomy":"product_cat","embeddable":true,"href":"https:\/\/www.benevolenti.com\/de\/wp-json\/wp\/v2\/product_cat?post=20839"},{"taxonomy":"product_tag","embeddable":true,"href":"https:\/\/www.benevolenti.com\/de\/wp-json\/wp\/v2\/product_tag?post=20839"}],"curies":[{"name":"wp","href":"https:\/\/api.w.org\/{rel}","templated":true}]}}