{"id":20775,"date":"2024-09-28T18:16:25","date_gmt":"2024-09-28T16:16:25","guid":{"rendered":"https:\/\/www.benevolenti.com\/?post_type=product&#038;p=20775"},"modified":"2025-11-15T15:57:58","modified_gmt":"2025-11-15T14:57:58","slug":"eibenbeere-mini-2","status":"publish","type":"product","link":"https:\/\/www.benevolenti.com\/de\/produkt\/eibenbeere-mini-2\/","title":{"rendered":"EIBENBEERE mini"},"content":{"rendered":"<p><strong>Klitzekleine BENEVOLENTI Eibenbeeren<\/strong><\/p>\n<p>Perfekt als Anh\u00e4nger f\u00fcr deine Kreolen, als Begleiter f\u00fcr dein Lieblingsamulett oder eingeklipst in den Verschluss einer leichten Armkette. (Armkette mit fixiertem mini Eibenbeeri findest du <a href=\"https:\/\/www.benevolenti.com\/de\/produkt\/eibenbeere-mini\/?_gl=1*130r17h*_up*MQ..*_ga*MjA2ODM4MDM4Ny4xNzQyMTk3OTEy*_ga_P5C85TRS11*czE3NjMyMTUzMDkkbzE1OSRnMSR0MTc2MzIxODQwMyRqNjAkbDAkaDA.\">hier<\/a>)<\/p>\n<p><span><strong>Mit den sch\u00f6nsten Steinen aus der BENEVOLENTI Welt: <\/strong><a href=\"https:\/\/www.benevolenti.com\/de\/project-type\/steine\/\"><strong>Steinfinder<\/strong><\/a><\/span><\/p>\n<p><em>Der germanischen Mythologie zufolge sind Eiben die m\u00e4chtigsten B\u00e4ume, die vor dem B\u00f6sen sch\u00fctzen. Diese Schutzkraft soll in jedem meiner Schmuckst\u00fccke stecken, daher ist das Symbol von BENEVOLENTI die Eibenbeere.<\/em><\/p>\n<p><em>Basierend auf meinem Logo habe ich einen Entwurf gezeichnet und das Eibenbeeren-K\u00e4ppchen in Indien f\u00fcr euch fair produzieren lassen. Manche nennen den Anh\u00e4nger auch Eichel, manche Acorn &#8211; das nehmen wir gerne mit, ist doch die Eiche ein Symbol f\u00fcr St\u00e4rke, Standhaftigkeit und langes Leben.<\/em><strong><\/strong><\/p>\n<p>BENEVOLENTI Anh\u00e4nger, 925 Silber (vergoldet), naturbelassener Edelstein in 4mm.<br \/>\n925 Kette und Anh\u00e4nger auf handgeschriebener Karte, gerne auch personalisiert!<\/p>\n<p>&nbsp;<\/p>\n<p>&nbsp;<\/p>\n","protected":false},"excerpt":{"rendered":"<p>Klitzekleine BENEVOLENTI Eibenbeeren Perfekt als Anh\u00e4nger f\u00fcr deine Kreolen, als Begleiter f\u00fcr dein Lieblingsamulett oder eingeklipst in den Verschluss einer leichten Armkette. (Armkette mit fixiertem mini Eibenbeeri findest du hier) Mit den sch\u00f6nsten Steinen aus der BENEVOLENTI Welt: Steinfinder Der germanischen Mythologie zufolge sind Eiben die m\u00e4chtigsten B\u00e4ume, die vor&#8230; <a class=\"more-link\" href=\"https:\/\/www.benevolenti.com\/de\/produkt\/eibenbeere-mini-2\/\">Mehr<\/a><\/p>\n","protected":false},"featured_media":22175,"comment_status":"open","ping_status":"closed","template":"","meta":[],"product_brand":[],"product_cat":[334,744,720,220],"product_tag":[618,600,448,612,609,619,615,639,712,452,689,601,621,599,614,602,245,634,598,636,660,217,617,605,611,701,722,662,242,631,669,610,653,604,616,624,699,671,667],"class_list":{"0":"post-20775","1":"product","2":"type-product","3":"status-publish","4":"has-post-thumbnail","6":"product_cat-anhanger","7":"product_cat-eibenbeeren","8":"product_cat-kreolen","9":"product_cat-ohrschmuck","10":"product_tag-achat","11":"product_tag-amazonit","12":"product_tag-amethyst","13":"product_tag-apatit","14":"product_tag-aquamarin","15":"product_tag-aventurin","16":"product_tag-bergkristall","17":"product_tag-bernstein","18":"product_tag-beryll","19":"product_tag-bronzit","20":"product_tag-chalcedon","21":"product_tag-citrin","22":"product_tag-dumortierit","23":"product_tag-granat","24":"product_tag-haematit","25":"product_tag-heliotrop","26":"product_tag-jade-de","27":"product_tag-labradorit","28":"product_tag-lapislazuli","29":"product_tag-lepidolith","30":"product_tag-magnesit","31":"product_tag-mondstein","32":"product_tag-moosachat","33":"product_tag-muskovit","34":"product_tag-onyx","35":"product_tag-ozeanchalcedon","36":"product_tag-pietersit","37":"product_tag-prehnit","38":"product_tag-pyrit","39":"product_tag-rauchquarz","40":"product_tag-rhodonit","41":"product_tag-rosenquarz","42":"product_tag-rutilquarz","43":"product_tag-schwarzer-turmalin","44":"product_tag-sodalith","45":"product_tag-sonnenstein","46":"product_tag-tigerauge","47":"product_tag-tuerkis","48":"product_tag-versteinertes-holz","50":"first","51":"instock","52":"shipping-taxable","53":"purchasable","54":"product-type-variable","55":"has-default-attributes"},"jetpack_sharing_enabled":true,"_links":{"self":[{"href":"https:\/\/www.benevolenti.com\/de\/wp-json\/wp\/v2\/product\/20775","targetHints":{"allow":["GET"]}}],"collection":[{"href":"https:\/\/www.benevolenti.com\/de\/wp-json\/wp\/v2\/product"}],"about":[{"href":"https:\/\/www.benevolenti.com\/de\/wp-json\/wp\/v2\/types\/product"}],"replies":[{"embeddable":true,"href":"https:\/\/www.benevolenti.com\/de\/wp-json\/wp\/v2\/comments?post=20775"}],"wp:featuredmedia":[{"embeddable":true,"href":"https:\/\/www.benevolenti.com\/de\/wp-json\/wp\/v2\/media\/22175"}],"wp:attachment":[{"href":"https:\/\/www.benevolenti.com\/de\/wp-json\/wp\/v2\/media?parent=20775"}],"wp:term":[{"taxonomy":"product_brand","embeddable":true,"href":"https:\/\/www.benevolenti.com\/de\/wp-json\/wp\/v2\/product_brand?post=20775"},{"taxonomy":"product_cat","embeddable":true,"href":"https:\/\/www.benevolenti.com\/de\/wp-json\/wp\/v2\/product_cat?post=20775"},{"taxonomy":"product_tag","embeddable":true,"href":"https:\/\/www.benevolenti.com\/de\/wp-json\/wp\/v2\/product_tag?post=20775"}],"curies":[{"name":"wp","href":"https:\/\/api.w.org\/{rel}","templated":true}]}}