{"id":20755,"date":"2024-01-25T10:17:24","date_gmt":"2024-01-25T09:17:24","guid":{"rendered":"https:\/\/www.benevolenti.com\/?post_type=product&#038;p=20755"},"modified":"2026-04-15T08:02:55","modified_gmt":"2026-04-15T06:02:55","slug":"eibenbeere-anhaenger-perle-eichel","status":"publish","type":"product","link":"https:\/\/www.benevolenti.com\/de\/produkt\/eibenbeere-anhaenger-perle-eichel\/","title":{"rendered":"EIBENBEERE Perle"},"content":{"rendered":"<p><span>Perlen EIBENBEEREN, die ganze Familie mit Mini, Midi und Maxi.<\/span><\/p>\n<p><span>Kombinierbar mit BENEVOLENTI Kreolen, Hals- oder Armschmuck.<\/span><\/p>\n<p><span>Der germanischen Mythologie zufolge sind Eiben die m\u00e4chtigsten B\u00e4ume, die vor dem B\u00f6sen sch\u00fctzen. Diese Schutzkraft soll in jedem meiner Schmuckst\u00fccke stecken, daher ist das Symbol von BENEVOLENTI die Eibenbeere.<\/span><\/p>\n<p><span>Basierend auf meinem Logo habe ich einen Entwurf gezeichnet und das Eibenbeeren-K\u00e4ppchen in Indien f\u00fcr euch fair produzieren lassen. Manche nennen den Anh\u00e4nger auch Eichel, manche Acorn &#8211; das nehmen wir gerne mit, ist doch die Eiche ein Symbol f\u00fcr St\u00e4rke, Standhaftigkeit und langes Leben.<\/span><strong><\/strong><\/p>\n<p>BENEVOLENTI Anh\u00e4nger, 925 Silber (vergoldet), Perlen in 4mm, 6mm und\/oder 8mm. Kette und Anh\u00e4nger auf handgeschriebener Karte. Kreolen im Baumwoll-Sachet, bitte separat bestellen.<\/p>\n<p>Beim Kauf der ganzen Familie f\u00e4hrt Mini gratis mit. Und bei zwei Anh\u00e4ngern f\u00fcr Kreolen geht ein halbes Beeri aufs Haus.<\/p>\n","protected":false},"excerpt":{"rendered":"<p>Perlen EIBENBEEREN, die ganze Familie mit Mini, Midi und Maxi. Kombinierbar mit BENEVOLENTI Kreolen, Hals- oder Armschmuck. Der germanischen Mythologie zufolge sind Eiben die m\u00e4chtigsten B\u00e4ume, die vor dem B\u00f6sen sch\u00fctzen. Diese Schutzkraft soll in jedem meiner Schmuckst\u00fccke stecken, daher ist das Symbol von BENEVOLENTI die Eibenbeere. Basierend auf meinem&#8230; <a class=\"more-link\" href=\"https:\/\/www.benevolenti.com\/de\/produkt\/eibenbeere-anhaenger-perle-eichel\/\">Mehr<\/a><\/p>\n","protected":false},"featured_media":20748,"comment_status":"open","ping_status":"closed","template":"","meta":[],"product_brand":[],"product_cat":[334,744,220,679],"product_tag":[630],"class_list":{"0":"post-20755","1":"product","2":"type-product","3":"status-publish","4":"has-post-thumbnail","6":"product_cat-anhanger","7":"product_cat-eibenbeeren","8":"product_cat-ohrschmuck","9":"product_cat-hochzeit","10":"product_tag-perle","12":"first","13":"instock","14":"shipping-taxable","15":"purchasable","16":"product-type-variable","17":"has-default-attributes"},"jetpack_sharing_enabled":true,"_links":{"self":[{"href":"https:\/\/www.benevolenti.com\/de\/wp-json\/wp\/v2\/product\/20755","targetHints":{"allow":["GET"]}}],"collection":[{"href":"https:\/\/www.benevolenti.com\/de\/wp-json\/wp\/v2\/product"}],"about":[{"href":"https:\/\/www.benevolenti.com\/de\/wp-json\/wp\/v2\/types\/product"}],"replies":[{"embeddable":true,"href":"https:\/\/www.benevolenti.com\/de\/wp-json\/wp\/v2\/comments?post=20755"}],"wp:featuredmedia":[{"embeddable":true,"href":"https:\/\/www.benevolenti.com\/de\/wp-json\/wp\/v2\/media\/20748"}],"wp:attachment":[{"href":"https:\/\/www.benevolenti.com\/de\/wp-json\/wp\/v2\/media?parent=20755"}],"wp:term":[{"taxonomy":"product_brand","embeddable":true,"href":"https:\/\/www.benevolenti.com\/de\/wp-json\/wp\/v2\/product_brand?post=20755"},{"taxonomy":"product_cat","embeddable":true,"href":"https:\/\/www.benevolenti.com\/de\/wp-json\/wp\/v2\/product_cat?post=20755"},{"taxonomy":"product_tag","embeddable":true,"href":"https:\/\/www.benevolenti.com\/de\/wp-json\/wp\/v2\/product_tag?post=20755"}],"curies":[{"name":"wp","href":"https:\/\/api.w.org\/{rel}","templated":true}]}}