{"id":20469,"date":"2023-11-19T08:29:44","date_gmt":"2023-11-19T07:29:44","guid":{"rendered":"https:\/\/www.benevolenti.com\/?post_type=product&#038;p=20469"},"modified":"2025-11-15T16:04:26","modified_gmt":"2025-11-15T15:04:26","slug":"eibenbeere-mini","status":"publish","type":"product","link":"https:\/\/www.benevolenti.com\/de\/produkt\/eibenbeere-mini\/","title":{"rendered":"ARMKETTE Eibenbeere MINI"},"content":{"rendered":"<p><span>Die Eibenbeere in 4mm Gr\u00f6sse. Perfekt f\u00fcr ein Anh\u00e4nger an einer leichten Armkette, kombinierbar mit vielen Steinen inklusive Perlen aus der BENEVOLENTI Welt. Einzelne Anh\u00e4nger ohne Kette findest du <a href=\"https:\/\/www.benevolenti.com\/de\/produkt\/eibenbeere-mini-2\/?_gl=1*19e5jqy*_up*MQ..*_ga*MjA2ODM4MDM4Ny4xNzQyMTk3OTEy*_ga_P5C85TRS11*czE3NjMyMTUzMDkkbzE1OSRnMSR0MTc2MzIxODkyMiRqNjAkbDAkaDA.\">hier<\/a>.<\/span><\/p>\n<p><em>Der germanischen Mythologie zufolge sind Eiben die m\u00e4chtigsten B\u00e4ume, die vor dem B\u00f6sen sch\u00fctzen. Diese Schutzkraft soll in jedem meiner Schmuckst\u00fccke stecken, daher ist das Symbol von BENEVOLENTI die Eibenbeere.<\/em><\/p>\n<p><em>Basierend auf meinem Logo habe ich einen Entwurf gezeichnet und das Eibenbeeren-K\u00e4ppchen in Indien f\u00fcr euch fair produzieren lassen. Manche nennen den Anh\u00e4nger auch Eichel, manche Acorn &#8211; das nehmen wir gerne mit, ist doch die Eiche ein Symbol f\u00fcr St\u00e4rke, Standhaftigkeit und langes Leben.<\/em><strong><\/strong><\/p>\n<p><em>BENEVOLENTI Anh\u00e4nger, 925 Silber (vergoldet), naturbelassener Lieblingsstein in 4mm.<\/em><br \/>\n<em>Kette und Anh\u00e4nger auf handgeschriebener Karte, gerne mit Personalisierung.<\/em><\/p>\n<p>&nbsp;<\/p>\n<p>&nbsp;<\/p>\n","protected":false},"excerpt":{"rendered":"<p>Die Eibenbeere in 4mm Gr\u00f6sse. Perfekt f\u00fcr ein Anh\u00e4nger an einer leichten Armkette, kombinierbar mit vielen Steinen inklusive Perlen aus der BENEVOLENTI Welt. Einzelne Anh\u00e4nger ohne Kette findest du hier. Der germanischen Mythologie zufolge sind Eiben die m\u00e4chtigsten B\u00e4ume, die vor dem B\u00f6sen sch\u00fctzen. Diese Schutzkraft soll in jedem meiner&#8230; <a class=\"more-link\" href=\"https:\/\/www.benevolenti.com\/de\/produkt\/eibenbeere-mini\/\">Mehr<\/a><\/p>\n","protected":false},"featured_media":20474,"comment_status":"open","ping_status":"closed","template":"","meta":[],"product_brand":[],"product_cat":[744,338],"product_tag":[618,600,448,612,609,619,615,639,712,452,689,601,621,599,614,602,245,634,598,636,660,217,617,605,611,701,630,722,662,242,631,669,610,653,604,616,624,699,671,667],"class_list":{"0":"post-20469","1":"product","2":"type-product","3":"status-publish","4":"has-post-thumbnail","6":"product_cat-eibenbeeren","7":"product_cat-silber","8":"product_tag-achat","9":"product_tag-amazonit","10":"product_tag-amethyst","11":"product_tag-apatit","12":"product_tag-aquamarin","13":"product_tag-aventurin","14":"product_tag-bergkristall","15":"product_tag-bernstein","16":"product_tag-beryll","17":"product_tag-bronzit","18":"product_tag-chalcedon","19":"product_tag-citrin","20":"product_tag-dumortierit","21":"product_tag-granat","22":"product_tag-haematit","23":"product_tag-heliotrop","24":"product_tag-jade-de","25":"product_tag-labradorit","26":"product_tag-lapislazuli","27":"product_tag-lepidolith","28":"product_tag-magnesit","29":"product_tag-mondstein","30":"product_tag-moosachat","31":"product_tag-muskovit","32":"product_tag-onyx","33":"product_tag-ozeanchalcedon","34":"product_tag-perle","35":"product_tag-pietersit","36":"product_tag-prehnit","37":"product_tag-pyrit","38":"product_tag-rauchquarz","39":"product_tag-rhodonit","40":"product_tag-rosenquarz","41":"product_tag-rutilquarz","42":"product_tag-schwarzer-turmalin","43":"product_tag-sodalith","44":"product_tag-sonnenstein","45":"product_tag-tigerauge","46":"product_tag-tuerkis","47":"product_tag-versteinertes-holz","49":"first","50":"instock","51":"shipping-taxable","52":"purchasable","53":"product-type-variable","54":"has-default-attributes"},"jetpack_sharing_enabled":true,"_links":{"self":[{"href":"https:\/\/www.benevolenti.com\/de\/wp-json\/wp\/v2\/product\/20469","targetHints":{"allow":["GET"]}}],"collection":[{"href":"https:\/\/www.benevolenti.com\/de\/wp-json\/wp\/v2\/product"}],"about":[{"href":"https:\/\/www.benevolenti.com\/de\/wp-json\/wp\/v2\/types\/product"}],"replies":[{"embeddable":true,"href":"https:\/\/www.benevolenti.com\/de\/wp-json\/wp\/v2\/comments?post=20469"}],"wp:featuredmedia":[{"embeddable":true,"href":"https:\/\/www.benevolenti.com\/de\/wp-json\/wp\/v2\/media\/20474"}],"wp:attachment":[{"href":"https:\/\/www.benevolenti.com\/de\/wp-json\/wp\/v2\/media?parent=20469"}],"wp:term":[{"taxonomy":"product_brand","embeddable":true,"href":"https:\/\/www.benevolenti.com\/de\/wp-json\/wp\/v2\/product_brand?post=20469"},{"taxonomy":"product_cat","embeddable":true,"href":"https:\/\/www.benevolenti.com\/de\/wp-json\/wp\/v2\/product_cat?post=20469"},{"taxonomy":"product_tag","embeddable":true,"href":"https:\/\/www.benevolenti.com\/de\/wp-json\/wp\/v2\/product_tag?post=20469"}],"curies":[{"name":"wp","href":"https:\/\/api.w.org\/{rel}","templated":true}]}}