{"id":20287,"date":"2023-09-13T23:33:21","date_gmt":"2023-09-13T21:33:21","guid":{"rendered":"https:\/\/www.benevolenti.com\/?post_type=product&#038;p=20287"},"modified":"2026-04-15T07:38:37","modified_gmt":"2026-04-15T05:38:37","slug":"halskette-korund","status":"publish","type":"product","link":"https:\/\/www.benevolenti.com\/de\/produkt\/halskette-korund\/","title":{"rendered":"HALSKETTE Korund"},"content":{"rendered":"<p>Wundersch\u00f6ne, farblich abgestimmte Korunde, aufgereiht auf einer BENEVOLENTI Kette.<\/p>\n<p><em>Saphir bringt eine unersch\u00fctterliche innere Ruhe. Er hilft, die Gedanken zu b\u00fcndeln und mit grosser Kraft auf ein Ziel auszurichten. K\u00f6rperlich wirkt er schmerzlindernd, nervenst\u00e4rkend, Fieber- und Blutdruck-senkend.<\/em><\/p>\n<p><em>Rubin schenkt Leidenschaft und Lebensfreude, Engagement und Leistungsbereitschaft. Er f\u00f6rdert Tapferkeit, Tugend und Mut und wirkt sexuell anregend.\u00a0Auf k\u00f6rperlicher Ebene wirkt er fiebertreibend, erh\u00f6ht den Blutdruck und regt den Kreislauf an.<\/em><\/p>\n<p>Diese Ketten sind jede f\u00fcr sich einzigartig, eignen sich wunderbar als Geschenk oder zum selber behalten.<\/p>\n<p>925 Silber, vergoldet, 70cm lang, in BENEVOLENTI Geschenkverpackung.<\/p>\n","protected":false},"excerpt":{"rendered":"<p>Wundersch\u00f6ne, farblich abgestimmte Korunde, aufgereiht auf einer BENEVOLENTI Kette. Saphir bringt eine unersch\u00fctterliche innere Ruhe. Er hilft, die Gedanken zu b\u00fcndeln und mit grosser Kraft auf ein Ziel auszurichten. K\u00f6rperlich wirkt er schmerzlindernd, nervenst\u00e4rkend, Fieber- und Blutdruck-senkend. Rubin schenkt Leidenschaft und Lebensfreude, Engagement und Leistungsbereitschaft. Er f\u00f6rdert Tapferkeit, Tugend und&#8230; <a class=\"more-link\" href=\"https:\/\/www.benevolenti.com\/de\/produkt\/halskette-korund\/\">Mehr<\/a><\/p>\n","protected":false},"featured_media":20296,"comment_status":"open","ping_status":"closed","template":"","meta":[],"product_brand":[],"product_cat":[595],"product_tag":[664],"class_list":{"0":"post-20287","1":"product","2":"type-product","3":"status-publish","4":"has-post-thumbnail","6":"product_cat-kraft-energie","7":"product_tag-korund","9":"first","10":"instock","11":"shipping-taxable","12":"purchasable","13":"product-type-variable","14":"has-default-attributes"},"jetpack_sharing_enabled":true,"_links":{"self":[{"href":"https:\/\/www.benevolenti.com\/de\/wp-json\/wp\/v2\/product\/20287","targetHints":{"allow":["GET"]}}],"collection":[{"href":"https:\/\/www.benevolenti.com\/de\/wp-json\/wp\/v2\/product"}],"about":[{"href":"https:\/\/www.benevolenti.com\/de\/wp-json\/wp\/v2\/types\/product"}],"replies":[{"embeddable":true,"href":"https:\/\/www.benevolenti.com\/de\/wp-json\/wp\/v2\/comments?post=20287"}],"wp:featuredmedia":[{"embeddable":true,"href":"https:\/\/www.benevolenti.com\/de\/wp-json\/wp\/v2\/media\/20296"}],"wp:attachment":[{"href":"https:\/\/www.benevolenti.com\/de\/wp-json\/wp\/v2\/media?parent=20287"}],"wp:term":[{"taxonomy":"product_brand","embeddable":true,"href":"https:\/\/www.benevolenti.com\/de\/wp-json\/wp\/v2\/product_brand?post=20287"},{"taxonomy":"product_cat","embeddable":true,"href":"https:\/\/www.benevolenti.com\/de\/wp-json\/wp\/v2\/product_cat?post=20287"},{"taxonomy":"product_tag","embeddable":true,"href":"https:\/\/www.benevolenti.com\/de\/wp-json\/wp\/v2\/product_tag?post=20287"}],"curies":[{"name":"wp","href":"https:\/\/api.w.org\/{rel}","templated":true}]}}