{"id":20269,"date":"2025-02-01T22:42:56","date_gmt":"2025-02-01T21:42:56","guid":{"rendered":"https:\/\/www.benevolenti.com\/?post_type=product&#038;p=20269"},"modified":"2025-03-03T07:58:43","modified_gmt":"2025-03-03T06:58:43","slug":"wunsch-armband-happy-birthday","status":"publish","type":"product","link":"https:\/\/www.benevolenti.com\/de\/produkt\/wunsch-armband-happy-birthday\/","title":{"rendered":"WUNSCH ARMBAND Geburtstag"},"content":{"rendered":"<p>Ein Wunscharmband mit Edelopal zum Geburtstag! Direkt aus der Erdkruste leuchten diese Edelsteine in den knalligsten Farben. Kombiniert mit einem Ballon Hund ist das Seiden-Armband das perfekte kleine Geburtstagsgeschenk f\u00fcr einen happy Birthday.<\/p>\n<p>Nat\u00fcrlich braucht Deine Freundin auch nicht Geburtstag zu haben, ich kann auf das K\u00e4rtchen gerne auch einen anderen Wunsch schreiben. Oder einen Wunsch an Dich selber. Einfach beim Checkout ins Feld schreiben.<\/p>\n<p><em>100% reine Naturseide. Balloon Dog aus 925 Sterling Silber bzw. vergoldet.<\/em><br \/>\n<em>Naturbelassener Edelopal.<\/em><\/p>\n<p>&nbsp;<\/p>\n<p>&nbsp;<\/p>\n","protected":false},"excerpt":{"rendered":"<p>Ein Wunscharmband mit Edelopal zum Geburtstag! Direkt aus der Erdkruste leuchten diese Edelsteine in den knalligsten Farben. Kombiniert mit einem Ballon Hund ist das Seiden-Armband das perfekte kleine Geburtstagsgeschenk f\u00fcr einen happy Birthday. Nat\u00fcrlich braucht Deine Freundin auch nicht Geburtstag zu haben, ich kann auf das K\u00e4rtchen gerne auch einen&#8230; <a class=\"more-link\" href=\"https:\/\/www.benevolenti.com\/de\/produkt\/wunsch-armband-happy-birthday\/\">Mehr<\/a><\/p>\n","protected":false},"featured_media":22356,"comment_status":"open","ping_status":"closed","template":"","meta":[],"product_brand":[],"product_cat":[199,336,642],"product_tag":[730],"class_list":{"0":"post-20269","1":"product","2":"type-product","3":"status-publish","4":"has-post-thumbnail","6":"product_cat-neu","7":"product_cat-seide","8":"product_cat-mitbringsel","9":"product_tag-opal","11":"first","12":"instock","13":"shipping-taxable","14":"purchasable","15":"product-type-variable","16":"has-default-attributes"},"jetpack_sharing_enabled":true,"_links":{"self":[{"href":"https:\/\/www.benevolenti.com\/de\/wp-json\/wp\/v2\/product\/20269","targetHints":{"allow":["GET"]}}],"collection":[{"href":"https:\/\/www.benevolenti.com\/de\/wp-json\/wp\/v2\/product"}],"about":[{"href":"https:\/\/www.benevolenti.com\/de\/wp-json\/wp\/v2\/types\/product"}],"replies":[{"embeddable":true,"href":"https:\/\/www.benevolenti.com\/de\/wp-json\/wp\/v2\/comments?post=20269"}],"wp:featuredmedia":[{"embeddable":true,"href":"https:\/\/www.benevolenti.com\/de\/wp-json\/wp\/v2\/media\/22356"}],"wp:attachment":[{"href":"https:\/\/www.benevolenti.com\/de\/wp-json\/wp\/v2\/media?parent=20269"}],"wp:term":[{"taxonomy":"product_brand","embeddable":true,"href":"https:\/\/www.benevolenti.com\/de\/wp-json\/wp\/v2\/product_brand?post=20269"},{"taxonomy":"product_cat","embeddable":true,"href":"https:\/\/www.benevolenti.com\/de\/wp-json\/wp\/v2\/product_cat?post=20269"},{"taxonomy":"product_tag","embeddable":true,"href":"https:\/\/www.benevolenti.com\/de\/wp-json\/wp\/v2\/product_tag?post=20269"}],"curies":[{"name":"wp","href":"https:\/\/api.w.org\/{rel}","templated":true}]}}