{"id":20221,"date":"2023-09-13T16:46:36","date_gmt":"2023-09-13T14:46:36","guid":{"rendered":"https:\/\/www.benevolenti.com\/?post_type=product&#038;p=20221"},"modified":"2026-03-09T09:14:39","modified_gmt":"2026-03-09T08:14:39","slug":"raeucherfaecher-farbenfroh","status":"publish","type":"product","link":"https:\/\/www.benevolenti.com\/de\/produkt\/raeucherfaecher-farbenfroh\/","title":{"rendered":"R\u00c4UCHERF\u00c4CHER farbenfroh"},"content":{"rendered":"<p>Mit reinen Energien und hohen Intentionen in der Schweiz handgefertigte R\u00e4ucherf\u00e4cher.<\/p>\n<p><em>V\u00f6gel mausern sich j\u00e4hrlich und leben in Freiheit\u00a0 in einem f\u00fcr sie immer enger werdenden Lebensraum gef\u00e4hrlich. Ihre Federn leben in der Form von F\u00e4chern weiter und d\u00fcrfen mit den Botschaften, die sie vermitteln, weiterhin fliegen und unsere Gedanken und Intentionen weiter verbreiten.<\/em><\/p>\n<p>Die Fotos zeigen beim blauen und weissen Leder auch die R\u00fcckseite der F\u00e4cher:<\/p>\n<p>Turmalin in Feldspat &#8211; <strong>schwarzes<\/strong> Leder &#8211; Federn von Storch, Ara, Reiher, Bussard<br \/>\nBergkristall &#8211; <strong>weisses<\/strong> Leder &#8211; Federn von Ente, Ara und Reiher<br \/>\nLanger spitzer Bergkristall &#8211; <strong>weisses<\/strong> Leder &#8211; Ara, Gans<\/p>\n<p>Einmalige, einzigartige Einzelst\u00fccke. Mit Steinbeschreibung in Geschenkschachtel.<\/p>\n<p>&nbsp;<\/p>\n","protected":false},"excerpt":{"rendered":"<p>Mit reinen Energien und hohen Intentionen in der Schweiz handgefertigte R\u00e4ucherf\u00e4cher. V\u00f6gel mausern sich j\u00e4hrlich und leben in Freiheit\u00a0 in einem f\u00fcr sie immer enger werdenden Lebensraum gef\u00e4hrlich. Ihre Federn leben in der Form von F\u00e4chern weiter und d\u00fcrfen mit den Botschaften, die sie vermitteln, weiterhin fliegen und unsere Gedanken&#8230; <a class=\"more-link\" href=\"https:\/\/www.benevolenti.com\/de\/produkt\/raeucherfaecher-farbenfroh\/\">Mehr<\/a><\/p>\n","protected":false},"featured_media":20227,"comment_status":"open","ping_status":"closed","template":"","meta":[],"product_brand":[],"product_cat":[39,587,743,589,646],"product_tag":[],"class_list":{"0":"post-20221","1":"product","2":"type-product","3":"status-publish","4":"has-post-thumbnail","6":"product_cat-accessories-de","7":"product_cat-ausgeglichenheit-gelassenheit","8":"product_cat-rauhnaechte","9":"product_cat-schutz","10":"product_cat-abschiedsgeschenk","12":"first","13":"instock","14":"shipping-taxable","15":"purchasable","16":"product-type-variable"},"jetpack_sharing_enabled":true,"_links":{"self":[{"href":"https:\/\/www.benevolenti.com\/de\/wp-json\/wp\/v2\/product\/20221","targetHints":{"allow":["GET"]}}],"collection":[{"href":"https:\/\/www.benevolenti.com\/de\/wp-json\/wp\/v2\/product"}],"about":[{"href":"https:\/\/www.benevolenti.com\/de\/wp-json\/wp\/v2\/types\/product"}],"replies":[{"embeddable":true,"href":"https:\/\/www.benevolenti.com\/de\/wp-json\/wp\/v2\/comments?post=20221"}],"wp:featuredmedia":[{"embeddable":true,"href":"https:\/\/www.benevolenti.com\/de\/wp-json\/wp\/v2\/media\/20227"}],"wp:attachment":[{"href":"https:\/\/www.benevolenti.com\/de\/wp-json\/wp\/v2\/media?parent=20221"}],"wp:term":[{"taxonomy":"product_brand","embeddable":true,"href":"https:\/\/www.benevolenti.com\/de\/wp-json\/wp\/v2\/product_brand?post=20221"},{"taxonomy":"product_cat","embeddable":true,"href":"https:\/\/www.benevolenti.com\/de\/wp-json\/wp\/v2\/product_cat?post=20221"},{"taxonomy":"product_tag","embeddable":true,"href":"https:\/\/www.benevolenti.com\/de\/wp-json\/wp\/v2\/product_tag?post=20221"}],"curies":[{"name":"wp","href":"https:\/\/api.w.org\/{rel}","templated":true}]}}