{"id":20109,"date":"2023-08-31T22:30:58","date_gmt":"2023-08-31T20:30:58","guid":{"rendered":"https:\/\/www.benevolenti.com\/?post_type=product&#038;p=20109"},"modified":"2024-11-17T08:16:40","modified_gmt":"2024-11-17T07:16:40","slug":"kreolen-alpiner-serpentin","status":"publish","type":"product","link":"https:\/\/www.benevolenti.com\/de\/produkt\/kreolen-alpiner-serpentin\/","title":{"rendered":"KREOLEN Alpiner Serpentin"},"content":{"rendered":"<p>Serpentin stammt von lateinisch serpens=Schlange ab, weil er wegen seiner gr\u00fcnen B\u00e4nderung ein schlangen\u00e4hnliches Aussehen hat. Er tritt in den Schweizer Alpen im Tessin, Bergell, Landwassertal, Puschlav und Wallis auf.<\/p>\n<p>Kreolen in den Gr\u00f6ssen 1.5cm 2.5cm oder 4cm. Serpentin Kugeln mit 8mm Durchmesser.<\/p>\n<p>Als Kugeln imBaumwoll-Sachet, als Eibenbeeren bzw. Eicheln in der klassischen BENEVOLENTI Geschenkbox mit pers\u00f6nlichem Wunsch und Wirkung des Serpentins:<\/p>\n<p><span><em>\u201eSerpentin hilft in der Meditation wie im Leben, die eigene innere Mitte zu finden und sich abzugrenzen, Freir\u00e4ume zu schaffen, zu wahren und wenn n\u00f6tig zu verteidigen. Er l\u00e4sst Dich den inneren Frieden finden.\u201c<\/em><\/span><\/p>\n","protected":false},"excerpt":{"rendered":"<p>Serpentin stammt von lateinisch serpens=Schlange ab, weil er wegen seiner gr\u00fcnen B\u00e4nderung ein schlangen\u00e4hnliches Aussehen hat. Er tritt in den Schweizer Alpen im Tessin, Bergell, Landwassertal, Puschlav und Wallis auf. Kreolen in den Gr\u00f6ssen 1.5cm 2.5cm oder 4cm. Serpentin Kugeln mit 8mm Durchmesser. Als Kugeln imBaumwoll-Sachet, als Eibenbeeren bzw. Eicheln&#8230; <a class=\"more-link\" href=\"https:\/\/www.benevolenti.com\/de\/produkt\/kreolen-alpiner-serpentin\/\">Mehr<\/a><\/p>\n","protected":false},"featured_media":19883,"comment_status":"open","ping_status":"closed","template":"","meta":[],"product_brand":[],"product_cat":[734,744,725],"product_tag":[],"class_list":{"0":"post-20109","1":"product","2":"type-product","3":"status-publish","4":"has-post-thumbnail","6":"product_cat-alpine","7":"product_cat-eibenbeeren","8":"product_cat-set","10":"first","11":"instock","12":"shipping-taxable","13":"purchasable","14":"product-type-variable"},"jetpack_sharing_enabled":true,"_links":{"self":[{"href":"https:\/\/www.benevolenti.com\/de\/wp-json\/wp\/v2\/product\/20109","targetHints":{"allow":["GET"]}}],"collection":[{"href":"https:\/\/www.benevolenti.com\/de\/wp-json\/wp\/v2\/product"}],"about":[{"href":"https:\/\/www.benevolenti.com\/de\/wp-json\/wp\/v2\/types\/product"}],"replies":[{"embeddable":true,"href":"https:\/\/www.benevolenti.com\/de\/wp-json\/wp\/v2\/comments?post=20109"}],"wp:featuredmedia":[{"embeddable":true,"href":"https:\/\/www.benevolenti.com\/de\/wp-json\/wp\/v2\/media\/19883"}],"wp:attachment":[{"href":"https:\/\/www.benevolenti.com\/de\/wp-json\/wp\/v2\/media?parent=20109"}],"wp:term":[{"taxonomy":"product_brand","embeddable":true,"href":"https:\/\/www.benevolenti.com\/de\/wp-json\/wp\/v2\/product_brand?post=20109"},{"taxonomy":"product_cat","embeddable":true,"href":"https:\/\/www.benevolenti.com\/de\/wp-json\/wp\/v2\/product_cat?post=20109"},{"taxonomy":"product_tag","embeddable":true,"href":"https:\/\/www.benevolenti.com\/de\/wp-json\/wp\/v2\/product_tag?post=20109"}],"curies":[{"name":"wp","href":"https:\/\/api.w.org\/{rel}","templated":true}]}}