{"id":20059,"date":"2023-08-26T19:50:15","date_gmt":"2023-08-26T17:50:15","guid":{"rendered":"https:\/\/www.benevolenti.com\/?post_type=product&#038;p=20059"},"modified":"2024-11-17T08:16:56","modified_gmt":"2024-11-17T07:16:56","slug":"kreolen-alpiner-marmor","status":"publish","type":"product","link":"https:\/\/www.benevolenti.com\/de\/produkt\/kreolen-alpiner-marmor\/","title":{"rendered":"KREOLEN Alpiner Marmor"},"content":{"rendered":"<p><span>Marmor ist das Resultat von geologischen Umschichtungen und Umw\u00e4lzungen, die \u00fcber Millionen von Jahren vor sich gegangen sind. Kalkmassen wurden bei der Bildung der Alpen zusammengepresst und durch enormen Druck erhitzt. Durch die Metamorphose entstand ein hartes, kristallines Gestein von ausserordentlicher Sch\u00f6nheit. <\/span><\/p>\n<p><span>Dieser Marmor aus einem kleinen Nebental des Valle Maggia ist daher ein echter Marmor, wie derjenige von Carrara. <\/span><span>Die chemische Zusammensetzung des reinen Kalzit-Marmors entspricht sogar v\u00f6llig derjenigen der sch\u00f6nsten Marmor<\/span><span>gesteine von Griechenland. <\/span><\/p>\n<p><span>Die Reflexion des Lichtes an den Spaltfl\u00e4chen der bis zu 2 mm grossen<\/span><span> Calzitkristalle verleihen dem Marmor sein glitzerndes Aussehen und seinen einmaligen Glanz. Seine Farbenvielfalt reicht von weiss bis grau, mit gr\u00fcner, bl\u00e4ulicher oder zartrosa B\u00e4nderung.<\/span><\/p>\n<p>Kreolen in den Gr\u00f6ssen 1.5cm 2.5cm oder 4cm. Marmorkugeln mit 6mm Durchmesser.<\/p>\n<p>SET in der BENEVOLENTI Geschenkschachtel, nur Kreolen oder Kette im Baumwoll-Sachet mit pers\u00f6nlichem Wunsch und Wirkung des Marmors:<\/p>\n<p><span><em>&#8222;<\/em><\/span><em>Cristallina Marmor aus den Schweizer Alpen gibt Mut, Kraft und die notwendigen Einsichten, scheinbar unab\u00e4nderliche Dinge zu ver\u00e4ndern. <\/em><em>Er hilft, sich von Unzufriedenheit zu l\u00f6sen und neue Perspektiven und kreative <\/em><em>Probleml\u00f6sungen zu finden.<\/em><span><em>&#8222;<\/em><\/span><\/p>\n","protected":false},"excerpt":{"rendered":"<p>Marmor ist das Resultat von geologischen Umschichtungen und Umw\u00e4lzungen, die \u00fcber Millionen von Jahren vor sich gegangen sind. Kalkmassen wurden bei der Bildung der Alpen zusammengepresst und durch enormen Druck erhitzt. Durch die Metamorphose entstand ein hartes, kristallines Gestein von ausserordentlicher Sch\u00f6nheit. Dieser Marmor aus einem kleinen Nebental des Valle&#8230; <a class=\"more-link\" href=\"https:\/\/www.benevolenti.com\/de\/produkt\/kreolen-alpiner-marmor\/\">Mehr<\/a><\/p>\n","protected":false},"featured_media":19874,"comment_status":"open","ping_status":"closed","template":"","meta":[],"product_brand":[],"product_cat":[734,744,725],"product_tag":[],"class_list":{"0":"post-20059","1":"product","2":"type-product","3":"status-publish","4":"has-post-thumbnail","6":"product_cat-alpine","7":"product_cat-eibenbeeren","8":"product_cat-set","10":"first","11":"instock","12":"shipping-taxable","13":"purchasable","14":"product-type-variable"},"jetpack_sharing_enabled":true,"_links":{"self":[{"href":"https:\/\/www.benevolenti.com\/de\/wp-json\/wp\/v2\/product\/20059","targetHints":{"allow":["GET"]}}],"collection":[{"href":"https:\/\/www.benevolenti.com\/de\/wp-json\/wp\/v2\/product"}],"about":[{"href":"https:\/\/www.benevolenti.com\/de\/wp-json\/wp\/v2\/types\/product"}],"replies":[{"embeddable":true,"href":"https:\/\/www.benevolenti.com\/de\/wp-json\/wp\/v2\/comments?post=20059"}],"wp:featuredmedia":[{"embeddable":true,"href":"https:\/\/www.benevolenti.com\/de\/wp-json\/wp\/v2\/media\/19874"}],"wp:attachment":[{"href":"https:\/\/www.benevolenti.com\/de\/wp-json\/wp\/v2\/media?parent=20059"}],"wp:term":[{"taxonomy":"product_brand","embeddable":true,"href":"https:\/\/www.benevolenti.com\/de\/wp-json\/wp\/v2\/product_brand?post=20059"},{"taxonomy":"product_cat","embeddable":true,"href":"https:\/\/www.benevolenti.com\/de\/wp-json\/wp\/v2\/product_cat?post=20059"},{"taxonomy":"product_tag","embeddable":true,"href":"https:\/\/www.benevolenti.com\/de\/wp-json\/wp\/v2\/product_tag?post=20059"}],"curies":[{"name":"wp","href":"https:\/\/api.w.org\/{rel}","templated":true}]}}