{"id":20008,"date":"2023-08-24T18:05:00","date_gmt":"2023-08-24T16:05:00","guid":{"rendered":"https:\/\/www.benevolenti.com\/?post_type=product&#038;p=20008"},"modified":"2025-11-02T07:59:43","modified_gmt":"2025-11-02T06:59:43","slug":"set-alpiner-rhodonit","status":"publish","type":"product","link":"https:\/\/www.benevolenti.com\/de\/produkt\/set-alpiner-rhodonit\/","title":{"rendered":"SET Alpiner Rhodonit"},"content":{"rendered":"<p><span>Der Rhodonit ist ein grosser Heiler.<\/span><\/p>\n<p><span>Die Manganerzfundstelle am Spl\u00fcgenpass \u00fcberrascht beim Auf\u00adschlagen der schwarzen Steinst\u00fccke immer wieder mit wundersch\u00f6nen Farben von roten, schwarzen, weissen, gelben und braunen Mineralien. Von allen Manganvorkommen der Schweiz hat Spl\u00fcgen vielleicht die farbigsten und vielf\u00e4ltigsten Funde geliefert.\u00a0<\/span><span><\/span><\/p>\n<p>Kreolen in den Gr\u00f6ssen 1.5cm im SET bzw. einzeln auch in 2.5cm. Rhodonit Buttons mit 6mm Durchmesser.<\/p>\n<p>SET in der BENEVOLENTI Geschenkschachtel, nur Kreolen oder Kette im Baumwoll-Sachet mit pers\u00f6nlichem Wunsch und Steinwirkung.<\/p>\n","protected":false},"excerpt":{"rendered":"<p>Der Rhodonit ist ein grosser Heiler. Die Manganerzfundstelle am Spl\u00fcgenpass \u00fcberrascht beim Auf\u00adschlagen der schwarzen Steinst\u00fccke immer wieder mit wundersch\u00f6nen Farben von roten, schwarzen, weissen, gelben und braunen Mineralien. Von allen Manganvorkommen der Schweiz hat Spl\u00fcgen vielleicht die farbigsten und vielf\u00e4ltigsten Funde geliefert.\u00a0 Kreolen in den Gr\u00f6ssen 1.5cm im SET&#8230; <a class=\"more-link\" href=\"https:\/\/www.benevolenti.com\/de\/produkt\/set-alpiner-rhodonit\/\">Mehr<\/a><\/p>\n","protected":false},"featured_media":20018,"comment_status":"open","ping_status":"closed","template":"","meta":[],"product_brand":[],"product_cat":[734,590,725],"product_tag":[669],"class_list":{"0":"post-20008","1":"product","2":"type-product","3":"status-publish","4":"has-post-thumbnail","6":"product_cat-alpine","7":"product_cat-hoffnungzuversicht","8":"product_cat-set","9":"product_tag-rhodonit","11":"first","12":"instock","13":"shipping-taxable","14":"purchasable","15":"product-type-variable","16":"has-default-attributes"},"jetpack_sharing_enabled":true,"_links":{"self":[{"href":"https:\/\/www.benevolenti.com\/de\/wp-json\/wp\/v2\/product\/20008","targetHints":{"allow":["GET"]}}],"collection":[{"href":"https:\/\/www.benevolenti.com\/de\/wp-json\/wp\/v2\/product"}],"about":[{"href":"https:\/\/www.benevolenti.com\/de\/wp-json\/wp\/v2\/types\/product"}],"replies":[{"embeddable":true,"href":"https:\/\/www.benevolenti.com\/de\/wp-json\/wp\/v2\/comments?post=20008"}],"wp:featuredmedia":[{"embeddable":true,"href":"https:\/\/www.benevolenti.com\/de\/wp-json\/wp\/v2\/media\/20018"}],"wp:attachment":[{"href":"https:\/\/www.benevolenti.com\/de\/wp-json\/wp\/v2\/media?parent=20008"}],"wp:term":[{"taxonomy":"product_brand","embeddable":true,"href":"https:\/\/www.benevolenti.com\/de\/wp-json\/wp\/v2\/product_brand?post=20008"},{"taxonomy":"product_cat","embeddable":true,"href":"https:\/\/www.benevolenti.com\/de\/wp-json\/wp\/v2\/product_cat?post=20008"},{"taxonomy":"product_tag","embeddable":true,"href":"https:\/\/www.benevolenti.com\/de\/wp-json\/wp\/v2\/product_tag?post=20008"}],"curies":[{"name":"wp","href":"https:\/\/api.w.org\/{rel}","templated":true}]}}