{"id":19832,"date":"2023-08-31T22:18:31","date_gmt":"2023-08-31T20:18:31","guid":{"rendered":"https:\/\/www.benevolenti.com\/?post_type=product&#038;p=19832"},"modified":"2024-11-17T08:16:46","modified_gmt":"2024-11-17T07:16:46","slug":"wunscharmband-mitad-del-mundo","status":"publish","type":"product","link":"https:\/\/www.benevolenti.com\/de\/produkt\/wunscharmband-mitad-del-mundo\/","title":{"rendered":"WUNSCH ARMBAND Mitad del Mundo"},"content":{"rendered":"<p>F\u00fcr den ewigen Sommer am Handgelenk&#8230;\u00a0 ein Kunst*hand*werk aus Ecuador!<\/p>\n<p>Handgewoben in der Mitte der Welt, in der N\u00e4he des \u00c4quatormonuments in San Antonio de Pichincha, erg\u00e4nzt mit einem Magnesit und Silberpl\u00e4ttchen von BENEVOLENTI.<\/p>\n<p>925 Silber, Edelstein.<br \/>\nAuf handgeschriebener und -gestempelter Karte.<br \/>\nGerne auch mit personalisiertem Wunsch oder einem anderen Stein. Einfach ins Check-out Feld schreiben.<\/p>\n","protected":false},"excerpt":{"rendered":"<p>F\u00fcr den ewigen Sommer am Handgelenk&#8230;\u00a0 ein Kunst*hand*werk aus Ecuador! Handgewoben in der Mitte der Welt, in der N\u00e4he des \u00c4quatormonuments in San Antonio de Pichincha, erg\u00e4nzt mit einem Magnesit und Silberpl\u00e4ttchen von BENEVOLENTI. 925 Silber, Edelstein. Auf handgeschriebener und -gestempelter Karte. Gerne auch mit personalisiertem Wunsch oder einem anderen&#8230; <a class=\"more-link\" href=\"https:\/\/www.benevolenti.com\/de\/produkt\/wunscharmband-mitad-del-mundo\/\">Mehr<\/a><\/p>\n","protected":false},"featured_media":19837,"comment_status":"open","ping_status":"closed","template":"","meta":[],"product_brand":[],"product_cat":[336],"product_tag":[448],"class_list":{"0":"post-19832","1":"product","2":"type-product","3":"status-publish","4":"has-post-thumbnail","6":"product_cat-seide","7":"product_tag-amethyst","9":"first","10":"instock","11":"shipping-taxable","12":"purchasable","13":"product-type-simple"},"jetpack_sharing_enabled":true,"_links":{"self":[{"href":"https:\/\/www.benevolenti.com\/de\/wp-json\/wp\/v2\/product\/19832","targetHints":{"allow":["GET"]}}],"collection":[{"href":"https:\/\/www.benevolenti.com\/de\/wp-json\/wp\/v2\/product"}],"about":[{"href":"https:\/\/www.benevolenti.com\/de\/wp-json\/wp\/v2\/types\/product"}],"replies":[{"embeddable":true,"href":"https:\/\/www.benevolenti.com\/de\/wp-json\/wp\/v2\/comments?post=19832"}],"wp:featuredmedia":[{"embeddable":true,"href":"https:\/\/www.benevolenti.com\/de\/wp-json\/wp\/v2\/media\/19837"}],"wp:attachment":[{"href":"https:\/\/www.benevolenti.com\/de\/wp-json\/wp\/v2\/media?parent=19832"}],"wp:term":[{"taxonomy":"product_brand","embeddable":true,"href":"https:\/\/www.benevolenti.com\/de\/wp-json\/wp\/v2\/product_brand?post=19832"},{"taxonomy":"product_cat","embeddable":true,"href":"https:\/\/www.benevolenti.com\/de\/wp-json\/wp\/v2\/product_cat?post=19832"},{"taxonomy":"product_tag","embeddable":true,"href":"https:\/\/www.benevolenti.com\/de\/wp-json\/wp\/v2\/product_tag?post=19832"}],"curies":[{"name":"wp","href":"https:\/\/api.w.org\/{rel}","templated":true}]}}