{"id":19566,"date":"2023-02-23T03:06:26","date_gmt":"2023-02-23T02:06:26","guid":{"rendered":"https:\/\/www.benevolenti.com\/?post_type=product&#038;p=19566"},"modified":"2025-11-16T11:12:06","modified_gmt":"2025-11-16T10:12:06","slug":"tropfenkette-tuerkis","status":"publish","type":"product","link":"https:\/\/www.benevolenti.com\/de\/produkt\/tropfenkette-tuerkis\/","title":{"rendered":"TROPFENKETTE T\u00fcrkis"},"content":{"rendered":"<p>Ein sch\u00fctzender Begleiter f\u00fcr jeden Tag.<\/p>\n<p>Gerne auch mit einem pers\u00f6nlichen Wunsch, ich schreibe die Karten von Hand.<\/p>\n<p>Halskette 40cm, (vergoldetes) 925 Silber.<\/p>\n","protected":false},"excerpt":{"rendered":"<p>Ein sch\u00fctzender Begleiter f\u00fcr jeden Tag. Gerne auch mit einem pers\u00f6nlichen Wunsch, ich schreibe die Karten von Hand. Halskette 40cm, (vergoldetes) 925 Silber.<\/p>\n","protected":false},"featured_media":19572,"comment_status":"open","ping_status":"closed","template":"","meta":[],"product_brand":[],"product_cat":[595,589,727],"product_tag":[671],"class_list":{"0":"post-19566","1":"product","2":"type-product","3":"status-publish","4":"has-post-thumbnail","6":"product_cat-kraft-energie","7":"product_cat-schutz","8":"product_cat-tropfenketten","9":"product_tag-tuerkis","11":"first","12":"instock","13":"shipping-taxable","14":"purchasable","15":"product-type-variable"},"jetpack_sharing_enabled":true,"_links":{"self":[{"href":"https:\/\/www.benevolenti.com\/de\/wp-json\/wp\/v2\/product\/19566","targetHints":{"allow":["GET"]}}],"collection":[{"href":"https:\/\/www.benevolenti.com\/de\/wp-json\/wp\/v2\/product"}],"about":[{"href":"https:\/\/www.benevolenti.com\/de\/wp-json\/wp\/v2\/types\/product"}],"replies":[{"embeddable":true,"href":"https:\/\/www.benevolenti.com\/de\/wp-json\/wp\/v2\/comments?post=19566"}],"wp:featuredmedia":[{"embeddable":true,"href":"https:\/\/www.benevolenti.com\/de\/wp-json\/wp\/v2\/media\/19572"}],"wp:attachment":[{"href":"https:\/\/www.benevolenti.com\/de\/wp-json\/wp\/v2\/media?parent=19566"}],"wp:term":[{"taxonomy":"product_brand","embeddable":true,"href":"https:\/\/www.benevolenti.com\/de\/wp-json\/wp\/v2\/product_brand?post=19566"},{"taxonomy":"product_cat","embeddable":true,"href":"https:\/\/www.benevolenti.com\/de\/wp-json\/wp\/v2\/product_cat?post=19566"},{"taxonomy":"product_tag","embeddable":true,"href":"https:\/\/www.benevolenti.com\/de\/wp-json\/wp\/v2\/product_tag?post=19566"}],"curies":[{"name":"wp","href":"https:\/\/api.w.org\/{rel}","templated":true}]}}