{"id":19536,"date":"2023-02-17T09:43:52","date_gmt":"2023-02-17T08:43:52","guid":{"rendered":"https:\/\/www.benevolenti.com\/?post_type=product&#038;p=19536"},"modified":"2025-02-05T14:36:19","modified_gmt":"2025-02-05T13:36:19","slug":"kette-horoskop-bernstein","status":"publish","type":"product","link":"https:\/\/www.benevolenti.com\/de\/produkt\/kette-horoskop-bernstein\/","title":{"rendered":"KETTE Horoskop Bernstein"},"content":{"rendered":"<p>Das Horoskop \u2013 von Dir oder einem wichtigen Kind in Deinem Leben \u2013 ist der Ausgangspunkt f\u00fcr eine ganz pers\u00f6nliche, individuelle Halskette. St\u00e4rken werden unterst\u00fctzt und Herausforderungen werden ausgeglichen. Ganz nach Deinem Geschmack kann die Halskette mit Bernstein, dem bekannten Stein f\u00fcrs Zahnen und \u00fcberhaupt f\u00fcr die Gesundheit, erg\u00e4nzt werden.<\/p>\n<p><strong>Bitte gib f\u00fcr die Horoskopkette bei der Bestellung den genauen Geburtsort und auch die Geburtszeit an. Und den Namen, damit ich das Sch\u00e4chtelchen pers\u00f6nlich machen kann.<\/strong><\/p>\n<p>Der Durchmesser der Steine ist 6mm, dazwischen sitzen feine Silberk\u00fcgelchen. Im Nacken (oder je nach Trageform vorne) ist eine BENEVOLENTI Eibenbeere befestigt. Die L\u00e4nge variiert je nach Alter.<\/p>\n<p><span>Gerne kann ich auch f\u00fcrs erste Jahr einen Magnetverschluss montieren und sp\u00e4ter auf einen Federring wechseln.<\/span><\/p>\n<p>Da diese Ketten meist jahrelange treue Begleiter werden, ist immer mal wieder ein Neuaufziehen gefragt. Auf Silberdraht entstehen Kosten \u00fcber 20 Franken, gekn\u00fcpft belaufen sich die Kosten auf 40 Franken.<\/p>\n","protected":false},"excerpt":{"rendered":"<p>Das Horoskop \u2013 von Dir oder einem wichtigen Kind in Deinem Leben \u2013 ist der Ausgangspunkt f\u00fcr eine ganz pers\u00f6nliche, individuelle Halskette. St\u00e4rken werden unterst\u00fctzt und Herausforderungen werden ausgeglichen. Ganz nach Deinem Geschmack kann die Halskette mit Bernstein, dem bekannten Stein f\u00fcrs Zahnen und \u00fcberhaupt f\u00fcr die Gesundheit, erg\u00e4nzt werden&#8230;. <a class=\"more-link\" href=\"https:\/\/www.benevolenti.com\/de\/produkt\/kette-horoskop-bernstein\/\">Mehr<\/a><\/p>\n","protected":false},"featured_media":19541,"comment_status":"closed","ping_status":"closed","template":"","meta":[],"product_brand":[],"product_cat":[138,742,165,650],"product_tag":[],"class_list":{"0":"post-19536","1":"product","2":"type-product","3":"status-publish","4":"has-post-thumbnail","6":"product_cat-geburt-taufe","7":"product_cat-kinderhals-2","8":"product_cat-sternzeichen","9":"product_cat-geburt-taufe-konf","11":"first","12":"instock","13":"shipping-taxable","14":"purchasable","15":"product-type-variable","16":"has-default-attributes"},"jetpack_sharing_enabled":true,"_links":{"self":[{"href":"https:\/\/www.benevolenti.com\/de\/wp-json\/wp\/v2\/product\/19536","targetHints":{"allow":["GET"]}}],"collection":[{"href":"https:\/\/www.benevolenti.com\/de\/wp-json\/wp\/v2\/product"}],"about":[{"href":"https:\/\/www.benevolenti.com\/de\/wp-json\/wp\/v2\/types\/product"}],"replies":[{"embeddable":true,"href":"https:\/\/www.benevolenti.com\/de\/wp-json\/wp\/v2\/comments?post=19536"}],"wp:featuredmedia":[{"embeddable":true,"href":"https:\/\/www.benevolenti.com\/de\/wp-json\/wp\/v2\/media\/19541"}],"wp:attachment":[{"href":"https:\/\/www.benevolenti.com\/de\/wp-json\/wp\/v2\/media?parent=19536"}],"wp:term":[{"taxonomy":"product_brand","embeddable":true,"href":"https:\/\/www.benevolenti.com\/de\/wp-json\/wp\/v2\/product_brand?post=19536"},{"taxonomy":"product_cat","embeddable":true,"href":"https:\/\/www.benevolenti.com\/de\/wp-json\/wp\/v2\/product_cat?post=19536"},{"taxonomy":"product_tag","embeddable":true,"href":"https:\/\/www.benevolenti.com\/de\/wp-json\/wp\/v2\/product_tag?post=19536"}],"curies":[{"name":"wp","href":"https:\/\/api.w.org\/{rel}","templated":true}]}}