{"id":19237,"date":"2022-09-28T12:23:41","date_gmt":"2022-09-28T10:23:41","guid":{"rendered":"https:\/\/www.benevolenti.com\/?post_type=product&#038;p=19237"},"modified":"2025-11-02T08:02:11","modified_gmt":"2025-11-02T07:02:11","slug":"steinkette-saphir","status":"publish","type":"product","link":"https:\/\/www.benevolenti.com\/de\/produkt\/steinkette-saphir\/","title":{"rendered":"STEINKETTE Saphir"},"content":{"rendered":"<p>Ein edler Stein im wahrsten Sinne, zaubert die Erdkruste den Saphir in allen Farben des Regenbogens hervor. Die Qualit\u00e4t ist \u00fcberragend, ich freue mich sehr \u00fcber den Fund.<\/p>\n<p>Kombiniert mit dem traditionellen BENEVOLENTI Gl\u00fccksklee &#8211; im Nacken oder als Hingucker zentriert &#8211; ganz wie es Dir am besten gef\u00e4llt.<\/p>\n<p><em>Saphir bringt eine unersch\u00fctterliche innere Ruhe. Er hilft, die Gedanken zu b\u00fcndeln und mit grosser Kraft auf ein Ziel auszurichten. K\u00f6rperlich wirkt er schmerzlindernd, nervenst\u00e4rkend, Fieber- und Blutdruck-senkend.<\/em><\/p>\n<p>Steinkette, 925 Silber (vergoldet).<\/p>\n<p>L\u00e4nge nach Wunsch, auch mit Kette verl\u00e4ngerbar m\u00f6glich.<br \/>\nPosition Klee nach Wunsch.<br \/>\nGeschenkbox, Steinbeschreibung und Wunschk\u00e4rtchen &#8222;Viel Erfolg!&#8220;<br \/>\nInkl. Verpackung und Versand.<\/p>\n<p>&nbsp;<\/p>\n","protected":false},"excerpt":{"rendered":"<p>Ein edler Stein im wahrsten Sinne, zaubert die Erdkruste den Saphir in allen Farben des Regenbogens hervor. Die Qualit\u00e4t ist \u00fcberragend, ich freue mich sehr \u00fcber den Fund. Kombiniert mit dem traditionellen BENEVOLENTI Gl\u00fccksklee &#8211; im Nacken oder als Hingucker zentriert &#8211; ganz wie es Dir am besten gef\u00e4llt. Saphir&#8230; <a class=\"more-link\" href=\"https:\/\/www.benevolenti.com\/de\/produkt\/steinkette-saphir\/\">Mehr<\/a><\/p>\n","protected":false},"featured_media":19227,"comment_status":"open","ping_status":"closed","template":"","meta":[],"product_brand":[],"product_cat":[594,729],"product_tag":[],"class_list":{"0":"post-19237","1":"product","2":"type-product","3":"status-publish","4":"has-post-thumbnail","6":"product_cat-erfolg-selbstvertrauen","7":"product_cat-steinketten","9":"first","10":"instock","11":"shipping-taxable","12":"purchasable","13":"product-type-variable","14":"has-default-attributes"},"jetpack_sharing_enabled":true,"_links":{"self":[{"href":"https:\/\/www.benevolenti.com\/de\/wp-json\/wp\/v2\/product\/19237","targetHints":{"allow":["GET"]}}],"collection":[{"href":"https:\/\/www.benevolenti.com\/de\/wp-json\/wp\/v2\/product"}],"about":[{"href":"https:\/\/www.benevolenti.com\/de\/wp-json\/wp\/v2\/types\/product"}],"replies":[{"embeddable":true,"href":"https:\/\/www.benevolenti.com\/de\/wp-json\/wp\/v2\/comments?post=19237"}],"wp:featuredmedia":[{"embeddable":true,"href":"https:\/\/www.benevolenti.com\/de\/wp-json\/wp\/v2\/media\/19227"}],"wp:attachment":[{"href":"https:\/\/www.benevolenti.com\/de\/wp-json\/wp\/v2\/media?parent=19237"}],"wp:term":[{"taxonomy":"product_brand","embeddable":true,"href":"https:\/\/www.benevolenti.com\/de\/wp-json\/wp\/v2\/product_brand?post=19237"},{"taxonomy":"product_cat","embeddable":true,"href":"https:\/\/www.benevolenti.com\/de\/wp-json\/wp\/v2\/product_cat?post=19237"},{"taxonomy":"product_tag","embeddable":true,"href":"https:\/\/www.benevolenti.com\/de\/wp-json\/wp\/v2\/product_tag?post=19237"}],"curies":[{"name":"wp","href":"https:\/\/api.w.org\/{rel}","templated":true}]}}