{"id":19229,"date":"2022-09-27T09:08:53","date_gmt":"2022-09-27T07:08:53","guid":{"rendered":"https:\/\/www.benevolenti.com\/?post_type=product&#038;p=19229"},"modified":"2025-12-04T09:09:10","modified_gmt":"2025-12-04T08:09:10","slug":"raeucherfaecher","status":"publish","type":"product","link":"https:\/\/www.benevolenti.com\/de\/produkt\/raeucherfaecher\/","title":{"rendered":"R\u00c4UCHERF\u00c4CHER braun"},"content":{"rendered":"<p>Mit reinen Energien und hohen Intentionen in der Schweiz handgefertigte R\u00e4ucherf\u00e4cher.<\/p>\n<p><em>V\u00f6gel mausern sich j\u00e4hrlich und leben in Freiheit\u00a0 in einem f\u00fcr sie immer enger werdenden Lebensraum gef\u00e4hrlich. Ihre Federn leben in der Form von F\u00e4chern weiter und d\u00fcrfen mit den Botschaften, die sie vermitteln, weiterhin fliegen und unsere Gedanken und Intentionen weiter verbreiten.<\/em><\/p>\n<p>Schweizer Bergkristall &#8211; Bussardfedern<br \/>\nRoter Achat &#8211; Bussardfedern<br \/>\nMondstein &#8211; Uhufedern<\/p>\n<p>Einmalige, einzigartige Einzelst\u00fccke. Mit Steinbeschreibung in schwarzer Schachtel.<\/p>\n<p>&nbsp;<\/p>\n","protected":false},"excerpt":{"rendered":"<p>Mit reinen Energien und hohen Intentionen in der Schweiz handgefertigte R\u00e4ucherf\u00e4cher. V\u00f6gel mausern sich j\u00e4hrlich und leben in Freiheit\u00a0 in einem f\u00fcr sie immer enger werdenden Lebensraum gef\u00e4hrlich. Ihre Federn leben in der Form von F\u00e4chern weiter und d\u00fcrfen mit den Botschaften, die sie vermitteln, weiterhin fliegen und unsere Gedanken&#8230; <a class=\"more-link\" href=\"https:\/\/www.benevolenti.com\/de\/produkt\/raeucherfaecher\/\">Mehr<\/a><\/p>\n","protected":false},"featured_media":19797,"comment_status":"open","ping_status":"closed","template":"","meta":[],"product_brand":[],"product_cat":[39,587,743,589,646],"product_tag":[],"class_list":{"0":"post-19229","1":"product","2":"type-product","3":"status-publish","4":"has-post-thumbnail","6":"product_cat-accessories-de","7":"product_cat-ausgeglichenheit-gelassenheit","8":"product_cat-rauhnaechte","9":"product_cat-schutz","10":"product_cat-abschiedsgeschenk","12":"first","13":"instock","14":"shipping-taxable","15":"purchasable","16":"product-type-variable"},"jetpack_sharing_enabled":true,"_links":{"self":[{"href":"https:\/\/www.benevolenti.com\/de\/wp-json\/wp\/v2\/product\/19229","targetHints":{"allow":["GET"]}}],"collection":[{"href":"https:\/\/www.benevolenti.com\/de\/wp-json\/wp\/v2\/product"}],"about":[{"href":"https:\/\/www.benevolenti.com\/de\/wp-json\/wp\/v2\/types\/product"}],"replies":[{"embeddable":true,"href":"https:\/\/www.benevolenti.com\/de\/wp-json\/wp\/v2\/comments?post=19229"}],"wp:featuredmedia":[{"embeddable":true,"href":"https:\/\/www.benevolenti.com\/de\/wp-json\/wp\/v2\/media\/19797"}],"wp:attachment":[{"href":"https:\/\/www.benevolenti.com\/de\/wp-json\/wp\/v2\/media?parent=19229"}],"wp:term":[{"taxonomy":"product_brand","embeddable":true,"href":"https:\/\/www.benevolenti.com\/de\/wp-json\/wp\/v2\/product_brand?post=19229"},{"taxonomy":"product_cat","embeddable":true,"href":"https:\/\/www.benevolenti.com\/de\/wp-json\/wp\/v2\/product_cat?post=19229"},{"taxonomy":"product_tag","embeddable":true,"href":"https:\/\/www.benevolenti.com\/de\/wp-json\/wp\/v2\/product_tag?post=19229"}],"curies":[{"name":"wp","href":"https:\/\/api.w.org\/{rel}","templated":true}]}}