{"id":19153,"date":"2022-09-25T10:08:32","date_gmt":"2022-09-25T08:08:32","guid":{"rendered":"https:\/\/www.benevolenti.com\/?post_type=product&#038;p=19153"},"modified":"2023-08-30T20:36:48","modified_gmt":"2023-08-30T18:36:48","slug":"armband-aromatherapie","status":"publish","type":"product","link":"https:\/\/www.benevolenti.com\/de\/produkt\/armband-aromatherapie\/","title":{"rendered":"ARMBAND Aromatherapie"},"content":{"rendered":"<p>Einen Tropfen \u00e4therisches \u00d6l auf Sandelholz &#8211; und du hast einen starken sinnlichen Begleiter f\u00fcr den Tag.<\/p>\n<p>Das Diffuser Bracelet wird erg\u00e4nzt durch versteinertes Holz, welches hilft bei der Sache zu bleiben, Begonnenes zu vollenden und geerdet zu bleiben. Es wirkt erholsam, zentrierend und sammelnd und ist eine hervorragende Meditationshilfe.<\/p>\n<p>BENEVOLENTI Stoffbeutel mit Steinbeschreibung und der Affirmation &#8222;I am grounded. I am strong.&#8220;<br \/>\nEibenbeere und weitere Elemente in 925 Silber.<\/p>\n","protected":false},"excerpt":{"rendered":"<p>Einen Tropfen \u00e4therisches \u00d6l auf Sandelholz &#8211; und du hast einen starken sinnlichen Begleiter f\u00fcr den Tag. Das Diffuser Bracelet wird erg\u00e4nzt durch versteinertes Holz, welches hilft bei der Sache zu bleiben, Begonnenes zu vollenden und geerdet zu bleiben. Es wirkt erholsam, zentrierend und sammelnd und ist eine hervorragende Meditationshilfe&#8230;. <a class=\"more-link\" href=\"https:\/\/www.benevolenti.com\/de\/produkt\/armband-aromatherapie\/\">Mehr<\/a><\/p>\n","protected":false},"featured_media":19164,"comment_status":"open","ping_status":"closed","template":"","meta":[],"product_brand":[],"product_cat":[146,591,335],"product_tag":[599,722,667],"class_list":{"0":"post-19153","1":"product","2":"type-product","3":"status-publish","4":"has-post-thumbnail","6":"product_cat-armbaender","7":"product_cat-gesundheit-vitalitaet","8":"product_cat-steine","9":"product_tag-granat","10":"product_tag-pietersit","11":"product_tag-versteinertes-holz","13":"first","14":"instock","15":"shipping-taxable","16":"purchasable","17":"product-type-simple"},"jetpack_sharing_enabled":true,"_links":{"self":[{"href":"https:\/\/www.benevolenti.com\/de\/wp-json\/wp\/v2\/product\/19153","targetHints":{"allow":["GET"]}}],"collection":[{"href":"https:\/\/www.benevolenti.com\/de\/wp-json\/wp\/v2\/product"}],"about":[{"href":"https:\/\/www.benevolenti.com\/de\/wp-json\/wp\/v2\/types\/product"}],"replies":[{"embeddable":true,"href":"https:\/\/www.benevolenti.com\/de\/wp-json\/wp\/v2\/comments?post=19153"}],"wp:featuredmedia":[{"embeddable":true,"href":"https:\/\/www.benevolenti.com\/de\/wp-json\/wp\/v2\/media\/19164"}],"wp:attachment":[{"href":"https:\/\/www.benevolenti.com\/de\/wp-json\/wp\/v2\/media?parent=19153"}],"wp:term":[{"taxonomy":"product_brand","embeddable":true,"href":"https:\/\/www.benevolenti.com\/de\/wp-json\/wp\/v2\/product_brand?post=19153"},{"taxonomy":"product_cat","embeddable":true,"href":"https:\/\/www.benevolenti.com\/de\/wp-json\/wp\/v2\/product_cat?post=19153"},{"taxonomy":"product_tag","embeddable":true,"href":"https:\/\/www.benevolenti.com\/de\/wp-json\/wp\/v2\/product_tag?post=19153"}],"curies":[{"name":"wp","href":"https:\/\/api.w.org\/{rel}","templated":true}]}}