{"id":19058,"date":"2024-11-04T08:00:27","date_gmt":"2024-11-04T07:00:27","guid":{"rendered":"https:\/\/www.benevolenti.com\/?post_type=product&#038;p=19058"},"modified":"2026-04-03T21:15:14","modified_gmt":"2026-04-03T19:15:14","slug":"benevolenti-magie","status":"publish","type":"product","link":"https:\/\/www.benevolenti.com\/de\/produkt\/benevolenti-magie\/","title":{"rendered":"EIBENBEERE maxi"},"content":{"rendered":"<p><span>Ein grosser Eibenbeere Schmuck Anh\u00e4nger, solo oder an einer starken Ankerkette h\u00f6chster Qualit\u00e4t. Oder in ganz feiner Begleitung.<\/span><\/p>\n<p><span>Der germanischen Mythologie zufolge sind Eiben die m\u00e4chtigsten B\u00e4ume, die vor dem B\u00f6sen sch\u00fctzen. Diese Schutzkraft soll in jedem meiner Schmuckst\u00fccke stecken, daher ist das Symbol von BENEVOLENTI die Eibenbeere.<\/span><\/p>\n<p><span>Basierend auf meinem Logo habe ich einen Entwurf gezeichnet und das Eibenbeeren-K\u00e4ppchen in Indien f\u00fcr euch fair produzieren lassen. Manche nennen den Anh\u00e4nger auch Eichel, manche Acorn &#8211; das nehmen wir gerne mit, ist doch die Eiche ein Symbol f\u00fcr St\u00e4rke, Standhaftigkeit und langes Leben.<\/span><\/p>\n<p><strong>Wie auch immer, in dem Anh\u00e4nger steckt ganz viel BENEVOLENTI Seele!<\/strong><\/p>\n<p><em>Eibenbeere Schmuck Anh\u00e4nger mit naturbelassenem Lieblingsstein in 8mm, 925 Silber und vergoldetes 925 Silber.<\/em><br \/>\n<em>Kette und Anh\u00e4nger auf handgeschriebener Karte.<br \/>\nEine l\u00e4ngere oder andere Ketten bitte \u00fcber die Links unten bestellen.<\/em><br \/>\n<em>Geschenkbox bitte separat zum Warenkorb f\u00fcgen.<\/em><\/p>\n<p>&nbsp;<\/p>\n<p>&nbsp;<\/p>\n","protected":false},"excerpt":{"rendered":"<p>Ein grosser Eibenbeere Schmuck Anh\u00e4nger, solo oder an einer starken Ankerkette h\u00f6chster Qualit\u00e4t. Oder in ganz feiner Begleitung. Der germanischen Mythologie zufolge sind Eiben die m\u00e4chtigsten B\u00e4ume, die vor dem B\u00f6sen sch\u00fctzen. Diese Schutzkraft soll in jedem meiner Schmuckst\u00fccke stecken, daher ist das Symbol von BENEVOLENTI die Eibenbeere. Basierend auf&#8230; <a class=\"more-link\" href=\"https:\/\/www.benevolenti.com\/de\/produkt\/benevolenti-magie\/\">Mehr<\/a><\/p>\n","protected":false},"featured_media":22175,"comment_status":"open","ping_status":"closed","template":"","meta":[],"product_brand":[],"product_cat":[334,744,332],"product_tag":[618,600,448,612,609,633,619,615,639,712,452,689,601,621,622,606,599,614,602,245,596,634,598,700,636,660,217,617,605,597,611,701,722,662,242,631,688,669,610,653,604,640,616,624,699,672,731,671,667],"class_list":{"0":"post-19058","1":"product","2":"type-product","3":"status-publish","4":"has-post-thumbnail","6":"product_cat-anhanger","7":"product_cat-eibenbeeren","8":"product_cat-ketten","9":"product_tag-achat","10":"product_tag-amazonit","11":"product_tag-amethyst","12":"product_tag-apatit","13":"product_tag-aquamarin","14":"product_tag-aragonit","15":"product_tag-aventurin","16":"product_tag-bergkristall","17":"product_tag-bernstein","18":"product_tag-beryll","19":"product_tag-bronzit","20":"product_tag-chalcedon","21":"product_tag-citrin","22":"product_tag-dumortierit","23":"product_tag-flint","24":"product_tag-gagat","25":"product_tag-granat","26":"product_tag-haematit","27":"product_tag-heliotrop","28":"product_tag-jade-de","29":"product_tag-karneol","30":"product_tag-labradorit","31":"product_tag-lapislazuli","32":"product_tag-lava","33":"product_tag-lepidolith","34":"product_tag-magnesit","35":"product_tag-mondstein","36":"product_tag-moosachat","37":"product_tag-muskovit","38":"product_tag-nephrit","39":"product_tag-onyx","40":"product_tag-ozeanchalcedon","41":"product_tag-pietersit","42":"product_tag-prehnit","43":"product_tag-pyrit","44":"product_tag-rauchquarz","45":"product_tag-rhodochrosit","46":"product_tag-rhodonit","47":"product_tag-rosenquarz","48":"product_tag-rutilquarz","49":"product_tag-schwarzer-turmalin","50":"product_tag-smaragd","51":"product_tag-sodalith","52":"product_tag-sonnenstein","53":"product_tag-tigerauge","54":"product_tag-tigereisen","55":"product_tag-turitella","56":"product_tag-tuerkis","57":"product_tag-versteinertes-holz","59":"first","60":"instock","61":"shipping-taxable","62":"purchasable","63":"product-type-variable","64":"has-default-attributes"},"jetpack_sharing_enabled":true,"_links":{"self":[{"href":"https:\/\/www.benevolenti.com\/de\/wp-json\/wp\/v2\/product\/19058","targetHints":{"allow":["GET"]}}],"collection":[{"href":"https:\/\/www.benevolenti.com\/de\/wp-json\/wp\/v2\/product"}],"about":[{"href":"https:\/\/www.benevolenti.com\/de\/wp-json\/wp\/v2\/types\/product"}],"replies":[{"embeddable":true,"href":"https:\/\/www.benevolenti.com\/de\/wp-json\/wp\/v2\/comments?post=19058"}],"wp:featuredmedia":[{"embeddable":true,"href":"https:\/\/www.benevolenti.com\/de\/wp-json\/wp\/v2\/media\/22175"}],"wp:attachment":[{"href":"https:\/\/www.benevolenti.com\/de\/wp-json\/wp\/v2\/media?parent=19058"}],"wp:term":[{"taxonomy":"product_brand","embeddable":true,"href":"https:\/\/www.benevolenti.com\/de\/wp-json\/wp\/v2\/product_brand?post=19058"},{"taxonomy":"product_cat","embeddable":true,"href":"https:\/\/www.benevolenti.com\/de\/wp-json\/wp\/v2\/product_cat?post=19058"},{"taxonomy":"product_tag","embeddable":true,"href":"https:\/\/www.benevolenti.com\/de\/wp-json\/wp\/v2\/product_tag?post=19058"}],"curies":[{"name":"wp","href":"https:\/\/api.w.org\/{rel}","templated":true}]}}