{"id":18814,"date":"2022-09-15T08:27:14","date_gmt":"2022-09-15T06:27:14","guid":{"rendered":"https:\/\/www.benevolenti.com\/?post_type=product&#038;p=18814"},"modified":"2025-06-14T11:32:57","modified_gmt":"2025-06-14T09:32:57","slug":"troepfchenkette","status":"publish","type":"product","link":"https:\/\/www.benevolenti.com\/de\/produkt\/troepfchenkette\/","title":{"rendered":"TR\u00d6PFCHEN KETTE"},"content":{"rendered":"<p>Zauberhafte Topas-Tr\u00f6pfchen auf einer filigranen Kette. Perfekt zum kombinieren mit deiner Lieblingskette.<\/p>\n<p>Topastr\u00f6pfchen.<br \/>\n925 Silber, vergoldetes 925 Silber.<br \/>\nL\u00e4nge Kette ca. 42cm.<\/p>\n","protected":false},"excerpt":{"rendered":"<p>Zauberhafte Topas-Tr\u00f6pfchen auf einer filigranen Kette. Perfekt zum kombinieren mit deiner Lieblingskette. Topastr\u00f6pfchen. 925 Silber, vergoldetes 925 Silber. L\u00e4nge Kette ca. 42cm.<\/p>\n","protected":false},"featured_media":18820,"comment_status":"open","ping_status":"closed","template":"","meta":[],"product_brand":[],"product_cat":[587,643,332],"product_tag":[230],"class_list":{"0":"post-18814","1":"product","2":"type-product","3":"status-publish","4":"has-post-thumbnail","6":"product_cat-ausgeglichenheit-gelassenheit","7":"product_cat-geschenke-fuer-sie","8":"product_cat-ketten","9":"product_tag-topas","11":"first","12":"instock","13":"shipping-taxable","14":"purchasable","15":"product-type-variable"},"jetpack_sharing_enabled":true,"_links":{"self":[{"href":"https:\/\/www.benevolenti.com\/de\/wp-json\/wp\/v2\/product\/18814","targetHints":{"allow":["GET"]}}],"collection":[{"href":"https:\/\/www.benevolenti.com\/de\/wp-json\/wp\/v2\/product"}],"about":[{"href":"https:\/\/www.benevolenti.com\/de\/wp-json\/wp\/v2\/types\/product"}],"replies":[{"embeddable":true,"href":"https:\/\/www.benevolenti.com\/de\/wp-json\/wp\/v2\/comments?post=18814"}],"wp:featuredmedia":[{"embeddable":true,"href":"https:\/\/www.benevolenti.com\/de\/wp-json\/wp\/v2\/media\/18820"}],"wp:attachment":[{"href":"https:\/\/www.benevolenti.com\/de\/wp-json\/wp\/v2\/media?parent=18814"}],"wp:term":[{"taxonomy":"product_brand","embeddable":true,"href":"https:\/\/www.benevolenti.com\/de\/wp-json\/wp\/v2\/product_brand?post=18814"},{"taxonomy":"product_cat","embeddable":true,"href":"https:\/\/www.benevolenti.com\/de\/wp-json\/wp\/v2\/product_cat?post=18814"},{"taxonomy":"product_tag","embeddable":true,"href":"https:\/\/www.benevolenti.com\/de\/wp-json\/wp\/v2\/product_tag?post=18814"}],"curies":[{"name":"wp","href":"https:\/\/api.w.org\/{rel}","templated":true}]}}