{"id":18781,"date":"2022-09-09T21:47:45","date_gmt":"2022-09-09T19:47:45","guid":{"rendered":"https:\/\/www.benevolenti.com\/?post_type=product&#038;p=18781"},"modified":"2024-12-01T07:23:49","modified_gmt":"2024-12-01T06:23:49","slug":"babykette-bernstein-deluxe","status":"publish","type":"product","link":"https:\/\/www.benevolenti.com\/de\/produkt\/babykette-bernstein-deluxe\/","title":{"rendered":"BABYKETTE Bernstein Engel"},"content":{"rendered":"<p>Die Qualit\u00e4t dieses Bernsteins ist herausragend, die runde Form ist schwierig zu finden. Der Calcit erg\u00e4nzt diese Farbkomposition perfekt und kann das Wachstum unterst\u00fctzen.<\/p>\n<p>Der Bernstein ist ein traditioneller Gesundheitsstein, wird aber seit jeher auch als Unterst\u00fctzung beim Zahnen verwendet. Das K\u00e4rtchen mit dem Wunsch \u201eGute Gesundheit und sei besch\u00fctzt!\u201c, eine Steinbeschreibung und eine Geschenkbox begleiten die Halskette.<\/p>\n<p>Halskette aus Bernstein, Schutzengel aus 925 Silber und Anh\u00e4nger aus Calcit.<br \/>\nL\u00e4nge ca. 32 cm.<\/p>\n<p>F\u00fcr einen pers\u00f6nlichen Wunsch gerne ein Email schreiben an claudia@benevolenti.com<\/p>\n","protected":false},"excerpt":{"rendered":"<p>Die Qualit\u00e4t dieses Bernsteins ist herausragend, die runde Form ist schwierig zu finden. Der Calcit erg\u00e4nzt diese Farbkomposition perfekt und kann das Wachstum unterst\u00fctzen. Der Bernstein ist ein traditioneller Gesundheitsstein, wird aber seit jeher auch als Unterst\u00fctzung beim Zahnen verwendet. Das K\u00e4rtchen mit dem Wunsch \u201eGute Gesundheit und sei besch\u00fctzt!\u201c,&#8230; <a class=\"more-link\" href=\"https:\/\/www.benevolenti.com\/de\/produkt\/babykette-bernstein-deluxe\/\">Mehr<\/a><\/p>\n","protected":false},"featured_media":18789,"comment_status":"open","ping_status":"closed","template":"","meta":[],"product_brand":[],"product_cat":[138,650],"product_tag":[639,620],"class_list":{"0":"post-18781","1":"product","2":"type-product","3":"status-publish","4":"has-post-thumbnail","6":"product_cat-geburt-taufe","7":"product_cat-geburt-taufe-konf","8":"product_tag-bernstein","9":"product_tag-calcit","11":"first","12":"instock","13":"shipping-taxable","14":"purchasable","15":"product-type-variable"},"jetpack_sharing_enabled":true,"_links":{"self":[{"href":"https:\/\/www.benevolenti.com\/de\/wp-json\/wp\/v2\/product\/18781","targetHints":{"allow":["GET"]}}],"collection":[{"href":"https:\/\/www.benevolenti.com\/de\/wp-json\/wp\/v2\/product"}],"about":[{"href":"https:\/\/www.benevolenti.com\/de\/wp-json\/wp\/v2\/types\/product"}],"replies":[{"embeddable":true,"href":"https:\/\/www.benevolenti.com\/de\/wp-json\/wp\/v2\/comments?post=18781"}],"wp:featuredmedia":[{"embeddable":true,"href":"https:\/\/www.benevolenti.com\/de\/wp-json\/wp\/v2\/media\/18789"}],"wp:attachment":[{"href":"https:\/\/www.benevolenti.com\/de\/wp-json\/wp\/v2\/media?parent=18781"}],"wp:term":[{"taxonomy":"product_brand","embeddable":true,"href":"https:\/\/www.benevolenti.com\/de\/wp-json\/wp\/v2\/product_brand?post=18781"},{"taxonomy":"product_cat","embeddable":true,"href":"https:\/\/www.benevolenti.com\/de\/wp-json\/wp\/v2\/product_cat?post=18781"},{"taxonomy":"product_tag","embeddable":true,"href":"https:\/\/www.benevolenti.com\/de\/wp-json\/wp\/v2\/product_tag?post=18781"}],"curies":[{"name":"wp","href":"https:\/\/api.w.org\/{rel}","templated":true}]}}