{"id":18740,"date":"2022-09-08T15:15:41","date_gmt":"2022-09-08T13:15:41","guid":{"rendered":"https:\/\/www.benevolenti.com\/?post_type=product&#038;p=18740"},"modified":"2025-01-24T10:55:21","modified_gmt":"2025-01-24T09:55:21","slug":"seide-the-force","status":"publish","type":"product","link":"https:\/\/www.benevolenti.com\/de\/produkt\/seide-the-force\/","title":{"rendered":"SEIDE The Force"},"content":{"rendered":"<p>Eine handrollierte, handgef\u00e4rbte Naturseide &#8211; von mir zur Kordel gedreht und zum Armband gekn\u00fcpft. Eine Moosachat Kugel und ein Perlentropfen erg\u00e4nzen das Schmuckst\u00fcck.<\/p>\n<p>Moosachat st\u00e4rkt bei Ersch\u00f6pfung, schenkt Erholung und befreit von \u00c4ngsten. Perlen lassen Kraft aus sich selber sch\u00f6pfen.<\/p>\n<p>Wunsch und Wirkung auf handgeschriebener Karte, gerne auch mit pers\u00f6nlicher Widmung als Geschenk.<\/p>\n","protected":false},"excerpt":{"rendered":"<p>Eine handrollierte, handgef\u00e4rbte Naturseide &#8211; von mir zur Kordel gedreht und zum Armband gekn\u00fcpft. Eine Moosachat Kugel und ein Perlentropfen erg\u00e4nzen das Schmuckst\u00fcck. Moosachat st\u00e4rkt bei Ersch\u00f6pfung, schenkt Erholung und befreit von \u00c4ngsten. Perlen lassen Kraft aus sich selber sch\u00f6pfen. Wunsch und Wirkung auf handgeschriebener Karte, gerne auch mit pers\u00f6nlicher&#8230; <a class=\"more-link\" href=\"https:\/\/www.benevolenti.com\/de\/produkt\/seide-the-force\/\">Mehr<\/a><\/p>\n","protected":false},"featured_media":21546,"comment_status":"open","ping_status":"closed","template":"","meta":[],"product_brand":[],"product_cat":[590,336],"product_tag":[617,630],"class_list":{"0":"post-18740","1":"product","2":"type-product","3":"status-publish","4":"has-post-thumbnail","6":"product_cat-hoffnungzuversicht","7":"product_cat-seide","8":"product_tag-moosachat","9":"product_tag-perle","11":"first","12":"instock","13":"shipping-taxable","14":"purchasable","15":"product-type-variable"},"jetpack_sharing_enabled":true,"_links":{"self":[{"href":"https:\/\/www.benevolenti.com\/de\/wp-json\/wp\/v2\/product\/18740","targetHints":{"allow":["GET"]}}],"collection":[{"href":"https:\/\/www.benevolenti.com\/de\/wp-json\/wp\/v2\/product"}],"about":[{"href":"https:\/\/www.benevolenti.com\/de\/wp-json\/wp\/v2\/types\/product"}],"replies":[{"embeddable":true,"href":"https:\/\/www.benevolenti.com\/de\/wp-json\/wp\/v2\/comments?post=18740"}],"wp:featuredmedia":[{"embeddable":true,"href":"https:\/\/www.benevolenti.com\/de\/wp-json\/wp\/v2\/media\/21546"}],"wp:attachment":[{"href":"https:\/\/www.benevolenti.com\/de\/wp-json\/wp\/v2\/media?parent=18740"}],"wp:term":[{"taxonomy":"product_brand","embeddable":true,"href":"https:\/\/www.benevolenti.com\/de\/wp-json\/wp\/v2\/product_brand?post=18740"},{"taxonomy":"product_cat","embeddable":true,"href":"https:\/\/www.benevolenti.com\/de\/wp-json\/wp\/v2\/product_cat?post=18740"},{"taxonomy":"product_tag","embeddable":true,"href":"https:\/\/www.benevolenti.com\/de\/wp-json\/wp\/v2\/product_tag?post=18740"}],"curies":[{"name":"wp","href":"https:\/\/api.w.org\/{rel}","templated":true}]}}